    {"id":77,"date":"2025-06-27T17:32:54","date_gmt":"2025-06-27T17:32:54","guid":{"rendered":"https:\/\/wibnax.com\/?page_id=77"},"modified":"2025-11-24T20:48:03","modified_gmt":"2025-11-24T20:48:03","slug":"privacy-policy","status":"publish","type":"page","link":"https:\/\/wibnax.com\/vi\/privacy-policy\/","title":{"rendered":"Ch\u00ednh s\u00e1ch b\u1ea3o m\u1eadt"},"content":{"rendered":"<p>Quy\u1ec1n ri\u00eang t\u01b0 c\u1ee7a b\u1ea1n r\u1ea5t quan tr\u1ecdng \u0111\u1ed1i v\u1edbi ch\u00fang t\u00f4i. <strong>WIBNAX c\u1ee7a<\/strong> ch\u00ednh s\u00e1ch t\u00f4n tr\u1ecdng quy\u1ec1n ri\u00eang t\u01b0 c\u1ee7a b\u1ea1n li\u00ean quan \u0111\u1ebfn b\u1ea5t k\u1ef3 th\u00f4ng tin n\u00e0o ch\u00fang t\u00f4i c\u00f3 th\u1ec3 thu th\u1eadp t\u1eeb b\u1ea1n tr\u00ean trang web c\u1ee7a ch\u00fang t\u00f4i, <strong>WIBNAX<\/strong>v\u00e0 c\u00e1c trang web kh\u00e1c m\u00e0 ch\u00fang t\u00f4i s\u1edf h\u1eefu v\u00e0 \u0111i\u1ec1u h\u00e0nh.<\/p>\n\n\n\n<p>Ch\u00fang t\u00f4i ch\u1ec9 y\u00eau c\u1ea7u th\u00f4ng tin c\u00e1 nh\u00e2n khi ch\u00fang t\u00f4i th\u1ef1c s\u1ef1 c\u1ea7n \u0111\u1ec3 cung c\u1ea5p d\u1ecbch v\u1ee5 cho b\u1ea1n. Ch\u00fang t\u00f4i thu th\u1eadp th\u00f4ng tin b\u1eb1ng c\u00e1c bi\u1ec7n ph\u00e1p c\u00f4ng b\u1eb1ng v\u00e0 h\u1ee3p ph\u00e1p, v\u1edbi s\u1ef1 hi\u1ec3u bi\u1ebft v\u00e0 \u0111\u1ed3ng \u00fd c\u1ee7a b\u1ea1n. Ch\u00fang t\u00f4i c\u0169ng cho b\u1ea1n bi\u1ebft l\u00fd do t\u1ea1i sao ch\u00fang t\u00f4i thu th\u1eadp th\u00f4ng tin v\u00e0 c\u00e1ch th\u1ee9c s\u1eed d\u1ee5ng th\u00f4ng tin.<\/p>\n\n\n\n<p>Ch\u00fang t\u00f4i ch\u1ec9 l\u01b0u gi\u1eef th\u00f4ng tin \u0111\u00e3 thu th\u1eadp trong th\u1eddi gian c\u1ea7n thi\u1ebft \u0111\u1ec3 cung c\u1ea5p cho b\u1ea1n d\u1ecbch v\u1ee5 b\u1ea1n y\u00eau c\u1ea7u. Ch\u00fang t\u00f4i s\u1ebd b\u1ea3o v\u1ec7 d\u1eef li\u1ec7u ch\u00fang t\u00f4i l\u01b0u tr\u1eef trong ph\u1ea1m vi c\u00f3 th\u1ec3 ch\u1ea5p nh\u1eadn \u0111\u01b0\u1ee3c v\u1ec1 m\u1eb7t th\u01b0\u01a1ng m\u1ea1i \u0111\u1ec3 ng\u0103n ng\u1eeba m\u1ea5t m\u00e1t v\u00e0 tr\u1ed9m c\u1eafp, c\u0169ng nh\u01b0 truy c\u1eadp, ti\u1ebft l\u1ed9, sao ch\u00e9p, s\u1eed d\u1ee5ng ho\u1eb7c s\u1eeda \u0111\u1ed5i tr\u00e1i ph\u00e9p.<\/p>\n\n\n\n<p>Ch\u00fang t\u00f4i kh\u00f4ng chia s\u1ebb b\u1ea5t k\u1ef3 th\u00f4ng tin nh\u1eadn d\u1ea1ng c\u00e1 nh\u00e2n n\u00e0o c\u00f4ng khai ho\u1eb7c v\u1edbi b\u00ean th\u1ee9 ba, tr\u1eeb khi ph\u00e1p lu\u1eadt y\u00eau c\u1ea7u.<\/p>\n\n\n\n<p>Trang web c\u1ee7a ch\u00fang t\u00f4i c\u00f3 th\u1ec3 li\u00ean k\u1ebft \u0111\u1ebfn c\u00e1c trang web b\u00ean ngo\u00e0i kh\u00f4ng do ch\u00fang t\u00f4i \u0111i\u1ec1u h\u00e0nh. Xin l\u01b0u \u00fd r\u1eb1ng ch\u00fang t\u00f4i kh\u00f4ng ki\u1ec3m so\u00e1t n\u1ed9i dung v\u00e0 ho\u1ea1t \u0111\u1ed9ng c\u1ee7a c\u00e1c trang web n\u00e0y v\u00e0 kh\u00f4ng th\u1ec3 ch\u1ecbu tr\u00e1ch nhi\u1ec7m ho\u1eb7c ngh\u0129a v\u1ee5 \u0111\u1ed1i v\u1edbi c\u00e1c ch\u00ednh s\u00e1ch b\u1ea3o m\u1eadt t\u01b0\u01a1ng \u1ee9ng c\u1ee7a h\u1ecd.<\/p>\n\n\n\n<p>B\u1ea1n c\u00f3 quy\u1ec1n t\u1eeb ch\u1ed1i y\u00eau c\u1ea7u cung c\u1ea5p th\u00f4ng tin c\u00e1 nh\u00e2n c\u1ee7a ch\u00fang t\u00f4i v\u1edbi s\u1ef1 hi\u1ec3u bi\u1ebft r\u1eb1ng ch\u00fang t\u00f4i c\u00f3 th\u1ec3 kh\u00f4ng th\u1ec3 cung c\u1ea5p cho b\u1ea1n m\u1ed9t s\u1ed1 d\u1ecbch v\u1ee5 m\u00e0 b\u1ea1n mong mu\u1ed1n.<\/p>\n\n\n\n<p>Vi\u1ec7c b\u1ea1n ti\u1ebfp t\u1ee5c s\u1eed d\u1ee5ng trang web c\u1ee7a ch\u00fang t\u00f4i s\u1ebd \u0111\u01b0\u1ee3c coi l\u00e0 ch\u1ea5p nh\u1eadn c\u00e1c ho\u1ea1t \u0111\u1ed9ng c\u1ee7a ch\u00fang t\u00f4i li\u00ean quan \u0111\u1ebfn quy\u1ec1n ri\u00eang t\u01b0 v\u00e0 th\u00f4ng tin c\u00e1 nh\u00e2n. N\u1ebfu b\u1ea1n c\u00f3 b\u1ea5t k\u1ef3 c\u00e2u h\u1ecfi n\u00e0o v\u1ec1 c\u00e1ch ch\u00fang t\u00f4i x\u1eed l\u00fd d\u1eef li\u1ec7u ng\u01b0\u1eddi d\u00f9ng v\u00e0 th\u00f4ng tin c\u00e1 nh\u00e2n, vui l\u00f2ng li\u00ean h\u1ec7 v\u1edbi ch\u00fang t\u00f4i.<\/p>\n\n\n\n<h1 class=\"wp-block-heading\"><strong>Ch\u00ednh s\u00e1ch Cookie cho WIBNAX<\/strong><\/h1>\n\n\n\n<p>\u0110\u00e2y l\u00e0 Ch\u00ednh s\u00e1ch Cookie cho <strong>WIBNAX<\/strong>, c\u00f3 th\u1ec3 truy c\u1eadp t\u1eeb https:\/\/wibnax.com<\/p>\n\n\n\n<h2 class=\"wp-block-heading\"><strong>Cookie l\u00e0 g\u00ec<\/strong><\/h2>\n\n\n\n<p>Nh\u01b0 th\u00f4ng l\u1ec7 chung c\u1ee7a h\u1ea7u h\u1ebft c\u00e1c trang web chuy\u00ean nghi\u1ec7p, trang web n\u00e0y s\u1eed d\u1ee5ng cookie, l\u00e0 nh\u1eefng t\u1ec7p nh\u1ecf \u0111\u01b0\u1ee3c t\u1ea3i xu\u1ed1ng m\u00e1y t\u00ednh c\u1ee7a b\u1ea1n, \u0111\u1ec3 c\u1ea3i thi\u1ec7n tr\u1ea3i nghi\u1ec7m c\u1ee7a b\u1ea1n. Trang n\u00e0y m\u00f4 t\u1ea3 th\u00f4ng tin m\u00e0 h\u1ecd thu th\u1eadp, c\u00e1ch ch\u00fang t\u00f4i s\u1eed d\u1ee5ng th\u00f4ng tin \u0111\u00f3 v\u00e0 l\u00fd do t\u1ea1i sao \u0111\u00f4i khi ch\u00fang t\u00f4i c\u1ea7n l\u01b0u tr\u1eef nh\u1eefng cookie n\u00e0y. Ch\u00fang t\u00f4i c\u0169ng s\u1ebd chia s\u1ebb c\u00e1ch b\u1ea1n c\u00f3 th\u1ec3 ng\u0103n ch\u1eb7n vi\u1ec7c l\u01b0u tr\u1eef nh\u1eefng cookie n\u00e0y\u2014tuy nhi\u00ean, \u0111i\u1ec1u n\u00e0y c\u00f3 th\u1ec3 h\u1ea1 c\u1ea5p ho\u1eb7c &#039;ph\u00e1 v\u1ee1&#039; m\u1ed9t s\u1ed1 y\u1ebfu t\u1ed1 nh\u1ea5t \u0111\u1ecbnh c\u1ee7a ch\u1ee9c n\u0103ng trang web.<\/p>\n\n\n\n<h2 class=\"wp-block-heading\"><strong>Ch\u00fang t\u00f4i s\u1eed d\u1ee5ng Cookie nh\u01b0 th\u1ebf n\u00e0o<\/strong><\/h2>\n\n\n\n<p>Ch\u00fang t\u00f4i s\u1eed d\u1ee5ng cookie v\u00ec nhi\u1ec1u l\u00fd do \u0111\u01b0\u1ee3c n\u00eau chi ti\u1ebft b\u00ean d\u01b0\u1edbi. Th\u1eadt kh\u00f4ng may, trong h\u1ea7u h\u1ebft c\u00e1c tr\u01b0\u1eddng h\u1ee3p, kh\u00f4ng c\u00f3 t\u00f9y ch\u1ecdn ti\u00eau chu\u1ea9n n\u00e0o trong ng\u00e0nh \u0111\u1ec3 v\u00f4 hi\u1ec7u h\u00f3a cookie m\u00e0 kh\u00f4ng v\u00f4 hi\u1ec7u h\u00f3a ho\u00e0n to\u00e0n ch\u1ee9c n\u0103ng v\u00e0 t\u00ednh n\u0103ng m\u00e0 ch\u00fang th\u00eam v\u00e0o trang web n\u00e0y. B\u1ea1n n\u00ean \u0111\u1ec3 l\u1ea1i t\u1ea5t c\u1ea3 cookie n\u1ebfu b\u1ea1n kh\u00f4ng ch\u1eafc ch\u1eafn li\u1ec7u m\u00ecnh c\u00f3 c\u1ea7n ch\u00fang hay kh\u00f4ng, trong tr\u01b0\u1eddng h\u1ee3p ch\u00fang \u0111\u01b0\u1ee3c s\u1eed d\u1ee5ng \u0111\u1ec3 cung c\u1ea5p d\u1ecbch v\u1ee5 m\u00e0 b\u1ea1n s\u1eed d\u1ee5ng.<\/p>\n\n\n\n<h2 class=\"wp-block-heading\"><strong>V\u00f4 hi\u1ec7u h\u00f3a Cookie<\/strong><\/h2>\n\n\n\n<p>B\u1ea1n c\u00f3 th\u1ec3 ng\u0103n ch\u1eb7n vi\u1ec7c c\u00e0i \u0111\u1eb7t cookie b\u1eb1ng c\u00e1ch \u0111i\u1ec1u ch\u1ec9nh c\u00e0i \u0111\u1eb7t tr\u00ean tr\u00ecnh duy\u1ec7t c\u1ee7a b\u1ea1n (xem ph\u1ea7n Tr\u1ee3 gi\u00fap c\u1ee7a tr\u00ecnh duy\u1ec7t \u0111\u1ec3 bi\u1ebft c\u00e1ch th\u1ef1c hi\u1ec7n vi\u1ec7c n\u00e0y). Xin l\u01b0u \u00fd r\u1eb1ng vi\u1ec7c v\u00f4 hi\u1ec7u h\u00f3a cookie s\u1ebd \u1ea3nh h\u01b0\u1edfng \u0111\u1ebfn ch\u1ee9c n\u0103ng c\u1ee7a trang web n\u00e0y v\u00e0 nhi\u1ec1u trang web kh\u00e1c m\u00e0 b\u1ea1n truy c\u1eadp. Vi\u1ec7c v\u00f4 hi\u1ec7u h\u00f3a cookie th\u01b0\u1eddng c\u0169ng s\u1ebd d\u1eabn \u0111\u1ebfn vi\u1ec7c v\u00f4 hi\u1ec7u h\u00f3a m\u1ed9t s\u1ed1 ch\u1ee9c n\u0103ng v\u00e0 t\u00ednh n\u0103ng nh\u1ea5t \u0111\u1ecbnh c\u1ee7a trang web n\u00e0y. Do \u0111\u00f3, ch\u00fang t\u00f4i khuy\u00ean b\u1ea1n kh\u00f4ng n\u00ean v\u00f4 hi\u1ec7u h\u00f3a cookie.<\/p>\n\n\n\n<h2 class=\"wp-block-heading\"><strong>C\u00e1c Cookie Ch\u00fang T\u00f4i \u0110\u1eb7t<\/strong><\/h2>\n\n\n\n<h3 class=\"wp-block-heading\"><strong>Cookie li\u00ean quan \u0111\u1ebfn t\u00e0i kho\u1ea3n<\/strong><\/h3>\n\n\n\n<p>N\u1ebfu b\u1ea1n t\u1ea1o t\u00e0i kho\u1ea3n v\u1edbi ch\u00fang t\u00f4i, ch\u00fang t\u00f4i s\u1ebd s\u1eed d\u1ee5ng cookie \u0111\u1ec3 qu\u1ea3n l\u00fd qu\u00e1 tr\u00ecnh \u0111\u0103ng k\u00fd v\u00e0 qu\u1ea3n l\u00fd chung. Nh\u1eefng cookie n\u00e0y th\u01b0\u1eddng s\u1ebd b\u1ecb x\u00f3a khi b\u1ea1n \u0111\u0103ng xu\u1ea5t. Tuy nhi\u00ean, trong m\u1ed9t s\u1ed1 tr\u01b0\u1eddng h\u1ee3p, ch\u00fang c\u00f3 th\u1ec3 v\u1eabn c\u00f2n sau \u0111\u00f3 \u0111\u1ec3 ghi nh\u1edb t\u00f9y ch\u1ecdn trang web c\u1ee7a b\u1ea1n khi \u0111\u00e3 \u0111\u0103ng xu\u1ea5t.<\/p>\n\n\n\n<h3 class=\"wp-block-heading\"><strong>Cookie li\u00ean quan \u0111\u1ebfn \u0111\u0103ng nh\u1eadp<\/strong><\/h3>\n\n\n\n<p>Ch\u00fang t\u00f4i s\u1eed d\u1ee5ng cookie khi b\u1ea1n \u0111\u0103ng nh\u1eadp \u0111\u1ec3 ch\u00fang t\u00f4i c\u00f3 th\u1ec3 ghi nh\u1edb \u0111i\u1ec1u n\u00e0y. \u0110i\u1ec1u n\u00e0y gi\u00fap b\u1ea1n kh\u00f4ng ph\u1ea3i \u0111\u0103ng nh\u1eadp m\u1ed7i l\u1ea7n b\u1ea1n truy c\u1eadp m\u1ed9t trang m\u1edbi. Nh\u1eefng cookie n\u00e0y th\u01b0\u1eddng b\u1ecb x\u00f3a ho\u1eb7c x\u00f3a khi b\u1ea1n \u0111\u0103ng xu\u1ea5t \u0111\u1ec3 \u0111\u1ea3m b\u1ea3o r\u1eb1ng b\u1ea1n ch\u1ec9 c\u00f3 th\u1ec3 truy c\u1eadp c\u00e1c t\u00ednh n\u0103ng v\u00e0 khu v\u1ef1c b\u1ecb h\u1ea1n ch\u1ebf khi \u0111\u00e3 \u0111\u0103ng nh\u1eadp.<\/p>\n\n\n\n<h3 class=\"wp-block-heading\"><strong>Cookie li\u00ean quan \u0111\u1ebfn b\u1ea3n tin email<\/strong><\/h3>\n\n\n\n<p>Trang web n\u00e0y cung c\u1ea5p d\u1ecbch v\u1ee5 \u0111\u0103ng k\u00fd nh\u1eadn b\u1ea3n tin ho\u1eb7c email v\u00e0 cookie c\u00f3 th\u1ec3 \u0111\u01b0\u1ee3c s\u1eed d\u1ee5ng \u0111\u1ec3 ghi nh\u1edb xem b\u1ea1n \u0111\u00e3 \u0111\u0103ng k\u00fd hay ch\u01b0a v\u00e0 c\u00f3 n\u00ean hi\u1ec3n th\u1ecb m\u1ed9t s\u1ed1 th\u00f4ng b\u00e1o nh\u1ea5t \u0111\u1ecbnh hay kh\u00f4ng, nh\u1eefng th\u00f4ng b\u00e1o n\u00e0y ch\u1ec9 c\u00f3 gi\u00e1 tr\u1ecb \u0111\u1ed1i v\u1edbi ng\u01b0\u1eddi d\u00f9ng \u0111\u00e3 \u0111\u0103ng k\u00fd ho\u1eb7c ch\u01b0a \u0111\u0103ng k\u00fd.<\/p>\n\n\n\n<h3 class=\"wp-block-heading\"><strong>Cookie li\u00ean quan \u0111\u1ebfn x\u1eed l\u00fd \u0111\u01a1n h\u00e0ng<\/strong><\/h3>\n\n\n\n<p>M\u1eb7c d\u00f9 Wibnax hi\u1ec7n kh\u00f4ng cung c\u1ea5p th\u01b0\u01a1ng m\u1ea1i \u0111i\u1ec7n t\u1eed, nh\u01b0ng n\u1ebfu ch\u00fang t\u00f4i th\u00eam t\u00ednh n\u0103ng \u0111\u00f3 trong t\u01b0\u01a1ng lai, cookie s\u1ebd \u0111\u01b0\u1ee3c s\u1eed d\u1ee5ng \u0111\u1ec3 \u0111\u1ea3m b\u1ea3o \u0111\u01a1n h\u00e0ng c\u1ee7a b\u1ea1n \u0111\u01b0\u1ee3c ghi nh\u1edb gi\u1eefa c\u00e1c trang \u0111\u1ec3 ch\u00fang t\u00f4i c\u00f3 th\u1ec3 x\u1eed l\u00fd \u0111\u00fang c\u00e1ch.<\/p>\n\n\n\n<h3 class=\"wp-block-heading\"><strong>Cookie li\u00ean quan \u0111\u1ebfn kh\u1ea3o s\u00e1t<\/strong><\/h3>\n\n\n\n<p>Th\u1ec9nh tho\u1ea3ng, ch\u00fang t\u00f4i cung c\u1ea5p c\u00e1c cu\u1ed9c kh\u1ea3o s\u00e1t v\u00e0 b\u1ea3ng c\u00e2u h\u1ecfi c\u1ee7a ng\u01b0\u1eddi d\u00f9ng \u0111\u1ec3 cung c\u1ea5p cho b\u1ea1n th\u00f4ng tin chi ti\u1ebft, c\u00f4ng c\u1ee5 h\u1eefu \u00edch ho\u1eb7c hi\u1ec3u r\u00f5 h\u01a1n v\u1ec1 \u0111\u1ed1i t\u01b0\u1ee3ng c\u1ee7a ch\u00fang t\u00f4i. C\u00e1c cu\u1ed9c kh\u1ea3o s\u00e1t n\u00e0y c\u00f3 th\u1ec3 s\u1eed d\u1ee5ng cookie \u0111\u1ec3 ghi nh\u1edb nh\u1eefng ng\u01b0\u1eddi \u0111\u00e3 tham gia ho\u1eb7c \u0111\u1ec3 cung c\u1ea5p k\u1ebft qu\u1ea3 ch\u00ednh x\u00e1c sau khi b\u1ea1n thay \u0111\u1ed5i trang.<\/p>\n\n\n\n<h3 class=\"wp-block-heading\"><strong>Cookie li\u00ean quan \u0111\u1ebfn bi\u1ec3u m\u1eabu<\/strong><\/h3>\n\n\n\n<p>Khi b\u1ea1n g\u1eedi d\u1eef li\u1ec7u th\u00f4ng qua bi\u1ec3u m\u1eabu, ch\u1eb3ng h\u1ea1n nh\u01b0 d\u1eef li\u1ec7u tr\u00ean trang li\u00ean h\u1ec7 ho\u1eb7c ph\u1ea7n b\u00ecnh lu\u1eadn, cookie c\u00f3 th\u1ec3 \u0111\u01b0\u1ee3c thi\u1ebft l\u1eadp \u0111\u1ec3 ghi nh\u1edb th\u00f4ng tin ng\u01b0\u1eddi d\u00f9ng c\u1ee7a b\u1ea1n cho nh\u1eefng l\u1ea7n trao \u0111\u1ed5i sau.<\/p>\n\n\n\n<h3 class=\"wp-block-heading\"><strong>Cookie t\u00f9y ch\u1ecdn trang web<\/strong><\/h3>\n\n\n\n<p>\u0110\u1ec3 cung c\u1ea5p cho b\u1ea1n tr\u1ea3i nghi\u1ec7m tuy\u1ec7t v\u1eddi, ch\u00fang t\u00f4i k\u00edch ho\u1ea1t ch\u1ee9c n\u0103ng thi\u1ebft l\u1eadp t\u00f9y ch\u1ecdn c\u1ee7a b\u1ea1n v\u1ec1 c\u00e1ch trang web n\u00e0y ch\u1ea1y khi b\u1ea1n s\u1eed d\u1ee5ng. \u0110\u1ec3 ghi nh\u1edb t\u00f9y ch\u1ecdn c\u1ee7a b\u1ea1n, ch\u00fang t\u00f4i c\u1ea7n thi\u1ebft l\u1eadp cookie \u0111\u1ec3 th\u00f4ng tin n\u00e0y c\u00f3 th\u1ec3 \u0111\u01b0\u1ee3c thu h\u1ed3i b\u1ea5t c\u1ee9 khi n\u00e0o b\u1ea1n t\u01b0\u01a1ng t\u00e1c v\u1edbi trang b\u1ecb \u1ea3nh h\u01b0\u1edfng b\u1edfi c\u00e0i \u0111\u1eb7t c\u1ee7a b\u1ea1n.<\/p>\n\n\n\n<h2 class=\"wp-block-heading\"><strong>Cookie c\u1ee7a b\u00ean th\u1ee9 ba<\/strong><\/h2>\n\n\n\n<p>Trong m\u1ed9t s\u1ed1 tr\u01b0\u1eddng h\u1ee3p \u0111\u1eb7c bi\u1ec7t, ch\u00fang t\u00f4i c\u0169ng s\u1eed d\u1ee5ng cookie do b\u00ean th\u1ee9 ba \u0111\u00e1ng tin c\u1eady cung c\u1ea5p. Ph\u1ea7n b\u00ean d\u01b0\u1edbi n\u00eau chi ti\u1ebft v\u1ec1 c\u00e1c cookie c\u1ee7a b\u00ean th\u1ee9 ba m\u00e0 b\u1ea1n c\u00f3 th\u1ec3 g\u1eb7p ph\u1ea3i th\u00f4ng qua trang web n\u00e0y:<\/p>\n\n\n\n<ul>\n<li><strong>Google Ph\u00e2n t\u00edch<\/strong><br>Trang web n\u00e0y s\u1eed d\u1ee5ng Google Analytics, m\u1ed9t trong nh\u1eefng gi\u1ea3i ph\u00e1p ph\u00e2n t\u00edch ph\u1ed5 bi\u1ebfn v\u00e0 \u0111\u00e1ng tin c\u1eady nh\u1ea5t tr\u00ean web, \u0111\u1ec3 gi\u00fap ch\u00fang t\u00f4i hi\u1ec3u c\u00e1ch b\u1ea1n s\u1eed d\u1ee5ng trang web v\u00e0 c\u00e1ch ch\u00fang t\u00f4i c\u00f3 th\u1ec3 c\u1ea3i thi\u1ec7n tr\u1ea3i nghi\u1ec7m c\u1ee7a b\u1ea1n. C\u00e1c cookie n\u00e0y c\u00f3 th\u1ec3 theo d\u00f5i nh\u1eefng th\u00f4ng tin nh\u01b0 th\u1eddi gian b\u1ea1n d\u00e0nh cho trang web v\u00e0 c\u00e1c trang b\u1ea1n truy c\u1eadp.<br>\u0110\u1ec3 bi\u1ebft th\u00eam th\u00f4ng tin v\u1ec1 cookie c\u1ee7a Google Analytics, h\u00e3y xem <a>trang ch\u00ednh th\u1ee9c c\u1ee7a Google Analytics<\/a>.<\/li>\n\n\n\n<li><strong>Ph\u00e2n t\u00edch c\u1ee7a b\u00ean th\u1ee9 ba<\/strong><br>Nh\u1eefng cookie n\u00e0y \u0111\u01b0\u1ee3c s\u1eed d\u1ee5ng \u0111\u1ec3 theo d\u00f5i v\u00e0 \u0111o l\u01b0\u1eddng m\u1ee9c \u0111\u1ed9 s\u1eed d\u1ee5ng trang web n\u00e0y \u0111\u1ec3 ch\u00fang t\u00f4i c\u00f3 th\u1ec3 ti\u1ebfp t\u1ee5c t\u1ea1o ra n\u1ed9i dung c\u00f3 li\u00ean quan. Nh\u1eefng cookie n\u00e0y c\u00f3 th\u1ec3 theo d\u00f5i th\u1eddi gian b\u1ea1n d\u00e0nh tr\u00ean trang web ho\u1eb7c nh\u1eefng trang b\u1ea1n truy c\u1eadp, gi\u00fap ch\u00fang t\u00f4i hi\u1ec3u c\u00e1ch ph\u1ee5c v\u1ee5 b\u1ea1n t\u1ed1t h\u01a1n.<\/li>\n\n\n\n<li><strong>Ki\u1ec3m tra c\u00e1c t\u00ednh n\u0103ng m\u1edbi<\/strong><br>Th\u1ec9nh tho\u1ea3ng, ch\u00fang t\u00f4i th\u1eed nghi\u1ec7m c\u00e1c t\u00ednh n\u0103ng m\u1edbi v\u00e0 th\u1ef1c hi\u1ec7n nh\u1eefng thay \u0111\u1ed5i tinh t\u1ebf \u0111\u1ed1i v\u1edbi c\u00e1ch ph\u00e2n ph\u1ed1i trang web. Cookie c\u00f3 th\u1ec3 \u0111\u01b0\u1ee3c s\u1eed d\u1ee5ng \u0111\u1ec3 \u0111\u1ea3m b\u1ea3o b\u1ea1n nh\u1eadn \u0111\u01b0\u1ee3c tr\u1ea3i nghi\u1ec7m nh\u1ea5t qu\u00e1n v\u00e0 gi\u00fap ch\u00fang t\u00f4i hi\u1ec3u \u0111\u01b0\u1ee3c nh\u1eefng t\u1ed1i \u01b0u h\u00f3a n\u00e0o m\u00e0 ng\u01b0\u1eddi d\u00f9ng \u0111\u00e1nh gi\u00e1 cao nh\u1ea5t.<\/li>\n\n\n\n<li><strong>Theo d\u00f5i chuy\u1ec3n \u0111\u1ed5i<\/strong><br>N\u1ebfu ch\u00fang t\u00f4i ch\u1ea1y b\u1ea5t k\u1ef3 h\u00ecnh th\u1ee9c qu\u1ea3ng c\u00e1o ho\u1eb7c khuy\u1ebfn m\u1ea1i s\u1ea3n ph\u1ea9m n\u00e0o, c\u00e1c cookie n\u00e0y gi\u00fap ch\u00fang t\u00f4i hi\u1ec3u \u0111\u01b0\u1ee3c c\u00f3 bao nhi\u00eau kh\u00e1ch truy c\u1eadp th\u1ef1c s\u1ef1 t\u01b0\u01a1ng t\u00e1c ho\u1eb7c chuy\u1ec3n \u0111\u1ed5i th\u00f4ng qua n\u1ed9i dung \u0111\u00f3. \u0110i\u1ec1u n\u00e0y gi\u00fap ch\u00fang t\u00f4i \u0111\u01b0a ra quy\u1ebft \u0111\u1ecbnh s\u00e1ng su\u1ed1t \u0111\u1ec3 t\u1ed1i \u01b0u h\u00f3a n\u1ed9i dung v\u00e0 tr\u1ea3i nghi\u1ec7m c\u1ee7a ng\u01b0\u1eddi d\u00f9ng.<\/li>\n\n\n\n<li><strong>Cookie m\u1ea1ng x\u00e3 h\u1ed9i<\/strong><br>Ch\u00fang t\u00f4i c\u00f3 th\u1ec3 t\u00edch h\u1ee3p c\u00e1c n\u00fat ho\u1eb7c plugin ph\u01b0\u01a1ng ti\u1ec7n truy\u1ec1n th\u00f4ng x\u00e3 h\u1ed9i cho ph\u00e9p b\u1ea1n k\u1ebft n\u1ed1i v\u1edbi m\u1ea1ng l\u01b0\u1edbi c\u1ee7a m\u00ecnh. \u0110\u1ec3 nh\u1eefng th\u1ee9 n\u00e0y ho\u1ea1t \u0111\u1ed9ng, c\u00e1c n\u1ec1n t\u1ea3ng x\u00e3 h\u1ed9i nh\u01b0 <strong>Instagram<\/strong>, <strong>Pinterest<\/strong>, ho\u1eb7c <strong>Twitter\/X<\/strong> c\u00f3 th\u1ec3 thi\u1ebft l\u1eadp cookie th\u00f4ng qua trang web c\u1ee7a ch\u00fang t\u00f4i. Nh\u1eefng cookie n\u00e0y c\u00f3 th\u1ec3 \u0111\u01b0\u1ee3c s\u1eed d\u1ee5ng \u0111\u1ec3 n\u00e2ng cao h\u1ed3 s\u01a1 c\u1ee7a b\u1ea1n ho\u1eb7c \u0111\u00f3ng g\u00f3p v\u00e0o ch\u00ednh s\u00e1ch ph\u00e2n t\u00edch v\u00e0 thu th\u1eadp d\u1eef li\u1ec7u c\u1ee7a ri\u00eang h\u1ecd.<\/li>\n<\/ul>\n\n\n\n<h3 class=\"wp-block-heading\">Qu\u1ea3ng c\u00e1o (Google AdSense) &amp; L\u1ef1a ch\u1ecdn c\u1ee7a b\u1ea1n<\/h3>\n\n\n\n<p>Trang web n\u00e0y s\u1eed d\u1ee5ng Google AdSense \u0111\u1ec3 hi\u1ec3n th\u1ecb qu\u1ea3ng c\u00e1o. Google v\u00e0 c\u00e1c \u0111\u1ed1i t\u00e1c c\u1ee7a Google c\u00f3 th\u1ec3 s\u1eed d\u1ee5ng cookie ho\u1eb7c c\u00e1c c\u00f4ng ngh\u1ec7 kh\u00e1c \u0111\u1ec3 ph\u00e2n ph\u1ed1i, \u0111o l\u01b0\u1eddng v\u00e0 c\u00e1 nh\u00e2n h\u00f3a qu\u1ea3ng c\u00e1o d\u1ef1a tr\u00ean l\u01b0\u1ee3t truy c\u1eadp c\u1ee7a b\u1ea1n v\u00e0o trang web n\u00e0y v\u00e0 c\u00e1c trang web kh\u00e1c.<\/p>\n\n\n\n<p>\u0110\u1ec3 t\u00ecm hi\u1ec3u c\u00e1ch Google s\u1eed d\u1ee5ng d\u1eef li\u1ec7u t\u1eeb c\u00e1c trang web v\u00e0 \u1ee9ng d\u1ee5ng s\u1eed d\u1ee5ng d\u1ecbch v\u1ee5 c\u1ee7a m\u00ecnh, h\u00e3y truy c\u1eadp:<br><a href=\"https:\/\/policies.google.com\/technologies\/partner-sites\">https:\/\/policies.google.com\/technologies\/partner-sites<\/a><\/p>\n\n\n\n<p><strong>T\u1eeb ch\u1ed1i qu\u1ea3ng c\u00e1o \u0111\u01b0\u1ee3c c\u00e1 nh\u00e2n h\u00f3a:<\/strong><br>B\u1ea1n c\u00f3 th\u1ec3 t\u1eeb ch\u1ed1i qu\u1ea3ng c\u00e1o \u0111\u01b0\u1ee3c c\u00e1 nh\u00e2n h\u00f3a t\u1eeb Google b\u1eb1ng c\u00e1ch truy c\u1eadp <strong><a href=\"https:\/\/adssettings.google.com\/\">C\u00e0i \u0111\u1eb7t qu\u1ea3ng c\u00e1o (Trung t\u00e2m qu\u1ea3ng c\u00e1o c\u1ee7a t\u00f4i)<\/a><\/strong>.<br>Ngo\u00e0i ra, b\u1ea1n c\u00f3 th\u1ec3 t\u1eeb ch\u1ed1i qu\u1ea3ng c\u00e1o d\u1ef1a tr\u00ean s\u1edf th\u00edch t\u1eeb nhi\u1ec1u nh\u00e0 cung c\u1ea5p qu\u1ea3ng c\u00e1o kh\u00e1c b\u1eb1ng c\u00e1ch truy c\u1eadp <strong><a href=\"https:\/\/www.aboutads.info\/choices\/\">AboutAds.info\/choices<\/a><\/strong>.<\/p>\n\n\n\n<p>L\u01b0u \u00fd: Ngay c\u1ea3 khi b\u1ea1n ch\u1ecdn kh\u00f4ng tham gia, b\u1ea1n v\u1eabn s\u1ebd th\u1ea5y qu\u1ea3ng c\u00e1o, nh\u01b0ng ch\u00fang c\u00f3 th\u1ec3 \u00edt li\u00ean quan \u0111\u1ebfn s\u1edf th\u00edch c\u1ee7a b\u1ea1n.<\/p>\n\n\n\n<h2 class=\"wp-block-heading\"><\/h2>\n\n\n\n<h2 class=\"wp-block-heading\"><strong>Th\u00f4ng tin th\u00eam<\/strong><\/h2>\n\n\n\n<p>Hy v\u1ecdng l\u00e0 \u0111i\u1ec1u \u0111\u00f3 \u0111\u00e3 l\u00e0m s\u00e1ng t\u1ecf m\u1ecdi th\u1ee9 cho b\u1ea1n. Nh\u01b0 \u0111\u00e3 \u0111\u1ec1 c\u1eadp tr\u01b0\u1edbc \u0111\u00f3, n\u1ebfu c\u00f3 \u0111i\u1ec1u g\u00ec \u0111\u00f3 b\u1ea1n kh\u00f4ng ch\u1eafc ch\u1eafn, th\u00ec n\u00f3i chung s\u1ebd an to\u00e0n h\u01a1n n\u1ebfu \u0111\u1ec3 cookie \u0111\u01b0\u1ee3c b\u1eadt trong tr\u01b0\u1eddng h\u1ee3p ch\u00fang t\u01b0\u01a1ng t\u00e1c v\u1edbi m\u1ed9t t\u00ednh n\u0103ng b\u1ea1n s\u1eed d\u1ee5ng.<\/p>\n\n\n\n<p>N\u1ebfu b\u1ea1n c\u00f3 th\u1eafc m\u1eafc ho\u1eb7c lo ng\u1ea1i v\u1ec1 ch\u00ednh s\u00e1ch n\u00e0y ho\u1eb7c d\u1eef li\u1ec7u c\u1ee7a m\u00ecnh, b\u1ea1n c\u00f3 th\u1ec3 li\u00ean h\u1ec7 t\u1ea1i:<br> <strong><a>li\u00ean h\u1ec7@wibnax.com<\/a><\/strong><\/p>\n\n\n\n<p>Ch\u00ednh s\u00e1ch n\u00e0y c\u00f3 hi\u1ec7u l\u1ef1c k\u1ec3 t\u1eeb <strong>Th\u00e1ng 6 n\u0103m 2025<\/strong>.<\/p>","protected":false},"excerpt":{"rendered":"<p>Quy\u1ec1n ri\u00eang t\u01b0 c\u1ee7a b\u1ea1n r\u1ea5t quan tr\u1ecdng \u0111\u1ed1i v\u1edbi ch\u00fang t\u00f4i. Ch\u00ednh s\u00e1ch c\u1ee7a WIBNAX l\u00e0 t\u00f4n tr\u1ecdng quy\u1ec1n ri\u00eang t\u01b0 c\u1ee7a b\u1ea1n li\u00ean quan \u0111\u1ebfn b\u1ea5t k\u1ef3 th\u00f4ng tin n\u00e0o ch\u00fang t\u00f4i c\u00f3 th\u1ec3 thu th\u1eadp t\u1eeb b\u1ea1n tr\u00ean trang web c\u1ee7a ch\u00fang t\u00f4i, WIBNAX, v\u00e0 c\u00e1c trang web kh\u00e1c m\u00e0 ch\u00fang t\u00f4i s\u1edf h\u1eefu v\u00e0 v\u1eadn h\u00e0nh. Ch\u00fang t\u00f4i ch\u1ec9 y\u00eau c\u1ea7u th\u00f4ng tin c\u00e1 nh\u00e2n khi th\u1ef1c s\u1ef1 c\u1ea7n thi\u1ebft \u0111\u1ec3 cung c\u1ea5p d\u1ecbch v\u1ee5 cho b\u1ea1n. Ch\u00fang t\u00f4i thu th\u1eadp th\u00f4ng tin m\u1ed9t c\u00e1ch c\u00f4ng b\u1eb1ng [\u2026]<\/p>","protected":false},"author":198,"featured_media":0,"parent":0,"menu_order":0,"comment_status":"closed","ping_status":"closed","template":"","meta":{"footnotes":""},"_links":{"self":[{"href":"https:\/\/wibnax.com\/vi\/wp-json\/wp\/v2\/pages\/77"}],"collection":[{"href":"https:\/\/wibnax.com\/vi\/wp-json\/wp\/v2\/pages"}],"about":[{"href":"https:\/\/wibnax.com\/vi\/wp-json\/wp\/v2\/types\/page"}],"author":[{"embeddable":true,"href":"https:\/\/wibnax.com\/vi\/wp-json\/wp\/v2\/users\/198"}],"replies":[{"embeddable":true,"href":"https:\/\/wibnax.com\/vi\/wp-json\/wp\/v2\/comments?post=77"}],"version-history":[{"count":3,"href":"https:\/\/wibnax.com\/vi\/wp-json\/wp\/v2\/pages\/77\/revisions"}],"predecessor-version":[{"id":685,"href":"https:\/\/wibnax.com\/vi\/wp-json\/wp\/v2\/pages\/77\/revisions\/685"}],"wp:attachment":[{"href":"https:\/\/wibnax.com\/vi\/wp-json\/wp\/v2\/media?parent=77"}],"curies":[{"name":"wp","href":"https:\/\/api.w.org\/{rel}","templated":true}]}}