    {"id":75,"date":"2025-06-27T17:30:37","date_gmt":"2025-06-27T17:30:37","guid":{"rendered":"https:\/\/wibnax.com\/?page_id=75"},"modified":"2025-11-24T20:47:28","modified_gmt":"2025-11-24T20:47:28","slug":"contact","status":"publish","type":"page","link":"https:\/\/wibnax.com\/vi\/contact\/","title":{"rendered":"Li\u00ean h\u1ec7"},"content":{"rendered":"<p>C\u1ea3m \u01a1n b\u1ea1n \u0111\u00e3 gh\u00e9 th\u0103m <strong>Wibnax<\/strong>, \u0111i\u1ec3m \u0111\u1ebfn c\u1ee7a b\u1ea1n cho s\u1ef1 s\u00e1ng t\u1ea1o \u1ea9m th\u1ef1c, hi\u1ec3u bi\u1ebft v\u1ec1 th\u1ef1c ph\u1ea9m v\u00e0 kh\u00e1m ph\u00e1 h\u01b0\u01a1ng v\u1ecb k\u1ef9 thu\u1eadt s\u1ed1. Ch\u00fang t\u00f4i \u0111\u00e1nh gi\u00e1 cao s\u1ef1 quan t\u00e2m c\u1ee7a b\u1ea1n v\u00e0 \u1edf \u0111\u00e2y \u0111\u1ec3 k\u1ebft n\u1ed1i, h\u1ee3p t\u00e1c v\u00e0 n\u1ea5u nh\u1eefng \u00fd t\u01b0\u1edfng m\u1edbi c\u00f9ng b\u1ea1n.<\/p>\n\n\n\n<h3 class=\"wp-block-heading\"><strong>Y\u00eau c\u1ea7u chung<\/strong><\/h3>\n\n\n\n<p>B\u1ea1n c\u00f3 th\u1eafc m\u1eafc v\u1ec1 Wibnax ho\u1eb7c ch\u1ec9 mu\u1ed1n ch\u00e0o h\u1ecfi? H\u00e3y g\u1eedi cho ch\u00fang t\u00f4i m\u1ed9t d\u00f2ng t\u1ea1i <strong>li\u00ean h\u1ec7@wibnax.com<\/strong><br>Ch\u00fang t\u00f4i r\u1ea5t mong nh\u1eadn \u0111\u01b0\u1ee3c \u00fd ki\u1ebfn \u0111\u00f3ng g\u00f3p t\u1eeb nh\u1eefng ng\u01b0\u1eddi \u0111am m\u00ea \u1ea9m th\u1ef1c v\u00e0 s\u1ebd ph\u1ea3n h\u1ed3i s\u1edbm nh\u1ea5t c\u00f3 th\u1ec3.<\/p>\n\n\n\n<h3 class=\"wp-block-heading\"><strong>\u0110\u1ec1 xu\u1ea5t &amp; \u0111\u00f3ng g\u00f3p n\u1ed9i dung<\/strong><\/h3>\n\n\n\n<p>B\u1ea1n c\u00f3 g\u00f3c nh\u00ecn \u0111\u1ed9c \u0111\u00e1o v\u1ec1 th\u1ef1c ph\u1ea9m, c\u00f4ng ngh\u1ec7 ho\u1eb7c v\u0103n h\u00f3a \u1ea9m th\u1ef1c? B\u1ea1n mu\u1ed1n gi\u1edbi thi\u1ec7u m\u1ed9t b\u00e0i vi\u1ebft ho\u1eb7c \u0111\u1ec1 xu\u1ea5t m\u1ed9t ch\u1ee7 \u0111\u1ec1 m\u00e0 ch\u00fang ta n\u00ean kh\u00e1m ph\u00e1? H\u00e3y li\u00ean h\u1ec7 v\u1edbi ch\u00fang t\u00f4i t\u1ea1i <strong>li\u00ean h\u1ec7@wibnax.com<\/strong><br>Ch\u00fang t\u00f4i lu\u00f4n ch\u00e0o \u0111\u00f3n nh\u1eefng \u00fd t\u01b0\u1edfng t\u00e1o b\u1ea1o v\u00e0 ti\u1ebfng n\u00f3i m\u1edbi th\u00e1ch th\u1ee9c nh\u1eefng \u0111i\u1ec1u b\u00ecnh th\u01b0\u1eddng.<\/p>\n\n\n\n<h3 class=\"wp-block-heading\"><strong>H\u1ed7 tr\u1ee3 k\u1ef9 thu\u1eadt<\/strong><\/h3>\n\n\n\n<p>B\u1ea1n \u0111ang g\u1eb7p b\u1ea5t k\u1ef3 v\u1ea5n \u0111\u1ec1 n\u00e0o v\u1edbi trang web ho\u1eb7c quy\u1ec1n truy c\u1eadp n\u1ed9i dung? H\u00e3y cho ch\u00fang t\u00f4i bi\u1ebft t\u1ea1i <strong>li\u00ean h\u1ec7@wibnax.com<\/strong><br>Ch\u00fang t\u00f4i s\u1ebd c\u1ed1 g\u1eafng h\u1ebft s\u1ee9c \u0111\u1ec3 gi\u1ea3i quy\u1ebft m\u1ecdi tr\u1ee5c tr\u1eb7c v\u00e0 gi\u00fap b\u1ea1n ti\u1ebfp t\u1ee5c \u0111\u1ecdc, h\u1ecdc v\u00e0 s\u00e1ng t\u1ea1o.<\/p>\n\n\n\n<h3 class=\"wp-block-heading\"><strong>Gi\u1eef k\u1ebft n\u1ed1i<\/strong><\/h3>\n\n\n\n<p>Wibnax l\u00e0 \u1ea5n ph\u1ea9m s\u1ed1 \u0111\u1ea7u ti\u00ean c\u00f3 \u0111\u1ed1i t\u01b0\u1ee3ng \u0111\u1ed9c gi\u1ea3 to\u00e0n c\u1ea7u. Ch\u00fang t\u00f4i kh\u00f4ng c\u00f3 v\u0103n ph\u00f2ng th\u1ef1c t\u1ebf, nh\u01b0ng ch\u00fang t\u00f4i lu\u00f4n tr\u1ef1c tuy\u1ebfn \u2014 s\u1eb5n s\u00e0ng tham gia, ph\u00e1t tri\u1ec3n v\u00e0 c\u00f9ng nhau x\u00e2y d\u1ef1ng m\u1ed9t \u0111i\u1ec1u g\u00ec \u0111\u00f3 h\u1ea5p d\u1eabn.<\/p>\n\n\n\n<p>C\u1ea3m \u01a1n b\u1ea1n m\u1ed9t l\u1ea7n n\u1eefa v\u00ec \u0111\u00e3 gh\u00e9 th\u0103m. Ch\u00fang t\u00f4i r\u1ea5t mong nh\u1eadn \u0111\u01b0\u1ee3c ph\u1ea3n h\u1ed3i t\u1eeb b\u1ea1n!<\/p>\n\n\n\n<p><strong>Tr\u00e2n tr\u1ecdng,<\/strong><br><em>\u0110\u1ed9i ng\u0169 Wibnax<\/em><\/p>","protected":false},"excerpt":{"rendered":"<p>Thank you for visiting Wibnax, your destination for culinary creativity, food insights, and digital flavor exploration. We appreciate your interest and are here to connect, collaborate, and cook up new ideas with you. General Inquiries Got a question about Wibnax or just want to say hello? Drop us a line at contact@wibnax.comWe love hearing from [&hellip;]<\/p>","protected":false},"author":198,"featured_media":0,"parent":0,"menu_order":0,"comment_status":"closed","ping_status":"closed","template":"","meta":{"footnotes":""},"_links":{"self":[{"href":"https:\/\/wibnax.com\/vi\/wp-json\/wp\/v2\/pages\/75"}],"collection":[{"href":"https:\/\/wibnax.com\/vi\/wp-json\/wp\/v2\/pages"}],"about":[{"href":"https:\/\/wibnax.com\/vi\/wp-json\/wp\/v2\/types\/page"}],"author":[{"embeddable":true,"href":"https:\/\/wibnax.com\/vi\/wp-json\/wp\/v2\/users\/198"}],"replies":[{"embeddable":true,"href":"https:\/\/wibnax.com\/vi\/wp-json\/wp\/v2\/comments?post=75"}],"version-history":[{"count":2,"href":"https:\/\/wibnax.com\/vi\/wp-json\/wp\/v2\/pages\/75\/revisions"}],"predecessor-version":[{"id":684,"href":"https:\/\/wibnax.com\/vi\/wp-json\/wp\/v2\/pages\/75\/revisions\/684"}],"wp:attachment":[{"href":"https:\/\/wibnax.com\/vi\/wp-json\/wp\/v2\/media?parent=75"}],"curies":[{"name":"wp","href":"https:\/\/api.w.org\/{rel}","templated":true}]}}