    {"id":73,"date":"2025-06-27T17:29:56","date_gmt":"2025-06-27T17:29:56","guid":{"rendered":"https:\/\/wibnax.com\/?page_id=73"},"modified":"2025-11-24T20:47:06","modified_gmt":"2025-11-24T20:47:06","slug":"about-us","status":"publish","type":"page","link":"https:\/\/wibnax.com\/vi\/about-us\/","title":{"rendered":"Gi\u1edbi thi\u1ec7u v\u1ec1 ch\u00fang t\u00f4i"},"content":{"rendered":"<h1 class=\"wp-block-heading\"><strong>Gi\u1edbi thi\u1ec7u v\u1ec1 ch\u00fang t\u00f4i<\/strong><\/h1>\n\n\n\n<p><strong>Ch\u00e0o m\u1eebng \u0111\u1ebfn v\u1edbi Wibnax<\/strong> \u2013 kh\u00f4ng gian s\u00e1ng t\u1ea1o c\u1ee7a b\u1ea1n \u0111\u1ec3 kh\u00e1m ph\u00e1 \u1ea9m th\u1ef1c, \u0111\u1ed5i m\u1edbi s\u00e1ng t\u1ea1o v\u00e0 t\u00ecm ki\u1ebfm c\u1ea3m h\u1ee9ng \u1ea9m th\u1ef1c. D\u00f9 b\u1ea1n l\u00e0 m\u1ed9t \u0111\u1ea7u b\u1ebfp n\u1ed9i tr\u1ee3 \u0111\u1ea7y nhi\u1ec7t huy\u1ebft, m\u1ed9t \u0111\u1ea7u b\u1ebfp \u0111\u1ea7y tham v\u1ecdng, m\u1ed9t ng\u01b0\u1eddi \u0111am m\u00ea c\u00f4ng ngh\u1ec7 th\u1ef1c ph\u1ea9m, hay \u0111\u01a1n gi\u1ea3n l\u00e0 m\u1ed9t ng\u01b0\u1eddi y\u00eau th\u00edch v\u0103n h\u00f3a \u1ea9m th\u1ef1c, Wibnax lu\u00f4n s\u1eb5n s\u00e0ng kh\u01a1i g\u1ee3i tr\u00ed t\u00f2 m\u00f2 c\u1ee7a b\u1ea1n.<\/p>\n\n\n\n<h2 class=\"wp-block-heading\"><strong>\u0110i\u1ec1u g\u00ec th\u00fac \u0111\u1ea9y ch\u00fang ta<\/strong><\/h2>\n\n\n\n<p>T\u1ea1i Wibnax, ch\u00fang t\u00f4i tin r\u1eb1ng \u1ea9m th\u1ef1c kh\u00f4ng ch\u1ec9 l\u00e0 ngu\u1ed3n dinh d\u01b0\u1ee1ng \u2014 \u0111\u00f3 l\u00e0 m\u1ed9t ng\u00f4n ng\u1eef, m\u1ed9t tr\u1ea3i nghi\u1ec7m, v\u00e0 l\u00e0 m\u1ed9t c\u00f4ng c\u1ee5 m\u1ea1nh m\u1ebd \u0111\u1ec3 k\u1ebft n\u1ed1i, s\u00e1ng t\u1ea1o v\u00e0 x\u00e2y d\u1ef1ng b\u1ea3n s\u1eafc v\u0103n h\u00f3a. S\u1ee9 m\u1ec7nh c\u1ee7a ch\u00fang t\u00f4i l\u00e0 kh\u00e1m ph\u00e1 s\u1ef1 giao thoa gi\u1eefa n\u1ea5u \u0103n, c\u00f4ng ngh\u1ec7, t\u00ednh b\u1ec1n v\u1eefng v\u00e0 v\u0103n h\u00f3a b\u1eb1ng c\u00e1ch chia s\u1ebb nh\u1eefng b\u00e0i vi\u1ebft s\u00e2u s\u1eafc, \u00fd t\u01b0\u1edfng m\u1edbi m\u1ebb v\u00e0 nh\u1eefng m\u1eb9o th\u1ef1c t\u1ebf kh\u01a1i ngu\u1ed3n s\u00e1ng t\u1ea1o trong nh\u00e0 b\u1ebfp v\u00e0 h\u01a1n th\u1ebf n\u1eefa.<\/p>\n\n\n\n<p>Ch\u00fang t\u00f4i \u0111\u00e0o s\u00e2u v\u00e0o th\u1ebf gi\u1edbi c\u00f4ng ngh\u1ec7 th\u1ef1c ph\u1ea9m, dinh d\u01b0\u1ee1ng v\u00e0 th\u1ef1c h\u00e0nh b\u1ec1n v\u1eefng \u0111ang ph\u00e1t tri\u1ec3n, cho th\u1ea5y c\u00e1ch c\u00e1c c\u00f4ng c\u1ee5 hi\u1ec7n \u0111\u1ea1i, khoa h\u1ecdc v\u00e0 l\u1ef1a ch\u1ecdn s\u00e1ng su\u1ed1t \u0111\u1ecbnh h\u00ecnh t\u01b0\u01a1ng lai c\u1ee7a nh\u1eefng g\u00ec ch\u00fang ta \u0103n. Ch\u00fang t\u00f4i t\u00f4n vinh tr\u00ed t\u01b0\u1edfng t\u01b0\u1ee3ng \u1ea9m th\u1ef1c v\u00e0 mong mu\u1ed1n truy\u1ec1n c\u1ea3m h\u1ee9ng cho \u0111\u1ed9c gi\u1ea3 th\u1eed nghi\u1ec7m, h\u1ecdc h\u1ecfi, kh\u00e1m ph\u00e1 c\u00e1c truy\u1ec1n th\u1ed1ng \u1ea9m th\u1ef1c v\u00e0 suy ngh\u0129 kh\u00e1c bi\u1ec7t v\u1ec1 h\u1ec7 th\u1ed1ng th\u1ef1c ph\u1ea9m xung quanh ch\u00fang ta.<\/p>\n\n\n\n<h2 class=\"wp-block-heading\"><strong>Ch\u00fang t\u00f4i l\u00e0 ai<\/strong><\/h2>\n\n\n\n<p>Ch\u00fang t\u00f4i l\u00e0 m\u1ed9t t\u1eadp th\u1ec3 g\u1ed3m nh\u1eefng ng\u01b0\u1eddi y\u00eau \u1ea9m th\u1ef1c, nh\u1eefng ng\u01b0\u1eddi t\u01b0 duy k\u1ef9 thu\u1eadt s\u1ed1, nh\u1eefng ng\u01b0\u1eddi kh\u00e1m ph\u00e1 \u1ea9m th\u1ef1c v\u00e0 nh\u1eefng c\u00e2y b\u00fat s\u00e1ng t\u1ea1o, nh\u1eefng ng\u01b0\u1eddi tin r\u1eb1ng n\u1ed9i dung \u1ea9m th\u1ef1c c\u1ea7n ph\u1ea3i s\u00e2u s\u1eafc, h\u1ea5p d\u1eabn v\u00e0 v\u01b0\u1ee3t qua m\u1ecdi gi\u1edbi h\u1ea1n. Wibnax ra \u0111\u1eddi t\u1eeb mong mu\u1ed1n k\u1ebft h\u1ee3p k\u1ec3 chuy\u1ec7n v\u1edbi khoa h\u1ecdc, ngh\u1ec7 thu\u1eadt v\u1edbi c\u1ea3m gi\u00e1c ngon mi\u1ec7ng \u2014 bi\u1ebfn m\u1ed7i b\u00e0i vi\u1ebft th\u00e0nh m\u1ed9t h\u00e0nh tr\u00ecnh kh\u00e1m ph\u00e1 h\u01b0\u01a1ng v\u1ecb, v\u0103n h\u00f3a, c\u00f4ng ngh\u1ec7 v\u00e0 \u00fd ngh\u0129a.<\/p>\n\n\n\n<p>Cho d\u00f9 ch\u00fang t\u00f4i \u0111ang ph\u00e2n t\u00edch c\u00e1c xu h\u01b0\u1edbng \u1ea9m th\u1ef1c, kh\u00e1m ph\u00e1 c\u00e1c ph\u01b0\u01a1ng ph\u00e1p \u1ea9m th\u1ef1c to\u00e0n c\u1ea7u, chia s\u1ebb hi\u1ec3u bi\u1ebft v\u1ec1 dinh d\u01b0\u1ee1ng, t\u00ecm hi\u1ec3u s\u00e2u v\u1ec1 c\u00e1c k\u1ef9 thu\u1eadt n\u1ea5u n\u01b0\u1edbng hay kh\u00e1m ph\u00e1 nh\u1eefng \u0111\u1ed5i m\u1edbi l\u00e0m thay \u0111\u1ed5i c\u00e1ch s\u1ea3n xu\u1ea5t v\u00e0 th\u01b0\u1edfng th\u1ee9c th\u1ef1c ph\u1ea9m, m\u1ee5c ti\u00eau c\u1ee7a ch\u00fang t\u00f4i l\u00e0 cung c\u1ea5p n\u1ed9i dung v\u1eeba ngon mi\u1ec7ng, v\u1eeba d\u1ec5 hi\u1ec3u.<\/p>\n\n\n\n<h2 class=\"wp-block-heading\"><strong>Tham gia<\/strong><\/h2>\n\n\n\n<p>B\u1ea1n c\u00f3 c\u00f4ng th\u1ee9c n\u00e0o ph\u00e1 v\u1ee1 quy t\u1eafc kh\u00f4ng? M\u1ed9t kh\u00e1m ph\u00e1 v\u1ec1 c\u00f4ng ngh\u1ec7 th\u1ef1c ph\u1ea9m? M\u1ed9t truy\u1ec1n th\u1ed1ng b\u1ea1n mu\u1ed1n chia s\u1ebb? M\u1ed9t m\u1eb9o v\u1eb7t b\u1ec1n v\u1eefng hay m\u1ed9t c\u00e2u chuy\u1ec7n b\u1ea1n mu\u1ed1n k\u1ec3? Ch\u00fang t\u00f4i r\u1ea5t mong \u0111\u01b0\u1ee3c l\u1eafng nghe \u00fd ki\u1ebfn c\u1ee7a b\u1ea1n. Wibnax ph\u00e1t tri\u1ec3n m\u1ea1nh m\u1ebd nh\u1edd ti\u1ebfng n\u00f3i c\u1ed9ng \u0111\u1ed3ng v\u00e0 nh\u1eefng quan \u0111i\u1ec3m \u0111a d\u1ea1ng \u2014 b\u1edfi v\u00ec nh\u1eefng \u00fd t\u01b0\u1edfng tuy\u1ec7t v\u1eddi c\u00f3 th\u1ec3 \u0111\u1ebfn t\u1eeb b\u1ea5t c\u1ee9 \u0111\u00e2u.<\/p>\n\n\n\n<p>H\u00e3y c\u00f9ng nhau kh\u00e1m ph\u00e1 th\u1ebf gi\u1edbi \u1ea9m th\u1ef1c \u2014 qua t\u1eebng b\u00e0i \u0111\u0103ng, t\u1eebng m\u00f3n \u0103n, t\u1eebng \u00fd t\u01b0\u1edfng.<\/p>","protected":false},"excerpt":{"rendered":"<p>About Us Welcome to Wibnax \u2013 your creative space for food exploration, culinary innovation, and edible inspiration. Whether you\u2019re a passionate home cook, an aspiring chef, a foodtech enthusiast, or simply someone who loves food culture, Wibnax is here to feed your curiosity. What drives us At Wibnax, we believe that food is more than [&hellip;]<\/p>","protected":false},"author":198,"featured_media":0,"parent":0,"menu_order":0,"comment_status":"closed","ping_status":"closed","template":"","meta":{"footnotes":""},"_links":{"self":[{"href":"https:\/\/wibnax.com\/vi\/wp-json\/wp\/v2\/pages\/73"}],"collection":[{"href":"https:\/\/wibnax.com\/vi\/wp-json\/wp\/v2\/pages"}],"about":[{"href":"https:\/\/wibnax.com\/vi\/wp-json\/wp\/v2\/types\/page"}],"author":[{"embeddable":true,"href":"https:\/\/wibnax.com\/vi\/wp-json\/wp\/v2\/users\/198"}],"replies":[{"embeddable":true,"href":"https:\/\/wibnax.com\/vi\/wp-json\/wp\/v2\/comments?post=73"}],"version-history":[{"count":2,"href":"https:\/\/wibnax.com\/vi\/wp-json\/wp\/v2\/pages\/73\/revisions"}],"predecessor-version":[{"id":683,"href":"https:\/\/wibnax.com\/vi\/wp-json\/wp\/v2\/pages\/73\/revisions\/683"}],"wp:attachment":[{"href":"https:\/\/wibnax.com\/vi\/wp-json\/wp\/v2\/media?parent=73"}],"curies":[{"name":"wp","href":"https:\/\/api.w.org\/{rel}","templated":true}]}}