    {"id":77,"date":"2025-06-27T17:32:54","date_gmt":"2025-06-27T17:32:54","guid":{"rendered":"https:\/\/wibnax.com\/?page_id=77"},"modified":"2025-11-24T20:48:03","modified_gmt":"2025-11-24T20:48:03","slug":"privacy-policy","status":"publish","type":"page","link":"https:\/\/wibnax.com\/tr\/privacy-policy\/","title":{"rendered":"Gizlilik Politikas\u0131"},"content":{"rendered":"<p>Gizlili\u011finiz bizim i\u00e7in \u00f6nemlidir. <strong>WIBNAX&#039;\u0131n<\/strong> web sitemiz \u00fczerinden sizden toplayabilece\u011fimiz her t\u00fcrl\u00fc bilgiyle ilgili olarak gizlili\u011finize sayg\u0131 g\u00f6sterme politikas\u0131, <strong>WIBNAX<\/strong>ve sahip oldu\u011fumuz ve i\u015fletti\u011fimiz di\u011fer siteler.<\/p>\n\n\n\n<p>Ki\u015fisel bilgilerinizi yaln\u0131zca size bir hizmet sunmak i\u00e7in ger\u00e7ekten ihtiya\u00e7 duydu\u011fumuzda isteriz. Bilgileri adil ve yasal yollarla, bilginiz ve izninizle topluyoruz. Ayr\u0131ca, bilgilerinizi neden toplad\u0131\u011f\u0131m\u0131z\u0131 ve nas\u0131l kullan\u0131laca\u011f\u0131n\u0131 da size bildiriyoruz.<\/p>\n\n\n\n<p>Toplad\u0131\u011f\u0131m\u0131z bilgileri yaln\u0131zca talep etti\u011finiz hizmeti size sunmak i\u00e7in gereken s\u00fcre boyunca sakl\u0131yoruz. Saklad\u0131\u011f\u0131m\u0131z verileri, ticari olarak kabul edilebilir ko\u015fullar alt\u0131nda koruyarak, kaybolma ve \u00e7al\u0131nmay\u0131, ayr\u0131ca yetkisiz eri\u015fimi, if\u015fay\u0131, kopyalamay\u0131, kullan\u0131m\u0131 veya de\u011fi\u015fikli\u011fi \u00f6nleyece\u011fiz.<\/p>\n\n\n\n<p>Yasalarca zorunlu k\u0131l\u0131nmad\u0131\u011f\u0131 s\u00fcrece, ki\u015fisel olarak tan\u0131mlay\u0131c\u0131 hi\u00e7bir bilgiyi kamuoyuyla veya \u00fc\u00e7\u00fcnc\u00fc taraflarla payla\u015fm\u0131yoruz.<\/p>\n\n\n\n<p>Web sitemiz, taraf\u0131m\u0131zca i\u015fletilmeyen harici sitelere ba\u011flant\u0131 verebilir. Bu sitelerin i\u00e7erik ve uygulamalar\u0131 \u00fczerinde hi\u00e7bir kontrol\u00fcm\u00fcz olmad\u0131\u011f\u0131n\u0131 ve ilgili gizlilik politikalar\u0131ndan sorumlu tutulamayaca\u011f\u0131m\u0131z\u0131 l\u00fctfen unutmay\u0131n.<\/p>\n\n\n\n<p>\u0130stedi\u011finiz hizmetlerin bir k\u0131sm\u0131n\u0131 size sa\u011flayamayabilece\u011fimizi bilerek, ki\u015fisel bilgilerinizle ilgili talebimizi reddetmekte \u00f6zg\u00fcrs\u00fcn\u00fcz.<\/p>\n\n\n\n<p>Web sitemizi kullanmaya devam etmeniz, gizlilik ve ki\u015fisel bilgilerle ilgili uygulamalar\u0131m\u0131z\u0131 kabul etti\u011finiz anlam\u0131na gelecektir. Kullan\u0131c\u0131 verilerini ve ki\u015fisel bilgileri nas\u0131l i\u015fledi\u011fimiz konusunda herhangi bir sorunuz varsa, bizimle ileti\u015fime ge\u00e7mekten \u00e7ekinmeyin.<\/p>\n\n\n\n<h1 class=\"wp-block-heading\"><strong>WIBNAX i\u00e7in \u00c7erez Politikas\u0131<\/strong><\/h1>\n\n\n\n<p>Bu, \u00c7erez Politikas\u0131d\u0131r <strong>WIBNAX<\/strong>, https:\/\/wibnax.com adresinden eri\u015filebilir<\/p>\n\n\n\n<h2 class=\"wp-block-heading\"><strong>\u00c7erezler Nelerdir?<\/strong><\/h2>\n\n\n\n<p>Hemen hemen t\u00fcm profesyonel web sitelerinde yayg\u0131n bir uygulama oldu\u011fu gibi, bu site de deneyiminizi iyile\u015ftirmek i\u00e7in bilgisayar\u0131n\u0131za indirilen k\u00fc\u00e7\u00fck dosyalar olan \u00e7erezler kullanmaktad\u0131r. Bu sayfada, \u00e7erezlerin hangi bilgileri toplad\u0131\u011f\u0131, bunlar\u0131 nas\u0131l kulland\u0131\u011f\u0131m\u0131z ve bazen neden bu \u00e7erezleri depolamam\u0131z gerekti\u011fi a\u00e7\u0131klanmaktad\u0131r. Ayr\u0131ca, bu \u00e7erezlerin depolanmas\u0131n\u0131 nas\u0131l engelleyebilece\u011finizi de payla\u015faca\u011f\u0131z; ancak bu, sitenin i\u015flevselli\u011finin belirli unsurlar\u0131n\u0131 azaltabilir veya &quot;bozabilir&quot;.<\/p>\n\n\n\n<h2 class=\"wp-block-heading\"><strong>\u00c7erezleri Nas\u0131l Kullan\u0131yoruz<\/strong><\/h2>\n\n\n\n<p>A\u015fa\u011f\u0131da ayr\u0131nt\u0131l\u0131 olarak a\u00e7\u0131klanan \u00e7e\u015fitli nedenlerle \u00e7erez kullan\u0131yoruz. Ne yaz\u0131k ki \u00e7o\u011fu durumda, \u00e7erezleri devre d\u0131\u015f\u0131 b\u0131rakmak i\u00e7in, bu siteye sa\u011flad\u0131klar\u0131 i\u015flevsellik ve \u00f6zellikleri tamamen devre d\u0131\u015f\u0131 b\u0131rakmadan kullanabilece\u011finiz standart bir se\u00e7enek bulunmamaktad\u0131r. Kulland\u0131\u011f\u0131n\u0131z bir hizmeti sa\u011flamak i\u00e7in kullan\u0131lmalar\u0131 durumunda, \u00e7erezlere ihtiyac\u0131n\u0131z olup olmad\u0131\u011f\u0131ndan emin de\u011filseniz, t\u00fcm \u00e7erezleri etkin b\u0131rakman\u0131z \u00f6nerilir.<\/p>\n\n\n\n<h2 class=\"wp-block-heading\"><strong>\u00c7erezleri Devre D\u0131\u015f\u0131 B\u0131rakma<\/strong><\/h2>\n\n\n\n<p>Taray\u0131c\u0131n\u0131zdaki ayarlar\u0131 d\u00fczenleyerek \u00e7erezlerin ayarlanmas\u0131n\u0131 engelleyebilirsiniz (bunun nas\u0131l yap\u0131laca\u011f\u0131n\u0131 \u00f6\u011frenmek i\u00e7in taray\u0131c\u0131n\u0131z\u0131n Yard\u0131m b\u00f6l\u00fcm\u00fcne bak\u0131n). \u00c7erezleri devre d\u0131\u015f\u0131 b\u0131rakman\u0131n, bu ve ziyaret etti\u011finiz di\u011fer bir\u00e7ok web sitesinin i\u015flevselli\u011fini etkileyece\u011fini unutmay\u0131n. \u00c7erezleri devre d\u0131\u015f\u0131 b\u0131rakmak genellikle bu sitenin belirli i\u015flev ve \u00f6zelliklerinin de devre d\u0131\u015f\u0131 kalmas\u0131na neden olur. Bu nedenle, \u00e7erezleri devre d\u0131\u015f\u0131 b\u0131rakmaman\u0131z \u00f6nerilir.<\/p>\n\n\n\n<h2 class=\"wp-block-heading\"><strong>Ayarlad\u0131\u011f\u0131m\u0131z \u00c7erezler<\/strong><\/h2>\n\n\n\n<h3 class=\"wp-block-heading\"><strong>Hesapla ilgili \u00e7erezler<\/strong><\/h3>\n\n\n\n<p>Bizimle bir hesap olu\u015fturursan\u0131z, kay\u0131t s\u00fcrecinin y\u00f6netimi ve genel y\u00f6netim i\u00e7in \u00e7erezler kullanaca\u011f\u0131z. Bu \u00e7erezler genellikle oturumunuzu kapatt\u0131\u011f\u0131n\u0131zda silinir. Ancak baz\u0131 durumlarda, oturumunuzu kapatt\u0131\u011f\u0131n\u0131zda site tercihlerinizi hat\u0131rlamak i\u00e7in daha sonra da kalabilirler.<\/p>\n\n\n\n<h3 class=\"wp-block-heading\"><strong>Giri\u015fle ilgili \u00e7erezler<\/strong><\/h3>\n\n\n\n<p>Oturum a\u00e7t\u0131\u011f\u0131n\u0131zda bunu hat\u0131rlayabilmemiz i\u00e7in \u00e7erezler kullan\u0131r\u0131z. Bu, her yeni sayfay\u0131 ziyaret etti\u011finizde tekrar oturum a\u00e7man\u0131z\u0131 engeller. Bu \u00e7erezler genellikle oturumunuzu kapatt\u0131\u011f\u0131n\u0131zda silinir veya temizlenir; b\u00f6ylece yaln\u0131zca oturum a\u00e7t\u0131\u011f\u0131n\u0131zda k\u0131s\u0131tl\u0131 \u00f6zelliklere ve alanlara eri\u015febilirsiniz.<\/p>\n\n\n\n<h3 class=\"wp-block-heading\"><strong>E-posta b\u00fclteniyle ilgili \u00e7erezler<\/strong><\/h3>\n\n\n\n<p>Bu site haber b\u00fclteni veya e-posta aboneli\u011fi hizmetleri sunmaktad\u0131r ve daha \u00f6nce kay\u0131tl\u0131 olup olmad\u0131\u011f\u0131n\u0131z\u0131 hat\u0131rlamak ve yaln\u0131zca abone olan veya olmayan kullan\u0131c\u0131lar i\u00e7in ge\u00e7erli olabilecek belirli bildirimlerin g\u00f6sterilip g\u00f6sterilmeyece\u011fini belirlemek i\u00e7in \u00e7erezler kullan\u0131labilir.<\/p>\n\n\n\n<h3 class=\"wp-block-heading\"><strong>Sipari\u015f i\u015flemeyle ilgili \u00e7erezler<\/strong><\/h3>\n\n\n\n<p>Wibnax \u015fu anda e-ticaret hizmeti sunmasa da, gelecekte bu \u00f6zelli\u011fi eklersek, sipari\u015finizin sayfalar aras\u0131nda hat\u0131rlanmas\u0131n\u0131 ve d\u00fczg\u00fcn bir \u015fekilde i\u015flenmesini sa\u011flamak i\u00e7in \u00e7erezler kullan\u0131lacakt\u0131r.<\/p>\n\n\n\n<h3 class=\"wp-block-heading\"><strong>Anketle ilgili \u00e7erezler<\/strong><\/h3>\n\n\n\n<p>Zaman zaman, size i\u00e7g\u00f6r\u00fcler, faydal\u0131 ara\u00e7lar sa\u011flamak veya hedef kitlemizi daha iyi anlamak i\u00e7in kullan\u0131c\u0131 anketleri ve soru formlar\u0131 sunuyoruz. Bu anketler, daha \u00f6nce kimlerin kat\u0131ld\u0131\u011f\u0131n\u0131 hat\u0131rlamak veya sayfalar\u0131 de\u011fi\u015ftirdi\u011finizde do\u011fru sonu\u00e7lar sa\u011flamak i\u00e7in \u00e7erezler kullanabilir.<\/p>\n\n\n\n<h3 class=\"wp-block-heading\"><strong>Formlarla ilgili \u00e7erezler<\/strong><\/h3>\n\n\n\n<p>\u0130leti\u015fim sayfalar\u0131 veya yorum b\u00f6l\u00fcmleri gibi bir form arac\u0131l\u0131\u011f\u0131yla veri g\u00f6nderdi\u011finizde, gelecekteki yaz\u0131\u015fmalar i\u00e7in kullan\u0131c\u0131 bilgilerinizi hat\u0131rlamak \u00fczere \u00e7erezler ayarlanabilir.<\/p>\n\n\n\n<h3 class=\"wp-block-heading\"><strong>Site tercihleri \u00e7erezleri<\/strong><\/h3>\n\n\n\n<p>Size harika bir deneyim sunmak i\u00e7in, bu siteyi kulland\u0131\u011f\u0131n\u0131zda sitenin nas\u0131l \u00e7al\u0131\u015faca\u011f\u0131na ili\u015fkin tercihlerinizi ayarlaman\u0131za olanak tan\u0131yan i\u015flevselli\u011fi etkinle\u015ftiriyoruz. Tercihlerinizi hat\u0131rlamak i\u00e7in, ayarlar\u0131n\u0131zdan etkilenen bir sayfayla etkile\u015fim kurdu\u011funuzda bu bilgilerin hat\u0131rlanabilmesini sa\u011flayacak \u00e7erezler ayarlamam\u0131z gerekiyor.<\/p>\n\n\n\n<h2 class=\"wp-block-heading\"><strong>\u00dc\u00e7\u00fcnc\u00fc Taraf \u00c7erezleri<\/strong><\/h2>\n\n\n\n<p>Baz\u0131 \u00f6zel durumlarda, g\u00fcvenilir \u00fc\u00e7\u00fcnc\u00fc taraflarca sa\u011flanan \u00e7erezleri de kullan\u0131yoruz. A\u015fa\u011f\u0131daki b\u00f6l\u00fcm, bu site arac\u0131l\u0131\u011f\u0131yla kar\u015f\u0131la\u015fabilece\u011finiz \u00fc\u00e7\u00fcnc\u00fc taraf \u00e7erezlerini ayr\u0131nt\u0131l\u0131 olarak a\u00e7\u0131klamaktad\u0131r:<\/p>\n\n\n\n<ul>\n<li><strong>Google Analytics<\/strong><br>Bu site, siteyi nas\u0131l kulland\u0131\u011f\u0131n\u0131z\u0131 ve deneyiminizi nas\u0131l iyile\u015ftirebilece\u011fimizi anlamam\u0131za yard\u0131mc\u0131 olmak i\u00e7in web&#039;deki en yayg\u0131n ve g\u00fcvenilir analiz \u00e7\u00f6z\u00fcmlerinden biri olan Google Analytics&#039;i kullan\u0131r. Bu \u00e7erezler, sitede ne kadar zaman ge\u00e7irdi\u011finiz ve ziyaret etti\u011finiz sayfalar gibi bilgileri izleyebilir.<br>Google Analytics \u00e7erezleri hakk\u0131nda daha fazla bilgi i\u00e7in bkz. <a>resmi Google Analytics sayfas\u0131<\/a>.<\/li>\n\n\n\n<li><strong>\u00dc\u00e7\u00fcnc\u00fc taraf analizleri<\/strong><br>Bunlar, ilgili i\u00e7erik \u00fcretmeye devam edebilmemiz i\u00e7in bu sitenin kullan\u0131m\u0131n\u0131 izlemek ve \u00f6l\u00e7mek amac\u0131yla kullan\u0131l\u0131r. Bu \u00e7erezler, sitede ne kadar zaman ge\u00e7irdi\u011finizi veya hangi sayfalar\u0131 ziyaret etti\u011finizi izleyerek size daha iyi hizmet vermemizi sa\u011flayabilir.<\/li>\n\n\n\n<li><strong>Yeni \u00f6zellikleri test etme<\/strong><br>Zaman zaman yeni \u00f6zellikleri test ediyor ve sitenin sunulma bi\u00e7iminde k\u00fc\u00e7\u00fck de\u011fi\u015fiklikler yap\u0131yoruz. Tutarl\u0131 bir deneyim ya\u015faman\u0131z\u0131 sa\u011flamak ve kullan\u0131c\u0131lar\u0131n en \u00e7ok hangi optimizasyonlar\u0131 be\u011fendi\u011fini anlamam\u0131za yard\u0131mc\u0131 olmak i\u00e7in \u00e7erezler kullan\u0131labilir.<\/li>\n\n\n\n<li><strong>D\u00f6n\u00fc\u015f\u00fcm izleme<\/strong><br>Herhangi bir \u00fcr\u00fcn tan\u0131t\u0131m\u0131 veya reklam\u0131 yapt\u0131\u011f\u0131m\u0131zda, bu \u00e7erezler s\u00f6z konusu i\u00e7erikle ger\u00e7ekte ka\u00e7 ziyaret\u00e7inin etkile\u015fime girdi\u011fini veya bu i\u00e7erik arac\u0131l\u0131\u011f\u0131yla d\u00f6n\u00fc\u015f\u00fcm sa\u011flad\u0131\u011f\u0131n\u0131 anlamam\u0131za yard\u0131mc\u0131 olur. Bu, i\u00e7erik ve kullan\u0131c\u0131 deneyimini optimize etmek i\u00e7in bilin\u00e7li kararlar almam\u0131za yard\u0131mc\u0131 olur.<\/li>\n\n\n\n<li><strong>Sosyal medya \u00e7erezleri<\/strong><br>A\u011f\u0131n\u0131za ba\u011flanman\u0131z\u0131 sa\u011flayacak sosyal medya d\u00fc\u011fmeleri veya eklentileri entegre edebiliriz. Bunlar\u0131n \u00e7al\u0131\u015fmas\u0131 i\u00e7in, a\u015fa\u011f\u0131daki gibi sosyal platformlar: <strong>Instagram<\/strong>, <strong>Pinterest<\/strong>, veya <strong>Twitter\/X<\/strong> Sitemiz arac\u0131l\u0131\u011f\u0131yla \u00e7erezler ayarlayabiliriz. Bu \u00e7erezler, profilinizi geli\u015ftirmek veya kendi analiz ve veri toplama politikalar\u0131na katk\u0131da bulunmak i\u00e7in kullan\u0131labilir.<\/li>\n<\/ul>\n\n\n\n<h3 class=\"wp-block-heading\">Reklamc\u0131l\u0131k (Google AdSense) ve Se\u00e7imleriniz<\/h3>\n\n\n\n<p>Bu site, reklamlar\u0131 g\u00f6r\u00fcnt\u00fclemek i\u00e7in Google AdSense&#039;i kullan\u0131r. Google ve i\u015f ortaklar\u0131, bu ve di\u011fer web sitelerine yapt\u0131\u011f\u0131n\u0131z ziyaretlere g\u00f6re reklamlar\u0131 sunmak, \u00f6l\u00e7mek ve ki\u015fiselle\u015ftirmek i\u00e7in \u00e7erezler veya di\u011fer teknolojileri kullanabilir.<\/p>\n\n\n\n<p>Google&#039;\u0131n hizmetlerini kullanan sitelerden ve uygulamalardan gelen verileri nas\u0131l kulland\u0131\u011f\u0131n\u0131 \u00f6\u011frenmek i\u00e7in \u015fu adresi ziyaret edin:<br><a href=\"https:\/\/policies.google.com\/technologies\/partner-sites\">https:\/\/policies.google.com\/technologies\/partner-sites<\/a><\/p>\n\n\n\n<p><strong>Ki\u015fiselle\u015ftirilmi\u015f reklamlardan \u00e7\u0131k\u0131\u015f:<\/strong><br>Google&#039;\u0131n ki\u015fiselle\u015ftirilmi\u015f reklamlar\u0131ndan \u00e7\u0131kmak i\u00e7in \u015fu adresi ziyaret edebilirsiniz: <strong><a href=\"https:\/\/adssettings.google.com\/\">Reklam Ayarlar\u0131 (Reklam Merkezim)<\/a><\/strong>.<br>Alternatif olarak, \u015fu adresi ziyaret ederek di\u011fer bir\u00e7ok reklam sa\u011flay\u0131c\u0131s\u0131ndan ilgi alan\u0131na dayal\u0131 reklamlar\u0131 devre d\u0131\u015f\u0131 b\u0131rakabilirsiniz: <strong><a href=\"https:\/\/www.aboutads.info\/choices\/\">AboutAds.info\/choices<\/a><\/strong>.<\/p>\n\n\n\n<p>Not: Aboneli\u011finizi iptal etseniz bile reklamlar\u0131 g\u00f6rmeye devam edersiniz, ancak bunlar ilgi alanlar\u0131n\u0131zla daha az alakal\u0131 olabilir.<\/p>\n\n\n\n<h2 class=\"wp-block-heading\"><\/h2>\n\n\n\n<h2 class=\"wp-block-heading\"><strong>Daha Fazla Bilgi<\/strong><\/h2>\n\n\n\n<p>Umar\u0131m bu sizin i\u00e7in her \u015feyi a\u00e7\u0131kl\u0131\u011fa kavu\u015fturmu\u015ftur. Daha \u00f6nce de belirtildi\u011fi gibi, emin olmad\u0131\u011f\u0131n\u0131z bir \u015fey varsa, kulland\u0131\u011f\u0131n\u0131z bir \u00f6zellik ile etkile\u015fime girmeleri ihtimaline kar\u015f\u0131 \u00e7erezleri etkin b\u0131rakmak genellikle daha g\u00fcvenlidir.<\/p>\n\n\n\n<p>Bu politika veya verilerinizle ilgili sorular\u0131n\u0131z veya endi\u015feleriniz varsa \u015fu adresten bize ula\u015fabilirsiniz:<br> <strong><a>ileti\u015fim@wibnax.com<\/a><\/strong><\/p>\n\n\n\n<p>Bu politika \u015fu tarihten itibaren ge\u00e7erlidir: <strong>Haziran 2025<\/strong>.<\/p>","protected":false},"excerpt":{"rendered":"<p>Your privacy is important to us. It is WIBNAX\u2019s policy to respect your privacy regarding any information we may collect from you across our website, WIBNAX, and other sites we own and operate. We only ask for personal information when we truly need it to provide a service to you. We collect it by fair [&hellip;]<\/p>","protected":false},"author":198,"featured_media":0,"parent":0,"menu_order":0,"comment_status":"closed","ping_status":"closed","template":"","meta":{"footnotes":""},"_links":{"self":[{"href":"https:\/\/wibnax.com\/tr\/wp-json\/wp\/v2\/pages\/77"}],"collection":[{"href":"https:\/\/wibnax.com\/tr\/wp-json\/wp\/v2\/pages"}],"about":[{"href":"https:\/\/wibnax.com\/tr\/wp-json\/wp\/v2\/types\/page"}],"author":[{"embeddable":true,"href":"https:\/\/wibnax.com\/tr\/wp-json\/wp\/v2\/users\/198"}],"replies":[{"embeddable":true,"href":"https:\/\/wibnax.com\/tr\/wp-json\/wp\/v2\/comments?post=77"}],"version-history":[{"count":3,"href":"https:\/\/wibnax.com\/tr\/wp-json\/wp\/v2\/pages\/77\/revisions"}],"predecessor-version":[{"id":685,"href":"https:\/\/wibnax.com\/tr\/wp-json\/wp\/v2\/pages\/77\/revisions\/685"}],"wp:attachment":[{"href":"https:\/\/wibnax.com\/tr\/wp-json\/wp\/v2\/media?parent=77"}],"curies":[{"name":"wp","href":"https:\/\/api.w.org\/{rel}","templated":true}]}}