    {"id":75,"date":"2025-06-27T17:30:37","date_gmt":"2025-06-27T17:30:37","guid":{"rendered":"https:\/\/wibnax.com\/?page_id=75"},"modified":"2025-11-24T20:47:28","modified_gmt":"2025-11-24T20:47:28","slug":"contact","status":"publish","type":"page","link":"https:\/\/wibnax.com\/tr\/contact\/","title":{"rendered":"Temas etmek"},"content":{"rendered":"<p>Ziyaretiniz i\u00e7in te\u015fekk\u00fcr ederiz <strong>Wibnax<\/strong>Mutfak yarat\u0131c\u0131l\u0131\u011f\u0131, yemek i\u00e7g\u00f6r\u00fcleri ve dijital lezzet ke\u015fifleri i\u00e7in adresiniz. \u0130lginizi takdir ediyor ve sizinle ba\u011flant\u0131 kurmak, i\u015f birli\u011fi yapmak ve yeni fikirler geli\u015ftirmek i\u00e7in buraday\u0131z.<\/p>\n\n\n\n<h3 class=\"wp-block-heading\"><strong>Genel Sorular<\/strong><\/h3>\n\n\n\n<p>Wibnax hakk\u0131nda bir sorunuz mu var veya sadece merhaba demek mi istiyorsunuz? Bize \u015fu numaradan yaz\u0131n: <strong>ileti\u015fim@wibnax.com<\/strong><br>G\u0131da konusunda fikir sahibi olan arkada\u015flar\u0131m\u0131z\u0131n yorumlar\u0131n\u0131 duymaktan mutluluk duyar\u0131z ve en k\u0131sa s\u00fcrede yan\u0131t verece\u011fiz.<\/p>\n\n\n\n<h3 class=\"wp-block-heading\"><strong>\u0130\u00e7erik \u00d6nerileri ve Katk\u0131lar\u0131<\/strong><\/h3>\n\n\n\n<p>Yemek, teknoloji veya mutfak k\u00fclt\u00fcr\u00fc hakk\u0131nda \u00f6zg\u00fcn bir bak\u0131\u015f a\u00e7\u0131n\u0131z m\u0131 var? Bir makale sunmak veya incelememiz gereken bir konu \u00f6nermek mi istiyorsunuz? Bize ula\u015f\u0131n: <strong>ileti\u015fim@wibnax.com<\/strong><br>S\u0131radanl\u0131\u011fa meydan okuyan cesur fikirlere ve yeni seslere her zaman a\u00e7\u0131\u011f\u0131z.<\/p>\n\n\n\n<h3 class=\"wp-block-heading\"><strong>Teknik Destek<\/strong><\/h3>\n\n\n\n<p>Site veya i\u00e7erik eri\u015fimiyle ilgili herhangi bir sorun mu ya\u015f\u0131yorsunuz? Bize \u015fu adresten bildirin: <strong>ileti\u015fim@wibnax.com<\/strong><br>Herhangi bir aksakl\u0131\u011f\u0131 gidermek ve sizi okumaya, \u00f6\u011frenmeye ve yaratmaya geri d\u00f6nd\u00fcrmek i\u00e7in elimizden geleni yapaca\u011f\u0131z.<\/p>\n\n\n\n<h3 class=\"wp-block-heading\"><strong>Ba\u011flant\u0131da Kal\u0131n<\/strong><\/h3>\n\n\n\n<p>Wibnax, k\u00fcresel bir kitleye hitap eden, dijital odakl\u0131 bir yay\u0131nd\u0131r. Fiziksel bir ofisimiz yok, ancak her zaman \u00e7evrimi\u00e7iyiz; etkile\u015fime girmeye, b\u00fcy\u00fcmeye ve birlikte lezzetli bir \u015feyler in\u015fa etmeye haz\u0131r\u0131z.<\/p>\n\n\n\n<p>Tekrar u\u011frad\u0131\u011f\u0131n\u0131z i\u00e7in te\u015fekk\u00fcrler. Sizden haber almak i\u00e7in sab\u0131rs\u0131zlan\u0131yoruz!<\/p>\n\n\n\n<p><strong>Sevgilerimle,<\/strong><br><em>Wibnax Ekibi<\/em><\/p>","protected":false},"excerpt":{"rendered":"<p>Thank you for visiting Wibnax, your destination for culinary creativity, food insights, and digital flavor exploration. We appreciate your interest and are here to connect, collaborate, and cook up new ideas with you. General Inquiries Got a question about Wibnax or just want to say hello? Drop us a line at contact@wibnax.comWe love hearing from [&hellip;]<\/p>","protected":false},"author":198,"featured_media":0,"parent":0,"menu_order":0,"comment_status":"closed","ping_status":"closed","template":"","meta":{"footnotes":""},"_links":{"self":[{"href":"https:\/\/wibnax.com\/tr\/wp-json\/wp\/v2\/pages\/75"}],"collection":[{"href":"https:\/\/wibnax.com\/tr\/wp-json\/wp\/v2\/pages"}],"about":[{"href":"https:\/\/wibnax.com\/tr\/wp-json\/wp\/v2\/types\/page"}],"author":[{"embeddable":true,"href":"https:\/\/wibnax.com\/tr\/wp-json\/wp\/v2\/users\/198"}],"replies":[{"embeddable":true,"href":"https:\/\/wibnax.com\/tr\/wp-json\/wp\/v2\/comments?post=75"}],"version-history":[{"count":2,"href":"https:\/\/wibnax.com\/tr\/wp-json\/wp\/v2\/pages\/75\/revisions"}],"predecessor-version":[{"id":684,"href":"https:\/\/wibnax.com\/tr\/wp-json\/wp\/v2\/pages\/75\/revisions\/684"}],"wp:attachment":[{"href":"https:\/\/wibnax.com\/tr\/wp-json\/wp\/v2\/media?parent=75"}],"curies":[{"name":"wp","href":"https:\/\/api.w.org\/{rel}","templated":true}]}}