    {"id":73,"date":"2025-06-27T17:29:56","date_gmt":"2025-06-27T17:29:56","guid":{"rendered":"https:\/\/wibnax.com\/?page_id=73"},"modified":"2025-11-24T20:47:06","modified_gmt":"2025-11-24T20:47:06","slug":"about-us","status":"publish","type":"page","link":"https:\/\/wibnax.com\/tr\/about-us\/","title":{"rendered":"Hakk\u0131m\u0131zda"},"content":{"rendered":"<h1 class=\"wp-block-heading\"><strong>Hakk\u0131m\u0131zda<\/strong><\/h1>\n\n\n\n<p><strong>Wibnax&#039;a ho\u015f geldiniz<\/strong> \u2013 Yemek ke\u015fifleri, mutfak inovasyonlar\u0131 ve yenilebilir ilham i\u00e7in yarat\u0131c\u0131 alan\u0131n\u0131z. \u0130ster tutkulu bir ev a\u015f\u00e7\u0131s\u0131, ister hevesli bir \u015fef, ister bir g\u0131da teknolojisi merakl\u0131s\u0131, ister sadece yemek k\u00fclt\u00fcr\u00fcne merakl\u0131 biri olun, Wibnax merak\u0131n\u0131z\u0131 gidermek i\u00e7in burada.<\/p>\n\n\n\n<h2 class=\"wp-block-heading\"><strong>Bizi ne motive ediyor?<\/strong><\/h2>\n\n\n\n<p>Wibnax&#039;ta, yeme\u011fin sadece beslenmekten daha fazlas\u0131 oldu\u011funa inan\u0131yoruz; bir dil, bir deneyim ve ba\u011flant\u0131, yarat\u0131c\u0131l\u0131k ve k\u00fclt\u00fcrel kimlik i\u00e7in g\u00fc\u00e7l\u00fc bir ara\u00e7. Misyonumuz, mutfakta ve \u00f6tesinde inovasyonu ate\u015fleyen bilgilendirici makaleler, yeni fikirler ve pratik ipu\u00e7lar\u0131 payla\u015farak yemek pi\u015firme, teknoloji, s\u00fcrd\u00fcr\u00fclebilirlik ve k\u00fclt\u00fcr\u00fcn kesi\u015fimini ke\u015ffetmektir.<\/p>\n\n\n\n<p>G\u0131da teknolojisi, beslenme ve s\u00fcrd\u00fcr\u00fclebilir uygulamalar\u0131n geli\u015fen d\u00fcnyas\u0131na dal\u0131yor, modern ara\u00e7lar\u0131n, bilimin ve bilin\u00e7li tercihlerin yediklerimizin gelece\u011fini nas\u0131l \u015fekillendirdi\u011fini g\u00f6steriyoruz. Mutfak hayal g\u00fcc\u00fcn\u00fc y\u00fcceltiyor ve okuyucular\u0131m\u0131za denemeler yapmalar\u0131, \u00f6\u011frenmeleri, yemek geleneklerini ke\u015ffetmeleri ve \u00e7evremizdeki g\u0131da sistemleri hakk\u0131nda farkl\u0131 d\u00fc\u015f\u00fcnmeleri i\u00e7in ilham vermeyi ama\u00e7l\u0131yoruz.<\/p>\n\n\n\n<h2 class=\"wp-block-heading\"><strong>Biz kimiz<\/strong><\/h2>\n\n\n\n<p>Biz, yemek i\u00e7eriklerinin d\u00fc\u015f\u00fcnceli, ilgi \u00e7ekici ve s\u0131n\u0131rlar\u0131 zorlayan olmas\u0131 gerekti\u011fine inanan yemek tutkunlar\u0131, dijital d\u00fc\u015f\u00fcn\u00fcrler, mutfak ara\u015ft\u0131rmac\u0131lar\u0131 ve yarat\u0131c\u0131 yazarlardan olu\u015fan bir toplulu\u011fuz. Wibnax, hikaye anlat\u0131m\u0131n\u0131 bilimle, sanat\u0131 i\u015ftahla harmanlama arzusundan do\u011fdu; her makaleyi lezzet, k\u00fclt\u00fcr, teknoloji ve anlam yolculu\u011funa d\u00f6n\u00fc\u015ft\u00fcr\u00fcyor.<\/p>\n\n\n\n<p>\u0130ster g\u0131da trendlerini inceliyor, ister k\u00fcresel beslenme al\u0131\u015fkanl\u0131klar\u0131n\u0131 ortaya \u00e7\u0131kar\u0131yor, beslenmeyle ilgili i\u00e7g\u00f6r\u00fcler payla\u015f\u0131yor, ister mutfak tekniklerini inceliyor veya g\u0131dan\u0131n nas\u0131l \u00fcretildi\u011fini ve t\u00fcketildi\u011fini d\u00f6n\u00fc\u015ft\u00fcren yenilikleri ke\u015ffediyor olal\u0131m, amac\u0131m\u0131z sindirilebilir oldu\u011fu kadar lezzetli ve d\u00fc\u015f\u00fcnd\u00fcr\u00fcc\u00fc i\u00e7erikler sunmakt\u0131r.<\/p>\n\n\n\n<h2 class=\"wp-block-heading\"><strong>Kat\u0131l\u0131n<\/strong><\/h2>\n\n\n\n<p>Kurallar\u0131 y\u0131kan bir tarifiniz mi var? Bir g\u0131da teknolojisi ke\u015ffiniz mi var? Payla\u015fmak istedi\u011finiz bir gelenek mi? Bir s\u00fcrd\u00fcr\u00fclebilirlik ipucunuz veya anlatmak istedi\u011finiz bir hikayeniz mi var? Sizden haber almak isteriz. Wibnax, topluluk sesleri ve farkl\u0131 bak\u0131\u015f a\u00e7\u0131lar\u0131yla geli\u015fir; \u00e7\u00fcnk\u00fc harika fikirler her yerden gelebilir.<\/p>\n\n\n\n<p>Gelin hep birlikte yemek d\u00fcnyas\u0131n\u0131 ke\u015ffedelim; her yaz\u0131, her lokma, her fikirle.<\/p>","protected":false},"excerpt":{"rendered":"<p>About Us Welcome to Wibnax \u2013 your creative space for food exploration, culinary innovation, and edible inspiration. Whether you\u2019re a passionate home cook, an aspiring chef, a foodtech enthusiast, or simply someone who loves food culture, Wibnax is here to feed your curiosity. What drives us At Wibnax, we believe that food is more than [&hellip;]<\/p>","protected":false},"author":198,"featured_media":0,"parent":0,"menu_order":0,"comment_status":"closed","ping_status":"closed","template":"","meta":{"footnotes":""},"_links":{"self":[{"href":"https:\/\/wibnax.com\/tr\/wp-json\/wp\/v2\/pages\/73"}],"collection":[{"href":"https:\/\/wibnax.com\/tr\/wp-json\/wp\/v2\/pages"}],"about":[{"href":"https:\/\/wibnax.com\/tr\/wp-json\/wp\/v2\/types\/page"}],"author":[{"embeddable":true,"href":"https:\/\/wibnax.com\/tr\/wp-json\/wp\/v2\/users\/198"}],"replies":[{"embeddable":true,"href":"https:\/\/wibnax.com\/tr\/wp-json\/wp\/v2\/comments?post=73"}],"version-history":[{"count":2,"href":"https:\/\/wibnax.com\/tr\/wp-json\/wp\/v2\/pages\/73\/revisions"}],"predecessor-version":[{"id":683,"href":"https:\/\/wibnax.com\/tr\/wp-json\/wp\/v2\/pages\/73\/revisions\/683"}],"wp:attachment":[{"href":"https:\/\/wibnax.com\/tr\/wp-json\/wp\/v2\/media?parent=73"}],"curies":[{"name":"wp","href":"https:\/\/api.w.org\/{rel}","templated":true}]}}