    {"id":71,"date":"2025-06-27T17:28:59","date_gmt":"2025-06-27T17:28:59","guid":{"rendered":"https:\/\/wibnax.com\/?page_id=71"},"modified":"2025-11-24T20:48:33","modified_gmt":"2025-11-24T20:48:33","slug":"terms-of-use","status":"publish","type":"page","link":"https:\/\/wibnax.com\/tr\/terms-of-use\/","title":{"rendered":"Kullan\u0131m \u015eartlar\u0131"},"content":{"rendered":"<p><strong>Son g\u00fcncelleme: 27 Haziran 2025<\/strong><\/p>\n\n\n\n<p>Wibnax, mutfak trendleri, pi\u015firme teknikleri, yemek k\u00fclt\u00fcr\u00fc ve ilgili ya\u015fam tarz\u0131 konular\u0131yla ilgili editoryal i\u00e7erik sunan ba\u011f\u0131ms\u0131z bir dijital platformdur. Bu web sitesine eri\u015ferek veya bu web sitesini kullanarak, a\u015fa\u011f\u0131da belirtilen h\u00fck\u00fcm, ko\u015ful ve politikalara uymay\u0131 kabul etmi\u015f olursunuz.<\/p>\n\n\n\n<p>Bu Kullan\u0131m Ko\u015fullar\u0131, Wibnax platformuyla etkile\u015fim kuran kullan\u0131c\u0131lar\u0131n hak ve sorumluluklar\u0131n\u0131 tan\u0131mlar. Web sitesinin kullan\u0131m\u0131 ayn\u0131 zamanda Gizlilik Politikam\u0131za da tabidir.<\/p>\n\n\n\n<p><strong>L\u00dcTFEN BU \u015eARTLARI D\u0130KKATL\u0130CE OKUYUN. BUNLARI KABUL ETM\u0130YORSANIZ, L\u00dcTFEN WIBNAX&#039;I VEYA H\u0130ZMETLER\u0130NDEN HERHANG\u0130 B\u0130R\u0130N\u0130 KULLANMAYIN.<\/strong><\/p>\n\n\n\n<h3 class=\"wp-block-heading\"><strong>Madde I \u2013 Kullan\u0131c\u0131 S\u00f6zle\u015fmesi<\/strong><\/h3>\n\n\n\n<p>1.1 Wibnax&#039;\u0131 kullanarak, bu Kullan\u0131m Ko\u015fullar\u0131n\u0131 ve Gizlilik Politikam\u0131z\u0131 tamamen kabul etti\u011finizi onayl\u0131yorsunuz.<br>1.2 \u0130\u00e7eri\u011fimize ve \u00f6zelliklerimize eri\u015febilmek i\u00e7in en az 18 ya\u015f\u0131nda olman\u0131z veya bulundu\u011funuz yarg\u0131 b\u00f6lgesinde yasal kapasiteye sahip olman\u0131z gerekir.<br>1.3 Bu ko\u015fullar\u0131 kar\u015f\u0131lam\u0131yorsan\u0131z veya bu ko\u015fullar\u0131n herhangi bir k\u0131sm\u0131n\u0131 kabul etmiyorsan\u0131z, hizmetlerimize eri\u015femez veya bunlar\u0131 kullanamazs\u0131n\u0131z.<\/p>\n\n\n\n<h3 class=\"wp-block-heading\"><strong>Madde II \u2013 \u0130leti\u015fim<\/strong><\/h3>\n\n\n\n<p>2.1 Wibnax, okuyucular\u0131n \u00f6nerilerde bulunabilecekleri, sorular sorabilecekleri veya teknik sorunlar\u0131 bildirebilecekleri ileti\u015fim kanallar\u0131 sa\u011flar.<br>2.2 Bizimle \u0130leti\u015fim Sayfam\u0131z arac\u0131l\u0131\u011f\u0131yla veya orada belirtilen e-posta adresi arac\u0131l\u0131\u011f\u0131yla ileti\u015fime ge\u00e7ebilirsiniz.<\/p>\n\n\n\n<h3 class=\"wp-block-heading\"><strong>Madde III \u2013 Taraflar\u0131n Sorumluluklar\u0131<\/strong><\/h3>\n\n\n\n<p>3.1 Kullan\u0131c\u0131lar, Wibnax i\u00e7eri\u011fiyle etkile\u015fim kurarken bu Kullan\u0131m Ko\u015fullar\u0131 ve Gizlilik Politikas\u0131&#039;na uymay\u0131 kabul eder.<br>3.2 Wibnax, daha fazla bilgi i\u00e7in harici web sitelerine veya kaynaklara ba\u011flant\u0131lar sunabilir. Bunlar yaln\u0131zca kolayl\u0131k sa\u011flamak amac\u0131yla sunulmaktad\u0131r.<br>3.3 Y\u00f6nlendirildikten sonra kullan\u0131c\u0131lar, \u00fc\u00e7\u00fcnc\u00fc taraf sitenin politikalar\u0131na tabidir. Wibnax, harici kaynaklar\u0131n do\u011frulu\u011fundan veya uygulamalar\u0131ndan sorumlu de\u011fildir.<br>3.4 Kullan\u0131c\u0131lar, Wibnax&#039;\u0131 kullan\u0131rken cihazlar\u0131n\u0131n ve internet ba\u011flant\u0131s\u0131n\u0131n g\u00fcvenli\u011fini sa\u011flamaktan sorumludur.<br>3.5 Wibnax, teknik sorunlardan, yetkisiz eri\u015fimden veya platformun kontrol\u00fcm\u00fcz d\u0131\u015f\u0131nda k\u00f6t\u00fcye kullan\u0131lmas\u0131ndan sorumlu de\u011fildir.<br>3.6 Resmi olmayan kanallar arac\u0131l\u0131\u011f\u0131yla hi\u00e7bir zaman banka bilgilerinizi veya hassas bilgilerinizi talep etmeyece\u011fiz.<br>3.7 Wibnax ad\u0131na herhangi bir \u015f\u00fcpheli mesaj veya aktivite derhal ileti\u015fim sayfam\u0131z arac\u0131l\u0131\u011f\u0131yla bildirilmelidir.<\/p>\n\n\n\n<h3 class=\"wp-block-heading\"><strong>Madde IV \u2013 Yasaklanm\u0131\u015f Davran\u0131\u015flar<\/strong><\/h3>\n\n\n\n<p>Kullan\u0131c\u0131lar\u0131n \u015funlar\u0131 yapmas\u0131 kesinlikle yasakt\u0131r:<\/p>\n\n\n\n<ul>\n<li>Hukuka ayk\u0131r\u0131, yan\u0131lt\u0131c\u0131 veya zararl\u0131 faaliyetlerde bulunmak;<\/li>\n\n\n\n<li>Telif hakk\u0131, ticari marka veya veri koruma yasalar\u0131n\u0131 ihlal etmek;<\/li>\n\n\n\n<li>K\u00f6t\u00fc ama\u00e7l\u0131 yaz\u0131l\u0131m veya k\u00f6t\u00fc ama\u00e7l\u0131 kod da\u011f\u0131tmak;<\/li>\n\n\n\n<li>Ba\u015fkalar\u0131n\u0131 taklit etmek veya ba\u011flant\u0131lar\u0131 yanl\u0131\u015f tan\u0131tmak;<\/li>\n\n\n\n<li>Kullan\u0131c\u0131 verilerinin r\u0131zas\u0131 olmadan toplanmas\u0131;<\/li>\n\n\n\n<li>Yetkisiz veya yan\u0131lt\u0131c\u0131 i\u00e7eriklerin payla\u015f\u0131lmas\u0131;<\/li>\n\n\n\n<li>Bireyleri taciz etmek, tehdit etmek veya iftira atmak;<\/li>\n\n\n\n<li>Platformun i\u015fleyi\u015fine veya b\u00fct\u00fcnl\u00fc\u011f\u00fcne m\u00fcdahale etmeye \u00e7al\u0131\u015fmak.<\/li>\n<\/ul>\n\n\n\n<p>\u0130hlaller, \u00f6nceden haber verilmeksizin Wibnax&#039;a eri\u015fimin ge\u00e7ici veya kal\u0131c\u0131 olarak k\u0131s\u0131tlanmas\u0131na yol a\u00e7abilir.<\/p>\n\n\n\n<h3 class=\"wp-block-heading\"><strong>Madde V \u2013 Sorumlulu\u011fun S\u0131n\u0131rland\u0131r\u0131lmas\u0131 ve Garantiler<\/strong><\/h3>\n\n\n\n<p>Wibnax, a\u00e7\u0131k veya z\u0131mni garantiler olmaks\u0131z\u0131n &quot;oldu\u011fu gibi&quot; ve &quot;mevcut oldu\u011fu \u015fekilde&quot; sa\u011flan\u0131r.<br>Kesintisiz hizmet, hatas\u0131z i\u00e7erik veya t\u00fcm materyallerin \u00f6zel ihtiya\u00e7lar\u0131n\u0131za uygun oldu\u011funu garanti etmiyoruz.<br>Wibnax, kanunen izin verilen azami \u00f6l\u00e7\u00fcde, platformun kullan\u0131m\u0131 veya performans\u0131yla ilgili do\u011frudan veya dolayl\u0131 zararlardan do\u011fan sorumlulu\u011fu reddeder.<\/p>\n\n\n\n<h3 class=\"wp-block-heading\"><strong>Madde VI \u2013 S\u00fcre ve Yasal S\u00fcre<\/strong><\/h3>\n\n\n\n<p>Bu Kullan\u0131m Ko\u015fullar\u0131 s\u00fcresiz olarak y\u00fcr\u00fcrl\u00fckte kalacakt\u0131r.<br>Wibnax kullan\u0131m\u0131yla ilgili her t\u00fcrl\u00fc yasal talep veya uyu\u015fmazl\u0131k, ilgili olay\u0131n meydana gelmesinden itibaren 90 (doksan) g\u00fcn i\u00e7inde ba\u015flat\u0131lmal\u0131d\u0131r.<\/p>\n\n\n\n<h3 class=\"wp-block-heading\"><strong>Madde VII \u2013 Ge\u00e7erli Hukuk ve Yarg\u0131 Yetkisi<\/strong><\/h3>\n\n\n\n<p>Bu Kullan\u0131m Ko\u015fullar\u0131 a\u015fa\u011f\u0131dakilere g\u00f6re y\u00f6netilecek ve yorumlanacakt\u0131r: <strong>Estonya Cumhuriyeti yasalar\u0131<\/strong>Bu \u015eartlar veya bu web sitesinin kullan\u0131m\u0131yla ilgili veya bunlardan kaynaklanan herhangi bir anla\u015fmazl\u0131k, ihtilaf veya talep, Estonya yasalar\u0131na uygun olarak \u00e7\u00f6z\u00fclecektir. <strong>Estonya&#039;n\u0131n Tallinn kentinde bulunan mahkemelerin m\u00fcnhas\u0131r yarg\u0131 yetkisi<\/strong>.<br>Bu madde, Estonya&#039;n\u0131n sa\u011flad\u0131\u011f\u0131 gibi yasal \u015feffafl\u0131\u011f\u0131 ve uluslararas\u0131 uyumluluk en iyi uygulamalar\u0131yla uyumu garanti eder. <em>Bor\u00e7lar Hukuku Kanunu<\/em> Ve <em>Uluslararas\u0131 \u00d6zel Hukuk Kanunu<\/em>.<\/p>\n\n\n\n<h3 class=\"wp-block-heading\"><strong>Madde VIII \u2013 Fikri M\u00fclkiyet<\/strong><\/h3>\n\n\n\n<p>8.1 Wibnax&#039;taki makaleler, metinler, g\u00f6rseller ve markalama dahil t\u00fcm \u00f6zg\u00fcn i\u00e7erik, fikri m\u00fclkiyet yasas\u0131yla korunmaktad\u0131r.<br>8.2 Kullan\u0131c\u0131lar, Wibnax&#039;\u0131n yaz\u0131l\u0131 izni olmaks\u0131z\u0131n i\u00e7eri\u011fin hi\u00e7bir b\u00f6l\u00fcm\u00fcn\u00fc \u00e7o\u011faltamaz, da\u011f\u0131tamaz veya kullanamaz.<br>8.3 Kullan\u0131c\u0131 taraf\u0131ndan g\u00f6nderilen i\u00e7erik, katk\u0131da bulunan\u0131n sorumlulu\u011fundad\u0131r. Wibnax, yasal, etik veya editoryal standartlar\u0131 ihlal eden i\u00e7erikleri kald\u0131rma hakk\u0131n\u0131 sakl\u0131 tutar.<\/p>\n\n\n\n<h3 class=\"wp-block-heading\"><strong>Madde IX \u2013 \u015eartlarda De\u011fi\u015fiklikler<\/strong><\/h3>\n\n\n\n<p>Wibnax, bu \u015eartlar\u0131 \u00f6nceden haber vermeksizin herhangi bir zamanda g\u00fcncelleme veya de\u011fi\u015ftirme hakk\u0131n\u0131 sakl\u0131 tutar.<br>Bu sayfay\u0131 d\u00fczenli olarak incelemek sizin sorumlulu\u011funuzdad\u0131r. De\u011fi\u015fikliklerden sonra platformu kullanmaya devam etmeniz, revize edilmi\u015f \u015eartlar&#039;\u0131n kabul edildi\u011fi anlam\u0131na gelir.<\/p>\n\n\n\n<h3 class=\"wp-block-heading\"><strong>Madde X \u2013 \u0130leti\u015fim<\/strong><\/h3>\n\n\n\n<p>Bu Kullan\u0131m Ko\u015fullar\u0131 ile ilgili herhangi bir soru veya endi\u015feniz varsa l\u00fctfen bizimle \u015fu adresten ileti\u015fime ge\u00e7in:<br><br>E-posta: <strong>ileti\u015fim@wibnax.com<\/strong><\/p>\n\n\n\n<p><strong>BU \u015eARTLARI KABUL ETM\u0130YORSANIZ L\u00dcTFEN WIBNAX VE H\u0130ZMETLER\u0130N\u0130 KULLANMAYIN.<\/strong><\/p>","protected":false},"excerpt":{"rendered":"<p>Last updated: June 27, 2025 Wibnax is an independent digital platform offering editorial content related to culinary trends, cooking techniques, food culture, and related lifestyle topics. By accessing or using this website, you agree to abide by the terms, conditions, and policies outlined below. These Terms of Use define the rights and responsibilities of users [&hellip;]<\/p>","protected":false},"author":198,"featured_media":0,"parent":0,"menu_order":0,"comment_status":"closed","ping_status":"closed","template":"","meta":{"footnotes":""},"_links":{"self":[{"href":"https:\/\/wibnax.com\/tr\/wp-json\/wp\/v2\/pages\/71"}],"collection":[{"href":"https:\/\/wibnax.com\/tr\/wp-json\/wp\/v2\/pages"}],"about":[{"href":"https:\/\/wibnax.com\/tr\/wp-json\/wp\/v2\/types\/page"}],"author":[{"embeddable":true,"href":"https:\/\/wibnax.com\/tr\/wp-json\/wp\/v2\/users\/198"}],"replies":[{"embeddable":true,"href":"https:\/\/wibnax.com\/tr\/wp-json\/wp\/v2\/comments?post=71"}],"version-history":[{"count":3,"href":"https:\/\/wibnax.com\/tr\/wp-json\/wp\/v2\/pages\/71\/revisions"}],"predecessor-version":[{"id":686,"href":"https:\/\/wibnax.com\/tr\/wp-json\/wp\/v2\/pages\/71\/revisions\/686"}],"wp:attachment":[{"href":"https:\/\/wibnax.com\/tr\/wp-json\/wp\/v2\/media?parent=71"}],"curies":[{"name":"wp","href":"https:\/\/api.w.org\/{rel}","templated":true}]}}