    {"id":75,"date":"2025-06-27T17:30:37","date_gmt":"2025-06-27T17:30:37","guid":{"rendered":"https:\/\/wibnax.com\/?page_id=75"},"modified":"2025-11-24T20:47:28","modified_gmt":"2025-11-24T20:47:28","slug":"contact","status":"publish","type":"page","link":"https:\/\/wibnax.com\/ro\/contact\/","title":{"rendered":"Contact"},"content":{"rendered":"<p>V\u0103 mul\u021bumim pentru vizit\u0103 <strong>Wibnax<\/strong>, destina\u021bia ta pentru creativitate culinar\u0103, informa\u021bii despre m\u00e2ncare \u0219i explorare digital\u0103 a aromelor. Apreciem interesul t\u0103u \u0219i suntem aici pentru a ne conecta, a colabora \u0219i a crea idei noi \u00eempreun\u0103 cu tine.<\/p>\n\n\n\n<h3 class=\"wp-block-heading\"><strong>\u00centreb\u0103ri generale<\/strong><\/h3>\n\n\n\n<p>Ai o \u00eentrebare despre Wibnax sau vrei doar s\u0103 ne salu\u021bi? Contacteaz\u0103-ne la <strong>contact@wibnax.com<\/strong><br>Ne place s\u0103 auzim p\u0103rerile altor exper\u021bi \u00een gastronomie \u0219i vom r\u0103spunde c\u00e2t mai cur\u00e2nd posibil.<\/p>\n\n\n\n<h3 class=\"wp-block-heading\"><strong>Sugestii \u0219i contribu\u021bii de con\u021binut<\/strong><\/h3>\n\n\n\n<p>Ai o perspectiv\u0103 unic\u0103 asupra gastronomiei, tehnologiei sau culturii culinare? Vrei s\u0103 ne propui un articol sau s\u0103 sugerezi un subiect pe care ar trebui s\u0103-l explor\u0103m? Contacteaz\u0103-ne la <strong>contact@wibnax.com<\/strong><br>Suntem \u00eentotdeauna deschi\u0219i la idei \u00eendr\u0103zne\u021be \u0219i voci noi care provoac\u0103 cotidianul.<\/p>\n\n\n\n<h3 class=\"wp-block-heading\"><strong>Asisten\u021b\u0103 tehnic\u0103<\/strong><\/h3>\n\n\n\n<p>\u00cent\u00e2mpina\u021bi probleme cu site-ul sau cu accesul la con\u021binut? Anun\u021ba\u021bi-ne la <strong>contact@wibnax.com<\/strong><br>Vom face tot posibilul s\u0103 rezolv\u0103m orice problem\u0103 \u0219i s\u0103 v\u0103 ajut\u0103m s\u0103 reveni\u021bi la citit, \u00eenv\u0103\u021bat \u0219i crea\u021bie.<\/p>\n\n\n\n<h3 class=\"wp-block-heading\"><strong>R\u0103m\u00e2i conectat<\/strong><\/h3>\n\n\n\n<p>Wibnax este o publica\u021bie digital\u0103, cu un public global. Nu avem un birou fizic, dar suntem mereu online - gata s\u0103 interac\u021bion\u0103m, s\u0103 cre\u0219tem \u0219i s\u0103 construim \u00eempreun\u0103 ceva interesant.<\/p>\n\n\n\n<p>Mul\u021bumim \u00eenc\u0103 o dat\u0103 pentru vizit\u0103. A\u0219tept\u0103m cu ner\u0103bdare s\u0103 auzim de tine!<\/p>\n\n\n\n<p><strong>Salut\u0103ri calde,<\/strong><br><em>Echipa Wibnax<\/em><\/p>","protected":false},"excerpt":{"rendered":"<p>Thank you for visiting Wibnax, your destination for culinary creativity, food insights, and digital flavor exploration. We appreciate your interest and are here to connect, collaborate, and cook up new ideas with you. General Inquiries Got a question about Wibnax or just want to say hello? Drop us a line at contact@wibnax.comWe love hearing from [&hellip;]<\/p>","protected":false},"author":198,"featured_media":0,"parent":0,"menu_order":0,"comment_status":"closed","ping_status":"closed","template":"","meta":{"footnotes":""},"_links":{"self":[{"href":"https:\/\/wibnax.com\/ro\/wp-json\/wp\/v2\/pages\/75"}],"collection":[{"href":"https:\/\/wibnax.com\/ro\/wp-json\/wp\/v2\/pages"}],"about":[{"href":"https:\/\/wibnax.com\/ro\/wp-json\/wp\/v2\/types\/page"}],"author":[{"embeddable":true,"href":"https:\/\/wibnax.com\/ro\/wp-json\/wp\/v2\/users\/198"}],"replies":[{"embeddable":true,"href":"https:\/\/wibnax.com\/ro\/wp-json\/wp\/v2\/comments?post=75"}],"version-history":[{"count":2,"href":"https:\/\/wibnax.com\/ro\/wp-json\/wp\/v2\/pages\/75\/revisions"}],"predecessor-version":[{"id":684,"href":"https:\/\/wibnax.com\/ro\/wp-json\/wp\/v2\/pages\/75\/revisions\/684"}],"wp:attachment":[{"href":"https:\/\/wibnax.com\/ro\/wp-json\/wp\/v2\/media?parent=75"}],"curies":[{"name":"wp","href":"https:\/\/api.w.org\/{rel}","templated":true}]}}