    {"id":73,"date":"2025-06-27T17:29:56","date_gmt":"2025-06-27T17:29:56","guid":{"rendered":"https:\/\/wibnax.com\/?page_id=73"},"modified":"2025-11-24T20:47:06","modified_gmt":"2025-11-24T20:47:06","slug":"about-us","status":"publish","type":"page","link":"https:\/\/wibnax.com\/ro\/about-us\/","title":{"rendered":"Despre noi"},"content":{"rendered":"<h1 class=\"wp-block-heading\"><strong>Despre noi<\/strong><\/h1>\n\n\n\n<p><strong>Bun venit la Wibnax<\/strong> \u2013 spa\u021biul t\u0103u creativ pentru explorare culinar\u0103, inova\u021bie culinar\u0103 \u0219i inspira\u021bie comestibil\u0103. Fie c\u0103 e\u0219ti un buc\u0103tar pasionat, un aspirant la buc\u0103tar, un entuziast al tehnologiei alimentare sau pur \u0219i simplu cineva care iube\u0219te cultura culinar\u0103, Wibnax este aici pentru a-\u021bi hr\u0103ni curiozitatea.<\/p>\n\n\n\n<h2 class=\"wp-block-heading\"><strong>Ce ne motiveaz\u0103<\/strong><\/h2>\n\n\n\n<p>La Wibnax, credem c\u0103 m\u00e2ncarea este mai mult dec\u00e2t un aliment nutritiv - este un limbaj, o experien\u021b\u0103 \u0219i un instrument puternic pentru conexiune, creativitate \u0219i identitate cultural\u0103. Misiunea noastr\u0103 este s\u0103 explor\u0103m intersec\u021bia dintre g\u0103tit, tehnologie, sustenabilitate \u0219i cultur\u0103, prin \u00eemp\u0103rt\u0103\u0219irea de articole interesante, idei noi \u0219i sfaturi practice care stimuleaz\u0103 inova\u021bia \u00een buc\u0103t\u0103rie \u0219i nu numai.<\/p>\n\n\n\n<p>Ne ad\u00e2ncim \u00een lumea \u00een continu\u0103 evolu\u021bie a tehnologiei alimentare, nutri\u021biei \u0219i practicilor sustenabile, ar\u0103t\u00e2nd cum instrumentele moderne, \u0219tiin\u021ba \u0219i alegerile con\u0219tiente modeleaz\u0103 viitorul a ceea ce m\u00e2nc\u0103m. Celebr\u0103m imagina\u021bia culinar\u0103 \u0219i ne propunem s\u0103 inspir\u0103m cititorii s\u0103 experimenteze, s\u0103 \u00eenve\u021be, s\u0103 exploreze tradi\u021biile alimentare \u0219i s\u0103 g\u00e2ndeasc\u0103 diferit despre sistemele alimentare din jurul nostru.<\/p>\n\n\n\n<h2 class=\"wp-block-heading\"><strong>Cine suntem<\/strong><\/h2>\n\n\n\n<p>Suntem un colectiv de iubitori de m\u00e2ncare, g\u00e2nditori digitali, exploratori culinari \u0219i scriitori creativi care cred c\u0103 un con\u021binut culinar ar trebui s\u0103 fie atent, captivant \u0219i s\u0103 dep\u0103\u0219easc\u0103 limitele. Wibnax s-a n\u0103scut din dorin\u021ba de a \u00eembina povestirea cu \u0219tiin\u021ba, arta cu pofta de m\u00e2ncare - transform\u00e2nd fiecare articol \u00eentr-o c\u0103l\u0103torie \u00een arom\u0103, cultur\u0103, tehnologie \u0219i semnifica\u021bie.<\/p>\n\n\n\n<p>Indiferent dac\u0103 analiz\u0103m tendin\u021bele alimentare, descoperim obiceiuri culinare globale, \u00eemp\u0103rt\u0103\u0219im informa\u021bii despre nutri\u021bie, analiz\u0103m tehnicile culinare sau explor\u0103m inova\u021bii care transform\u0103 modul \u00een care alimentele sunt produse \u0219i savurate, obiectivul nostru este s\u0103 oferim con\u021binut at\u00e2t de delicios, c\u00e2t \u0219i de u\u0219or de digerat.<\/p>\n\n\n\n<h2 class=\"wp-block-heading\"><strong>Implic\u0103-te<\/strong><\/h2>\n\n\n\n<p>Ai o re\u021bet\u0103 care \u00eencalc\u0103 regulile? O descoperire \u00een domeniul tehnologiei alimentare? O tradi\u021bie pe care vrei s\u0103 o \u00eemp\u0103rt\u0103\u0219e\u0219ti? Un sfat despre sustenabilitate sau o poveste pe care vrei s\u0103 o spui? Ne-ar pl\u0103cea s\u0103 auzim de tine. Wibnax prosper\u0103 pe baza vocilor comunit\u0103\u021bii \u0219i a perspectivelor diverse - pentru c\u0103 ideile m\u0103re\u021be pot veni de oriunde.<\/p>\n\n\n\n<p>Hai s\u0103 explor\u0103m \u00eempreun\u0103 lumea culinar\u0103 \u2014 c\u00e2te o postare, c\u00e2te o \u00eembuc\u0103tur\u0103, c\u00e2te o idee pe r\u00e2nd.<\/p>","protected":false},"excerpt":{"rendered":"<p>About Us Welcome to Wibnax \u2013 your creative space for food exploration, culinary innovation, and edible inspiration. Whether you\u2019re a passionate home cook, an aspiring chef, a foodtech enthusiast, or simply someone who loves food culture, Wibnax is here to feed your curiosity. What drives us At Wibnax, we believe that food is more than [&hellip;]<\/p>","protected":false},"author":198,"featured_media":0,"parent":0,"menu_order":0,"comment_status":"closed","ping_status":"closed","template":"","meta":{"footnotes":""},"_links":{"self":[{"href":"https:\/\/wibnax.com\/ro\/wp-json\/wp\/v2\/pages\/73"}],"collection":[{"href":"https:\/\/wibnax.com\/ro\/wp-json\/wp\/v2\/pages"}],"about":[{"href":"https:\/\/wibnax.com\/ro\/wp-json\/wp\/v2\/types\/page"}],"author":[{"embeddable":true,"href":"https:\/\/wibnax.com\/ro\/wp-json\/wp\/v2\/users\/198"}],"replies":[{"embeddable":true,"href":"https:\/\/wibnax.com\/ro\/wp-json\/wp\/v2\/comments?post=73"}],"version-history":[{"count":2,"href":"https:\/\/wibnax.com\/ro\/wp-json\/wp\/v2\/pages\/73\/revisions"}],"predecessor-version":[{"id":683,"href":"https:\/\/wibnax.com\/ro\/wp-json\/wp\/v2\/pages\/73\/revisions\/683"}],"wp:attachment":[{"href":"https:\/\/wibnax.com\/ro\/wp-json\/wp\/v2\/media?parent=73"}],"curies":[{"name":"wp","href":"https:\/\/api.w.org\/{rel}","templated":true}]}}