    {"id":77,"date":"2025-06-27T17:32:54","date_gmt":"2025-06-27T17:32:54","guid":{"rendered":"https:\/\/wibnax.com\/?page_id=77"},"modified":"2025-11-24T20:48:03","modified_gmt":"2025-11-24T20:48:03","slug":"privacy-policy","status":"publish","type":"page","link":"https:\/\/wibnax.com\/pt\/privacy-policy\/","title":{"rendered":"pol\u00edtica de Privacidade"},"content":{"rendered":"<p>A sua privacidade \u00e9 importante para n\u00f3s. \u00c9 <strong>WIBNAX&#039;s<\/strong> pol\u00edtica de respeitar sua privacidade em rela\u00e7\u00e3o a qualquer informa\u00e7\u00e3o que possamos coletar de voc\u00ea em nosso site, <strong>WIBNAX<\/strong>, e outros sites que possu\u00edmos e operamos.<\/p>\n\n\n\n<p>Solicitamos informa\u00e7\u00f5es pessoais somente quando realmente precisamos delas para lhe prestar um servi\u00e7o. Coletamos essas informa\u00e7\u00f5es por meios justos e legais, com o seu conhecimento e consentimento. Tamb\u00e9m informamos por que estamos coletando essas informa\u00e7\u00f5es e como ser\u00e3o utilizadas.<\/p>\n\n\n\n<p>Retemos as informa\u00e7\u00f5es coletadas apenas pelo tempo necess\u00e1rio para fornecer o servi\u00e7o solicitado. Os dados que armazenamos ser\u00e3o protegidos dentro de meios comercialmente aceit\u00e1veis para evitar perdas e roubos, bem como acesso, divulga\u00e7\u00e3o, c\u00f3pia, uso ou modifica\u00e7\u00e3o n\u00e3o autorizados.<\/p>\n\n\n\n<p>N\u00e3o compartilhamos nenhuma informa\u00e7\u00e3o de identifica\u00e7\u00e3o pessoal publicamente ou com terceiros, exceto quando exigido por lei.<\/p>\n\n\n\n<p>Nosso site pode conter links para sites externos que n\u00e3o s\u00e3o operados por n\u00f3s. Esteja ciente de que n\u00e3o temos controle sobre o conte\u00fado e as pr\u00e1ticas desses sites e n\u00e3o podemos nos responsabilizar por suas respectivas pol\u00edticas de privacidade.<\/p>\n\n\n\n<p>Voc\u00ea tem a liberdade de recusar nossa solicita\u00e7\u00e3o de informa\u00e7\u00f5es pessoais, entendendo que talvez n\u00e3o possamos fornecer alguns dos servi\u00e7os desejados.<\/p>\n\n\n\n<p>O uso cont\u00ednuo do nosso site ser\u00e1 considerado como aceita\u00e7\u00e3o das nossas pr\u00e1ticas em rela\u00e7\u00e3o \u00e0 privacidade e \u00e0s informa\u00e7\u00f5es pessoais. Se tiver alguma d\u00favida sobre como lidamos com dados do usu\u00e1rio e informa\u00e7\u00f5es pessoais, entre em contato conosco.<\/p>\n\n\n\n<h1 class=\"wp-block-heading\"><strong>Pol\u00edtica de Cookies para WIBNAX<\/strong><\/h1>\n\n\n\n<p>Esta \u00e9 a Pol\u00edtica de Cookies para <strong>WIBNAX<\/strong>, acess\u00edvel em https:\/\/wibnax.com<\/p>\n\n\n\n<h2 class=\"wp-block-heading\"><strong>O que s\u00e3o cookies<\/strong><\/h2>\n\n\n\n<p>Como \u00e9 pr\u00e1tica comum em quase todos os sites profissionais, este site utiliza cookies, que s\u00e3o pequenos arquivos baixados para o seu computador, para melhorar a sua experi\u00eancia. Esta p\u00e1gina descreve quais informa\u00e7\u00f5es eles coletam, como as utilizamos e por que, \u00e0s vezes, precisamos armazenar esses cookies. Tamb\u00e9m compartilharemos como voc\u00ea pode impedir o armazenamento desses cookies \u2014 no entanto, isso pode prejudicar ou &quot;quebrar&quot; certos elementos da funcionalidade do site.<\/p>\n\n\n\n<h2 class=\"wp-block-heading\"><strong>Como usamos cookies<\/strong><\/h2>\n\n\n\n<p>Utilizamos cookies por diversos motivos, detalhados abaixo. Infelizmente, na maioria dos casos, n\u00e3o existem op\u00e7\u00f5es padr\u00e3o do setor para desativar cookies sem desativar completamente a funcionalidade e os recursos que eles adicionam a este site. Recomendamos que voc\u00ea deixe todos os cookies ativados caso n\u00e3o tenha certeza se precisa deles ou n\u00e3o, caso sejam usados para fornecer um servi\u00e7o que voc\u00ea utiliza.<\/p>\n\n\n\n<h2 class=\"wp-block-heading\"><strong>Desativando Cookies<\/strong><\/h2>\n\n\n\n<p>Voc\u00ea pode impedir a configura\u00e7\u00e3o de cookies ajustando as configura\u00e7\u00f5es do seu navegador (consulte a se\u00e7\u00e3o de Ajuda do seu navegador para saber como fazer isso). Esteja ciente de que a desativa\u00e7\u00e3o de cookies afetar\u00e1 a funcionalidade deste e de muitos outros sites que voc\u00ea visita. A desativa\u00e7\u00e3o de cookies geralmente tamb\u00e9m resultar\u00e1 na desativa\u00e7\u00e3o de determinadas funcionalidades e recursos deste site. Portanto, \u00e9 recomend\u00e1vel que voc\u00ea n\u00e3o desative os cookies.<\/p>\n\n\n\n<h2 class=\"wp-block-heading\"><strong>Os cookies que definimos<\/strong><\/h2>\n\n\n\n<h3 class=\"wp-block-heading\"><strong>Cookies relacionados \u00e0 conta<\/strong><\/h3>\n\n\n\n<p>Ao criar uma conta conosco, usaremos cookies para gerenciar o processo de cadastro e administra\u00e7\u00e3o geral. Esses cookies geralmente ser\u00e3o exclu\u00eddos quando voc\u00ea sair do site. No entanto, em alguns casos, eles podem permanecer para lembrar suas prefer\u00eancias do site ao sair do site.<\/p>\n\n\n\n<h3 class=\"wp-block-heading\"><strong>Cookies relacionados ao login<\/strong><\/h3>\n\n\n\n<p>Utilizamos cookies quando voc\u00ea est\u00e1 logado para que possamos nos lembrar disso. Isso evita que voc\u00ea precise fazer login sempre que visitar uma nova p\u00e1gina. Esses cookies geralmente s\u00e3o removidos ou limpos quando voc\u00ea sai, para garantir que voc\u00ea s\u00f3 possa acessar recursos e \u00e1reas restritas enquanto estiver logado.<\/p>\n\n\n\n<h3 class=\"wp-block-heading\"><strong>Cookies relacionados a boletins informativos por e-mail<\/strong><\/h3>\n\n\n\n<p>Este site oferece servi\u00e7os de assinatura de boletins informativos ou e-mails, e cookies podem ser usados para lembrar se voc\u00ea j\u00e1 est\u00e1 registrado e se deve mostrar determinadas notifica\u00e7\u00f5es que podem ser v\u00e1lidas apenas para usu\u00e1rios inscritos ou n\u00e3o.<\/p>\n\n\n\n<h3 class=\"wp-block-heading\"><strong>Cookies relacionados ao processamento de pedidos<\/strong><\/h3>\n\n\n\n<p>Embora a Wibnax n\u00e3o ofere\u00e7a atualmente com\u00e9rcio eletr\u00f4nico, se adicionarmos esse recurso no futuro, cookies ser\u00e3o usados para garantir que seu pedido seja lembrado entre as p\u00e1ginas para que possamos process\u00e1-lo corretamente.<\/p>\n\n\n\n<h3 class=\"wp-block-heading\"><strong>Cookies relacionados a pesquisas<\/strong><\/h3>\n\n\n\n<p>Periodicamente, oferecemos pesquisas e question\u00e1rios com usu\u00e1rios para fornecer insights, ferramentas \u00fateis ou para entender melhor nosso p\u00fablico. Essas pesquisas podem usar cookies para lembrar quem j\u00e1 participou ou para fornecer resultados precisos ap\u00f3s a altera\u00e7\u00e3o das p\u00e1ginas.<\/p>\n\n\n\n<h3 class=\"wp-block-heading\"><strong>Cookies relacionados a formul\u00e1rios<\/strong><\/h3>\n\n\n\n<p>Quando voc\u00ea envia dados por meio de um formul\u00e1rio, como aqueles em p\u00e1ginas de contato ou se\u00e7\u00f5es de coment\u00e1rios, cookies podem ser configurados para lembrar seus detalhes de usu\u00e1rio para correspond\u00eancia futura.<\/p>\n\n\n\n<h3 class=\"wp-block-heading\"><strong>Cookies de prefer\u00eancias do site<\/strong><\/h3>\n\n\n\n<p>Para lhe proporcionar uma \u00f3tima experi\u00eancia, habilitamos a funcionalidade para definir suas prefer\u00eancias de como este site funciona quando voc\u00ea o utiliza. Para lembrar suas prefer\u00eancias, precisamos definir cookies para que essas informa\u00e7\u00f5es possam ser recuperadas sempre que voc\u00ea interagir com uma p\u00e1gina afetada por suas configura\u00e7\u00f5es.<\/p>\n\n\n\n<h2 class=\"wp-block-heading\"><strong>Cookies de terceiros<\/strong><\/h2>\n\n\n\n<p>Em alguns casos especiais, tamb\u00e9m utilizamos cookies fornecidos por terceiros confi\u00e1veis. A se\u00e7\u00e3o abaixo detalha quais cookies de terceiros voc\u00ea pode encontrar neste site:<\/p>\n\n\n\n<ul>\n<li><strong>Google Analytics<\/strong><br>Este site utiliza o Google Analytics, uma das solu\u00e7\u00f5es de an\u00e1lise mais difundidas e confi\u00e1veis da web, para nos ajudar a entender como voc\u00ea usa o site e como podemos melhorar sua experi\u00eancia. Esses cookies podem rastrear informa\u00e7\u00f5es como o tempo que voc\u00ea passa no site e as p\u00e1ginas que voc\u00ea visita.<br>Para obter mais informa\u00e7\u00f5es sobre os cookies do Google Analytics, consulte o <a>p\u00e1gina oficial do Google Analytics<\/a>.<\/li>\n\n\n\n<li><strong>An\u00e1lise de terceiros<\/strong><br>Eles s\u00e3o usados para rastrear e mensurar o uso deste site, para que possamos continuar produzindo conte\u00fado relevante. Esses cookies podem rastrear quanto tempo voc\u00ea passa no site ou quais p\u00e1ginas voc\u00ea visita, ajudando-nos a entender como atend\u00ea-lo melhor.<\/li>\n\n\n\n<li><strong>Testando novos recursos<\/strong><br>Ocasionalmente, testamos novos recursos e fazemos pequenas altera\u00e7\u00f5es na forma como o site \u00e9 exibido. Cookies podem ser usados para garantir que voc\u00ea tenha uma experi\u00eancia consistente e para nos ajudar a entender quais otimiza\u00e7\u00f5es os usu\u00e1rios mais apreciam.<\/li>\n\n\n\n<li><strong>Rastreamento de convers\u00f5es<\/strong><br>Se realizarmos qualquer tipo de promo\u00e7\u00e3o ou publicidade de produto, esses cookies nos ajudam a entender quantos visitantes realmente interagem com aquele conte\u00fado ou convertem por meio dele. Isso nos ajuda a tomar decis\u00f5es informadas para otimizar o conte\u00fado e a experi\u00eancia do usu\u00e1rio.<\/li>\n\n\n\n<li><strong>Cookies de m\u00eddia social<\/strong><br>Podemos integrar bot\u00f5es ou plugins de m\u00eddia social que permitem que voc\u00ea se conecte \u00e0 sua rede. Para que funcionem, plataformas sociais como <strong>Instagram<\/strong>, <strong>Pinterest<\/strong>, ou <strong>Twitter\/X<\/strong> pode definir cookies em nosso site. Esses cookies podem ser usados para aprimorar seu perfil ou contribuir para suas pr\u00f3prias pol\u00edticas de an\u00e1lise e coleta de dados.<\/li>\n<\/ul>\n\n\n\n<h3 class=\"wp-block-heading\">Publicidade (Google AdSense) e suas op\u00e7\u00f5es<\/h3>\n\n\n\n<p>Este site utiliza o Google AdSense para exibir an\u00fancios. O Google e seus parceiros podem usar cookies ou outras tecnologias para exibir, medir e personalizar an\u00fancios com base nas suas visitas a este e outros sites.<\/p>\n\n\n\n<p>Para saber como o Google usa os dados de sites e apps que utilizam seus servi\u00e7os, acesse:<br><a href=\"https:\/\/policies.google.com\/technologies\/partner-sites\">https:\/\/policies.google.com\/technologies\/partner-sites<\/a><\/p>\n\n\n\n<p><strong>Desativar an\u00fancios personalizados:<\/strong><br>Voc\u00ea pode desativar os an\u00fancios personalizados do Google visitando suas configura\u00e7\u00f5es. <strong><a href=\"https:\/\/adssettings.google.com\/\">Configura\u00e7\u00f5es de an\u00fancios (Minha Central de An\u00fancios)<\/a><\/strong>.<br>Alternativamente, voc\u00ea pode optar por n\u00e3o receber publicidade baseada em interesses de muitos outros fornecedores de an\u00fancios, visitando [link para a p\u00e1gina de op\u00e7\u00f5es de desativa\u00e7\u00e3o de an\u00fancios]. <strong><a href=\"https:\/\/www.aboutads.info\/choices\/\">AboutAds.info\/escolhas<\/a><\/strong>.<\/p>\n\n\n\n<p>Observa\u00e7\u00e3o: mesmo se voc\u00ea optar por n\u00e3o participar, ainda ver\u00e1 an\u00fancios, mas eles podem ser menos relevantes para seus interesses.<\/p>\n\n\n\n<h2 class=\"wp-block-heading\"><\/h2>\n\n\n\n<h2 class=\"wp-block-heading\"><strong>Mais informa\u00e7\u00f5es<\/strong><\/h2>\n\n\n\n<p>Espero que isso tenha esclarecido as coisas para voc\u00ea. Como mencionado anteriormente, se houver algo sobre o qual voc\u00ea n\u00e3o tenha certeza, geralmente \u00e9 mais seguro deixar os cookies ativados, caso eles interajam com um recurso que voc\u00ea usa.<\/p>\n\n\n\n<p>Caso tenha d\u00favidas ou preocupa\u00e7\u00f5es sobre esta pol\u00edtica ou seus dados, entre em contato conosco em:<br> <strong><a>contato@wibnax.com<\/a><\/strong><\/p>\n\n\n\n<p>Esta pol\u00edtica \u00e9 v\u00e1lida a partir de <strong>Junho de 2025<\/strong>.<\/p>","protected":false},"excerpt":{"rendered":"<p>Your privacy is important to us. It is WIBNAX\u2019s policy to respect your privacy regarding any information we may collect from you across our website, WIBNAX, and other sites we own and operate. We only ask for personal information when we truly need it to provide a service to you. We collect it by fair [&hellip;]<\/p>","protected":false},"author":198,"featured_media":0,"parent":0,"menu_order":0,"comment_status":"closed","ping_status":"closed","template":"","meta":{"footnotes":""},"_links":{"self":[{"href":"https:\/\/wibnax.com\/pt\/wp-json\/wp\/v2\/pages\/77"}],"collection":[{"href":"https:\/\/wibnax.com\/pt\/wp-json\/wp\/v2\/pages"}],"about":[{"href":"https:\/\/wibnax.com\/pt\/wp-json\/wp\/v2\/types\/page"}],"author":[{"embeddable":true,"href":"https:\/\/wibnax.com\/pt\/wp-json\/wp\/v2\/users\/198"}],"replies":[{"embeddable":true,"href":"https:\/\/wibnax.com\/pt\/wp-json\/wp\/v2\/comments?post=77"}],"version-history":[{"count":3,"href":"https:\/\/wibnax.com\/pt\/wp-json\/wp\/v2\/pages\/77\/revisions"}],"predecessor-version":[{"id":685,"href":"https:\/\/wibnax.com\/pt\/wp-json\/wp\/v2\/pages\/77\/revisions\/685"}],"wp:attachment":[{"href":"https:\/\/wibnax.com\/pt\/wp-json\/wp\/v2\/media?parent=77"}],"curies":[{"name":"wp","href":"https:\/\/api.w.org\/{rel}","templated":true}]}}