    {"id":75,"date":"2025-06-27T17:30:37","date_gmt":"2025-06-27T17:30:37","guid":{"rendered":"https:\/\/wibnax.com\/?page_id=75"},"modified":"2025-11-24T20:47:28","modified_gmt":"2025-11-24T20:47:28","slug":"contact","status":"publish","type":"page","link":"https:\/\/wibnax.com\/pt\/contact\/","title":{"rendered":"Contato"},"content":{"rendered":"<p>Obrigado pela visita <strong>Wibnax<\/strong>, seu destino para criatividade culin\u00e1ria, insights gastron\u00f4micos e explora\u00e7\u00e3o digital de sabores. Agradecemos seu interesse e estamos aqui para conectar, colaborar e desenvolver novas ideias com voc\u00ea.<\/p>\n\n\n\n<h3 class=\"wp-block-heading\"><strong>Consultas Gerais<\/strong><\/h3>\n\n\n\n<p>Tem alguma d\u00favida sobre a Wibnax ou quer apenas dizer ol\u00e1? Mande-nos uma mensagem para <strong>contato@wibnax.com<\/strong><br>Adoramos ouvir outros pensadores da \u00e1rea da culin\u00e1ria e responderemos o mais breve poss\u00edvel.<\/p>\n\n\n\n<h3 class=\"wp-block-heading\"><strong>Sugest\u00f5es e contribui\u00e7\u00f5es de conte\u00fado<\/strong><\/h3>\n\n\n\n<p>Tem uma perspectiva \u00fanica sobre comida, tecnologia ou cultura culin\u00e1ria? Quer lan\u00e7ar um artigo ou sugerir um t\u00f3pico que devemos explorar? Entre em contato conosco pelo e-mail <strong>contato@wibnax.com<\/strong><br>Estamos sempre abertos a ideias ousadas e novas vozes que desafiem o comum.<\/p>\n\n\n\n<h3 class=\"wp-block-heading\"><strong>Suporte t\u00e9cnico<\/strong><\/h3>\n\n\n\n<p>Est\u00e1 com algum problema com o site ou com o acesso ao conte\u00fado? Entre em contato conosco pelo e-mail <strong>contato@wibnax.com<\/strong><br>Faremos o poss\u00edvel para resolver quaisquer problemas e permitir que voc\u00ea volte a ler, aprender e criar.<\/p>\n\n\n\n<h3 class=\"wp-block-heading\"><strong>Fique conectado<\/strong><\/h3>\n\n\n\n<p>A Wibnax \u00e9 uma publica\u00e7\u00e3o digital com p\u00fablico global. N\u00e3o temos um escrit\u00f3rio f\u00edsico, mas estamos sempre online \u2014 prontos para interagir, crescer e construir algo saboroso juntos.<\/p>\n\n\n\n<p>Obrigado novamente pela visita. Estamos ansiosos para ouvir de voc\u00ea!<\/p>\n\n\n\n<p><strong>Atenciosamente,<\/strong><br><em>A equipe Wibnax<\/em><\/p>","protected":false},"excerpt":{"rendered":"<p>Obrigado por visitar o Wibnax, seu destino para criatividade culin\u00e1ria, insights gastron\u00f4micos e explora\u00e7\u00e3o digital de sabores. Agradecemos seu interesse e estamos aqui para conectar, colaborar e desenvolver novas ideias com voc\u00ea. D\u00favidas gerais: Tem alguma d\u00favida sobre o Wibnax ou quer apenas nos dar um oi? Envie-nos uma mensagem para contact@wibnax.com. Adoramos receber not\u00edcias de [\u2026]<\/p>","protected":false},"author":198,"featured_media":0,"parent":0,"menu_order":0,"comment_status":"closed","ping_status":"closed","template":"","meta":{"footnotes":""},"_links":{"self":[{"href":"https:\/\/wibnax.com\/pt\/wp-json\/wp\/v2\/pages\/75"}],"collection":[{"href":"https:\/\/wibnax.com\/pt\/wp-json\/wp\/v2\/pages"}],"about":[{"href":"https:\/\/wibnax.com\/pt\/wp-json\/wp\/v2\/types\/page"}],"author":[{"embeddable":true,"href":"https:\/\/wibnax.com\/pt\/wp-json\/wp\/v2\/users\/198"}],"replies":[{"embeddable":true,"href":"https:\/\/wibnax.com\/pt\/wp-json\/wp\/v2\/comments?post=75"}],"version-history":[{"count":2,"href":"https:\/\/wibnax.com\/pt\/wp-json\/wp\/v2\/pages\/75\/revisions"}],"predecessor-version":[{"id":684,"href":"https:\/\/wibnax.com\/pt\/wp-json\/wp\/v2\/pages\/75\/revisions\/684"}],"wp:attachment":[{"href":"https:\/\/wibnax.com\/pt\/wp-json\/wp\/v2\/media?parent=75"}],"curies":[{"name":"wp","href":"https:\/\/api.w.org\/{rel}","templated":true}]}}