    {"id":73,"date":"2025-06-27T17:29:56","date_gmt":"2025-06-27T17:29:56","guid":{"rendered":"https:\/\/wibnax.com\/?page_id=73"},"modified":"2025-11-24T20:47:06","modified_gmt":"2025-11-24T20:47:06","slug":"about-us","status":"publish","type":"page","link":"https:\/\/wibnax.com\/pt\/about-us\/","title":{"rendered":"Sobre n\u00f3s"},"content":{"rendered":"<h1 class=\"wp-block-heading\"><strong>Sobre n\u00f3s<\/strong><\/h1>\n\n\n\n<p><strong>Bem-vindo ao Wibnax<\/strong> \u2013 Seu espa\u00e7o criativo para explorar a gastronomia, inovar na culin\u00e1ria e se inspirar com comida. Seja voc\u00ea um cozinheiro amador apaixonado, um aspirante a chef, um entusiasta da tecnologia alimentar ou simplesmente algu\u00e9m que ama a cultura gastron\u00f4mica, o Wibnax est\u00e1 aqui para alimentar sua curiosidade.<\/p>\n\n\n\n<h2 class=\"wp-block-heading\"><strong>O que nos move<\/strong><\/h2>\n\n\n\n<p>Na Wibnax, acreditamos que a comida \u00e9 mais do que nutri\u00e7\u00e3o \u2014 \u00e9 uma linguagem, uma experi\u00eancia e uma ferramenta poderosa para conex\u00e3o, criatividade e identidade cultural. Nossa miss\u00e3o \u00e9 explorar a interse\u00e7\u00e3o entre culin\u00e1ria, tecnologia, sustentabilidade e cultura, compartilhando artigos perspicazes, ideias inovadoras e dicas pr\u00e1ticas que estimulam a inova\u00e7\u00e3o na cozinha e al\u00e9m dela.<\/p>\n\n\n\n<p>Mergulhamos no mundo em constante evolu\u00e7\u00e3o da tecnologia alimentar, nutri\u00e7\u00e3o e pr\u00e1ticas sustent\u00e1veis, mostrando como ferramentas modernas, ci\u00eancia e escolhas conscientes moldam o futuro da nossa alimenta\u00e7\u00e3o. Celebramos a imagina\u00e7\u00e3o culin\u00e1ria e buscamos inspirar os leitores a experimentar, aprender, explorar tradi\u00e7\u00f5es alimentares e pensar de forma diferente sobre os sistemas alimentares ao nosso redor.<\/p>\n\n\n\n<h2 class=\"wp-block-heading\"><strong>Quem somos<\/strong><\/h2>\n\n\n\n<p>Somos um coletivo de amantes da gastronomia, pensadores digitais, exploradores culin\u00e1rios e escritores criativos que acreditam que o conte\u00fado sobre comida deve ser instigante, envolvente e inovador. A Wibnax nasceu do desejo de unir narrativa e ci\u00eancia, arte e apetite \u2014 transformando cada artigo em uma jornada pelo sabor, cultura, tecnologia e significado.<\/p>\n\n\n\n<p>Seja analisando tend\u00eancias alimentares, revelando tradi\u00e7\u00f5es culin\u00e1rias globais, compartilhando informa\u00e7\u00f5es sobre nutri\u00e7\u00e3o, explorando t\u00e9cnicas de cozinha ou investigando inova\u00e7\u00f5es que transformam a forma como os alimentos s\u00e3o produzidos e apreciados, nosso objetivo \u00e9 oferecer conte\u00fado t\u00e3o instigante e agrad\u00e1vel de se compreender.<\/p>\n\n\n\n<h2 class=\"wp-block-heading\"><strong>Envolva-se<\/strong><\/h2>\n\n\n\n<p>Tem uma receita que foge do convencional? Uma descoberta no mundo da tecnologia alimentar? Uma tradi\u00e7\u00e3o que voc\u00ea quer compartilhar? Uma dica de sustentabilidade ou uma hist\u00f3ria para contar? Adorar\u00edamos saber! A Wibnax valoriza as vozes da comunidade e as diversas perspectivas \u2014 porque grandes ideias podem vir de qualquer lugar.<\/p>\n\n\n\n<p>Vamos explorar o mundo da comida juntos \u2014 uma postagem, uma mordida, uma ideia de cada vez.<\/p>","protected":false},"excerpt":{"rendered":"<p>About Us Welcome to Wibnax \u2013 your creative space for food exploration, culinary innovation, and edible inspiration. Whether you\u2019re a passionate home cook, an aspiring chef, a foodtech enthusiast, or simply someone who loves food culture, Wibnax is here to feed your curiosity. What drives us At Wibnax, we believe that food is more than [&hellip;]<\/p>","protected":false},"author":198,"featured_media":0,"parent":0,"menu_order":0,"comment_status":"closed","ping_status":"closed","template":"","meta":{"footnotes":""},"_links":{"self":[{"href":"https:\/\/wibnax.com\/pt\/wp-json\/wp\/v2\/pages\/73"}],"collection":[{"href":"https:\/\/wibnax.com\/pt\/wp-json\/wp\/v2\/pages"}],"about":[{"href":"https:\/\/wibnax.com\/pt\/wp-json\/wp\/v2\/types\/page"}],"author":[{"embeddable":true,"href":"https:\/\/wibnax.com\/pt\/wp-json\/wp\/v2\/users\/198"}],"replies":[{"embeddable":true,"href":"https:\/\/wibnax.com\/pt\/wp-json\/wp\/v2\/comments?post=73"}],"version-history":[{"count":2,"href":"https:\/\/wibnax.com\/pt\/wp-json\/wp\/v2\/pages\/73\/revisions"}],"predecessor-version":[{"id":683,"href":"https:\/\/wibnax.com\/pt\/wp-json\/wp\/v2\/pages\/73\/revisions\/683"}],"wp:attachment":[{"href":"https:\/\/wibnax.com\/pt\/wp-json\/wp\/v2\/media?parent=73"}],"curies":[{"name":"wp","href":"https:\/\/api.w.org\/{rel}","templated":true}]}}