    {"id":77,"date":"2025-06-27T17:32:54","date_gmt":"2025-06-27T17:32:54","guid":{"rendered":"https:\/\/wibnax.com\/?page_id=77"},"modified":"2025-11-24T20:48:03","modified_gmt":"2025-11-24T20:48:03","slug":"privacy-policy","status":"publish","type":"page","link":"https:\/\/wibnax.com\/pl\/privacy-policy\/","title":{"rendered":"Polityka prywatno\u015bci"},"content":{"rendered":"<p>Twoja prywatno\u015b\u0107 jest dla nas wa\u017cna. To jest <strong>WIBNAX&#039;s<\/strong> polityka maj\u0105ca na celu poszanowanie Twojej prywatno\u015bci w odniesieniu do wszelkich informacji, kt\u00f3re mo\u017cemy od Ciebie zbiera\u0107 za po\u015brednictwem naszej witryny internetowej, <strong>WIBNAX<\/strong>oraz inne witryny, kt\u00f3rych jeste\u015bmy w\u0142a\u015bcicielami i operatorami.<\/p>\n\n\n\n<p>Prosimy o podanie danych osobowych tylko wtedy, gdy jest to nam naprawd\u0119 potrzebne do \u015bwiadczenia Ci us\u0142ugi. Gromadzimy je w spos\u00f3b uczciwy i zgodny z prawem, za Twoj\u0105 wiedz\u0105 i zgod\u0105. Informujemy Ci\u0119 r\u00f3wnie\u017c, dlaczego je gromadzimy i jak b\u0119d\u0105 wykorzystywane.<\/p>\n\n\n\n<p>Zebrane informacje przechowujemy tylko tak d\u0142ugo, jak jest to konieczne do \u015bwiadczenia \u017c\u0105danej us\u0142ugi. Chronimy przechowywane przez nas dane w spos\u00f3b komercyjnie akceptowalny, aby zapobiec ich utracie i kradzie\u017cy, a tak\u017ce nieautoryzowanemu dost\u0119powi, ujawnieniu, kopiowaniu, wykorzystaniu lub modyfikacji.<\/p>\n\n\n\n<p>Nie udost\u0119pniamy \u017cadnych informacji umo\u017cliwiaj\u0105cych identyfikacj\u0119 u\u017cytkownika publicznie ani osobom trzecim, z wyj\u0105tkiem sytuacji, gdy wymaga tego prawo.<\/p>\n\n\n\n<p>Nasza strona internetowa mo\u017ce zawiera\u0107 linki do stron zewn\u0119trznych, kt\u00f3re nie s\u0105 przez nas obs\u0142ugiwane. Prosimy pami\u0119ta\u0107, \u017ce nie mamy kontroli nad tre\u015bci\u0105 ani praktykami stosowanymi na tych stronach i nie ponosimy odpowiedzialno\u015bci za ich polityk\u0119 prywatno\u015bci.<\/p>\n\n\n\n<p>Masz prawo odm\u00f3wi\u0107 podania swoich danych osobowych, ale pami\u0119taj, \u017ce w\u00f3wczas mo\u017cemy nie by\u0107 w stanie zapewni\u0107 Ci niekt\u00f3rych us\u0142ug, kt\u00f3rych oczekujesz.<\/p>\n\n\n\n<p>Dalsze korzystanie z naszej strony internetowej b\u0119dzie r\u00f3wnoznaczne z akceptacj\u0105 naszych praktyk dotycz\u0105cych prywatno\u015bci i danych osobowych. W razie pyta\u0144 dotycz\u0105cych sposobu przetwarzania danych u\u017cytkownik\u00f3w i danych osobowych prosimy o kontakt.<\/p>\n\n\n\n<h1 class=\"wp-block-heading\"><strong>Polityka plik\u00f3w cookie dla WIBNAX<\/strong><\/h1>\n\n\n\n<p>To jest Polityka plik\u00f3w cookie dla <strong>WIBNAX<\/strong>, dost\u0119pne pod adresem https:\/\/wibnax.com<\/p>\n\n\n\n<h2 class=\"wp-block-heading\"><strong>Czym s\u0105 pliki cookie<\/strong><\/h2>\n\n\n\n<p>Zgodnie z powszechn\u0105 praktyk\u0105 niemal wszystkich profesjonalnych stron internetowych, ta witryna u\u017cywa plik\u00f3w cookie, czyli niewielkich plik\u00f3w pobieranych na komputer w celu poprawy komfortu u\u017cytkowania. Na tej stronie opisano, jakie informacje gromadz\u0105 te pliki, jak je wykorzystujemy i dlaczego czasami musimy je przechowywa\u0107. Podamy r\u00f3wnie\u017c informacje o tym, jak mo\u017cna zapobiec ich przechowywaniu \u2013 jednak mo\u017ce to obni\u017cy\u0107 jako\u015b\u0107 lub \u201euszkodzi\u0107\u201d niekt\u00f3re elementy funkcjonalno\u015bci witryny.<\/p>\n\n\n\n<h2 class=\"wp-block-heading\"><strong>Jak u\u017cywamy plik\u00f3w cookie<\/strong><\/h2>\n\n\n\n<p>U\u017cywamy plik\u00f3w cookie z r\u00f3\u017cnych powod\u00f3w, szczeg\u00f3\u0142owo opisanych poni\u017cej. Niestety, w wi\u0119kszo\u015bci przypadk\u00f3w nie ma standardowych opcji wy\u0142\u0105czania plik\u00f3w cookie bez ca\u0142kowitego wy\u0142\u0105czenia funkcjonalno\u015bci i funkcji, kt\u00f3re dodaj\u0105 one do tej witryny. Zalecamy pozostawienie wszystkich plik\u00f3w cookie w\u0142\u0105czonych, je\u015bli nie masz pewno\u015bci, czy ich potrzebujesz, na wypadek gdyby by\u0142y wykorzystywane do \u015bwiadczenia us\u0142ugi, z kt\u00f3rej korzystasz.<\/p>\n\n\n\n<h2 class=\"wp-block-heading\"><strong>Wy\u0142\u0105czanie plik\u00f3w cookie<\/strong><\/h2>\n\n\n\n<p>Mo\u017cesz zablokowa\u0107 zapisywanie plik\u00f3w cookie, zmieniaj\u0105c ustawienia w swojej przegl\u0105darce (wi\u0119cej informacji znajdziesz w sekcji Pomocy przegl\u0105darki). Pami\u0119taj, \u017ce wy\u0142\u0105czenie plik\u00f3w cookie wp\u0142ynie na funkcjonalno\u015b\u0107 tej i wielu innych odwiedzanych przez Ciebie stron internetowych. Wy\u0142\u0105czenie plik\u00f3w cookie zazwyczaj powoduje r\u00f3wnie\u017c wy\u0142\u0105czenie niekt\u00f3rych funkcji i mo\u017cliwo\u015bci tej witryny. Dlatego zaleca si\u0119, aby nie wy\u0142\u0105cza\u0107 obs\u0142ugi plik\u00f3w cookie.<\/p>\n\n\n\n<h2 class=\"wp-block-heading\"><strong>Pliki cookie, kt\u00f3re ustawiamy<\/strong><\/h2>\n\n\n\n<h3 class=\"wp-block-heading\"><strong>Pliki cookie zwi\u0105zane z kontem<\/strong><\/h3>\n\n\n\n<p>Je\u015bli utworzysz u nas konto, b\u0119dziemy u\u017cywa\u0107 plik\u00f3w cookie do zarz\u0105dzania procesem rejestracji i og\u00f3lnego administrowania. Te pliki cookie zazwyczaj zostan\u0105 usuni\u0119te po wylogowaniu. Jednak w niekt\u00f3rych przypadkach mog\u0105 pozosta\u0107, aby zapami\u0119ta\u0107 Twoje preferencje dotycz\u0105ce witryny po wylogowaniu.<\/p>\n\n\n\n<h3 class=\"wp-block-heading\"><strong>Pliki cookie zwi\u0105zane z logowaniem<\/strong><\/h3>\n\n\n\n<p>U\u017cywamy plik\u00f3w cookie, gdy jeste\u015b zalogowany, aby to zapami\u0119ta\u0107. Dzi\u0119ki temu nie musisz si\u0119 logowa\u0107 za ka\u017cdym razem, gdy odwiedzasz now\u0105 stron\u0119. Te pliki cookie s\u0105 zazwyczaj usuwane lub czyszczone po wylogowaniu, aby zapewni\u0107 dost\u0119p do zastrze\u017conych funkcji i obszar\u00f3w tylko po zalogowaniu.<\/p>\n\n\n\n<h3 class=\"wp-block-heading\"><strong>Pliki cookie zwi\u0105zane z biuletynem e-mail<\/strong><\/h3>\n\n\n\n<p>Ta strona oferuje us\u0142ugi subskrypcji newslettera lub wiadomo\u015bci e-mail, a pliki cookie mog\u0105 by\u0107 u\u017cywane do zapami\u0119tania, czy jeste\u015b ju\u017c zarejestrowany, oraz czy wy\u015bwietla\u0107 okre\u015blone powiadomienia, kt\u00f3re mog\u0105 by\u0107 wa\u017cne tylko dla u\u017cytkownik\u00f3w zapisanych lub niewypisanych z subskrypcji.<\/p>\n\n\n\n<h3 class=\"wp-block-heading\"><strong>Pliki cookie zwi\u0105zane z przetwarzaniem zam\u00f3wie\u0144<\/strong><\/h3>\n\n\n\n<p>Mimo \u017ce Wibnax obecnie nie oferuje handlu elektronicznego, je\u015bli w przysz\u0142o\u015bci dodamy t\u0119 funkcj\u0119, pliki cookie b\u0119d\u0105 u\u017cywane w celu zapami\u0119tania Twojego zam\u00f3wienia na kolejnych stronach, aby\u015bmy mogli je prawid\u0142owo przetworzy\u0107.<\/p>\n\n\n\n<h3 class=\"wp-block-heading\"><strong>Pliki cookie zwi\u0105zane z ankietami<\/strong><\/h3>\n\n\n\n<p>Od czasu do czasu oferujemy ankiety i kwestionariusze dla u\u017cytkownik\u00f3w, aby zapewni\u0107 Ci wgl\u0105d, przydatne narz\u0119dzia lub lepiej zrozumie\u0107 nasz\u0105 grup\u0119 docelow\u0105. Ankiety te mog\u0105 wykorzystywa\u0107 pliki cookie, aby zapami\u0119ta\u0107, kto ju\u017c wzi\u0105\u0142 w nich udzia\u0142, lub aby zapewni\u0107 dok\u0142adne wyniki po przej\u015bciu na inn\u0105 stron\u0119.<\/p>\n\n\n\n<h3 class=\"wp-block-heading\"><strong>Pliki cookie zwi\u0105zane z formularzami<\/strong><\/h3>\n\n\n\n<p>Gdy przesy\u0142asz dane za pomoc\u0105 formularza, np. na stronach kontaktowych lub w sekcjach komentarzy, mog\u0105 zosta\u0107 ustawione pliki cookie, kt\u00f3re zapami\u0119taj\u0105 Twoje dane u\u017cytkownika na potrzeby przysz\u0142ej korespondencji.<\/p>\n\n\n\n<h3 class=\"wp-block-heading\"><strong>Pliki cookie preferencji witryny<\/strong><\/h3>\n\n\n\n<p>Aby zapewni\u0107 Ci wspania\u0142e wra\u017cenia, w\u0142\u0105czamy funkcj\u0119 ustawiania preferencji dotycz\u0105cych sposobu dzia\u0142ania tej witryny podczas korzystania z niej. Aby zapami\u0119ta\u0107 Twoje preferencje, musimy ustawi\u0107 pliki cookie, dzi\u0119ki kt\u00f3rym te informacje b\u0119d\u0105 mog\u0142y zosta\u0107 przywo\u0142ane za ka\u017cdym razem, gdy wejdziesz na stron\u0119, na kt\u00f3r\u0105 wp\u0142ywaj\u0105 Twoje ustawienia.<\/p>\n\n\n\n<h2 class=\"wp-block-heading\"><strong>Pliki cookie stron trzecich<\/strong><\/h2>\n\n\n\n<p>W niekt\u00f3rych szczeg\u00f3lnych przypadkach u\u017cywamy r\u00f3wnie\u017c plik\u00f3w cookie dostarczanych przez zaufane podmioty zewn\u0119trzne. Poni\u017csza sekcja zawiera szczeg\u00f3\u0142owe informacje o plikach cookie podmiot\u00f3w zewn\u0119trznych, z kt\u00f3rymi mo\u017cesz si\u0119 spotka\u0107 za po\u015brednictwem tej witryny:<\/p>\n\n\n\n<ul>\n<li><strong>Google Analytics<\/strong><br>Ta strona korzysta z Google Analytics, jednego z najpopularniejszych i najbardziej zaufanych rozwi\u0105za\u0144 analitycznych w sieci, aby pom\u00f3c nam zrozumie\u0107, w jaki spos\u00f3b korzystasz z witryny i jak mo\u017cemy ulepszy\u0107 Twoje do\u015bwiadczenia. Te pliki cookie mog\u0105 \u015bledzi\u0107 takie informacje, jak czas sp\u0119dzony na stronie i odwiedzane przez Ciebie strony.<br>Wi\u0119cej informacji na temat plik\u00f3w cookie Google Analytics mo\u017cna znale\u017a\u0107 w <a>oficjalna strona Google Analytics<\/a>.<\/li>\n\n\n\n<li><strong>Analityka stron trzecich<\/strong><br>S\u0142u\u017c\u0105 one do \u015bledzenia i pomiaru korzystania z tej witryny, aby\u015bmy mogli nadal tworzy\u0107 istotne tre\u015bci. Te pliki cookie mog\u0105 \u015bledzi\u0107, ile czasu sp\u0119dzasz na stronie lub kt\u00f3re strony odwiedzasz, pomagaj\u0105c nam zrozumie\u0107, jak lepiej Ci s\u0142u\u017cy\u0107.<\/li>\n\n\n\n<li><strong>Testowanie nowych funkcji<\/strong><br>Od czasu do czasu testujemy nowe funkcje i wprowadzamy drobne zmiany w sposobie dzia\u0142ania witryny. Pliki cookie mog\u0105 by\u0107 u\u017cywane w celu zapewnienia sp\u00f3jnego dzia\u0142ania witryny i zrozumienia, kt\u00f3re optymalizacje u\u017cytkownicy ceni\u0105 najbardziej.<\/li>\n\n\n\n<li><strong>\u015aledzenie konwersji<\/strong><br>Je\u015bli prowadzimy jak\u0105kolwiek form\u0119 promocji lub reklamy produktu, te pliki cookie pomagaj\u0105 nam zrozumie\u0107, ilu odwiedzaj\u0105cych faktycznie wchodzi w interakcj\u0119 z tymi tre\u015bciami lub dokonuje konwersji. Pomaga nam to podejmowa\u0107 \u015bwiadome decyzje dotycz\u0105ce optymalizacji tre\u015bci i do\u015bwiadcze\u0144 u\u017cytkownik\u00f3w.<\/li>\n\n\n\n<li><strong>Pliki cookie medi\u00f3w spo\u0142eczno\u015bciowych<\/strong><br>Mo\u017cemy zintegrowa\u0107 przyciski lub wtyczki medi\u00f3w spo\u0142eczno\u015bciowych, kt\u00f3re umo\u017cliwi\u0105 Ci po\u0142\u0105czenie z Twoj\u0105 sieci\u0105. Aby to dzia\u0142a\u0142o, potrzebne s\u0105 platformy spo\u0142eczno\u015bciowe, takie jak <strong>Instagram<\/strong>, <strong>Pinterest<\/strong>, Lub <strong>Twitter\/X<\/strong> mog\u0105 ustawia\u0107 pliki cookie za po\u015brednictwem naszej witryny. Pliki te mog\u0105 by\u0107 wykorzystywane do ulepszania Twojego profilu lub do tworzenia w\u0142asnych polityk analityki i gromadzenia danych.<\/li>\n<\/ul>\n\n\n\n<h3 class=\"wp-block-heading\">Reklama (Google AdSense) i Twoje wybory<\/h3>\n\n\n\n<p>Ta strona korzysta z Google AdSense do wy\u015bwietlania reklam. Google i jego partnerzy mog\u0105 u\u017cywa\u0107 plik\u00f3w cookie lub innych technologii do wy\u015bwietlania, pomiaru i personalizacji reklam na podstawie Twoich wizyt na tej i innych stronach internetowych.<\/p>\n\n\n\n<p>Aby dowiedzie\u0107 si\u0119, jak Google wykorzystuje dane z witryn i aplikacji korzystaj\u0105cych z jego us\u0142ug, odwied\u017a stron\u0119:<br><a href=\"https:\/\/policies.google.com\/technologies\/partner-sites\">https:\/\/policies.google.com\/technologies\/partner-sites<\/a><\/p>\n\n\n\n<p><strong>Zrezygnuj z reklam spersonalizowanych:<\/strong><br>Mo\u017cesz zrezygnowa\u0107 z personalizowanych reklam od Google, odwiedzaj\u0105c swoj\u0105 stron\u0119 <strong><a href=\"https:\/\/adssettings.google.com\/\">Ustawienia reklam (Moje Centrum reklam)<\/a><\/strong>.<br>Alternatywnie mo\u017cesz zrezygnowa\u0107 z reklam opartych na zainteresowaniach od wielu innych dostawc\u00f3w reklam, odwiedzaj\u0105c stron\u0119 <strong><a href=\"https:\/\/www.aboutads.info\/choices\/\">AboutAds.info\/choices<\/a><\/strong>.<\/p>\n\n\n\n<p>Uwaga: Nawet je\u015bli zrezygnujesz, nadal b\u0119dziesz widzie\u0107 reklamy, jednak mog\u0105 by\u0107 one mniej dopasowane do Twoich zainteresowa\u0144.<\/p>\n\n\n\n<h2 class=\"wp-block-heading\"><\/h2>\n\n\n\n<h2 class=\"wp-block-heading\"><strong>Wi\u0119cej informacji<\/strong><\/h2>\n\n\n\n<p>Mam nadziej\u0119, \u017ce to Ci wyja\u015bni\u0142o. Jak wspomnia\u0142em wcze\u015bniej, je\u015bli czego\u015b nie jeste\u015b pewien, zazwyczaj bezpieczniej jest pozostawi\u0107 pliki cookie w\u0142\u0105czone, na wypadek gdyby wchodzi\u0142y w interakcj\u0119 z u\u017cywan\u0105 przez Ciebie funkcj\u0105.<\/p>\n\n\n\n<p>Je\u015bli masz pytania lub w\u0105tpliwo\u015bci dotycz\u0105ce niniejszej polityki lub swoich danych, mo\u017cesz si\u0119 z nami skontaktowa\u0107, pisz\u0105c na adres:<br> <strong><a>kontakt@wibnax.com<\/a><\/strong><\/p>\n\n\n\n<p>Niniejsza polityka obowi\u0105zuje od dnia <strong>Czerwiec 2025<\/strong>.<\/p>","protected":false},"excerpt":{"rendered":"<p>Twoja prywatno\u015b\u0107 jest dla nas wa\u017cna. Polityk\u0105 WIBNAX jest poszanowanie Twojej prywatno\u015bci w odniesieniu do wszelkich informacji, kt\u00f3re mo\u017cemy od Ciebie gromadzi\u0107 na naszej stronie internetowej, w WIBNAX oraz na innych stronach, kt\u00f3re posiadamy i obs\u0142ugujemy. Prosimy o podanie danych osobowych tylko wtedy, gdy jest to naprawd\u0119 niezb\u0119dne do \u015bwiadczenia Ci us\u0142ug. Gromadzimy je w spos\u00f3b uczciwy [\u2026]<\/p>","protected":false},"author":198,"featured_media":0,"parent":0,"menu_order":0,"comment_status":"closed","ping_status":"closed","template":"","meta":{"footnotes":""},"_links":{"self":[{"href":"https:\/\/wibnax.com\/pl\/wp-json\/wp\/v2\/pages\/77"}],"collection":[{"href":"https:\/\/wibnax.com\/pl\/wp-json\/wp\/v2\/pages"}],"about":[{"href":"https:\/\/wibnax.com\/pl\/wp-json\/wp\/v2\/types\/page"}],"author":[{"embeddable":true,"href":"https:\/\/wibnax.com\/pl\/wp-json\/wp\/v2\/users\/198"}],"replies":[{"embeddable":true,"href":"https:\/\/wibnax.com\/pl\/wp-json\/wp\/v2\/comments?post=77"}],"version-history":[{"count":3,"href":"https:\/\/wibnax.com\/pl\/wp-json\/wp\/v2\/pages\/77\/revisions"}],"predecessor-version":[{"id":685,"href":"https:\/\/wibnax.com\/pl\/wp-json\/wp\/v2\/pages\/77\/revisions\/685"}],"wp:attachment":[{"href":"https:\/\/wibnax.com\/pl\/wp-json\/wp\/v2\/media?parent=77"}],"curies":[{"name":"wp","href":"https:\/\/api.w.org\/{rel}","templated":true}]}}