    {"id":75,"date":"2025-06-27T17:30:37","date_gmt":"2025-06-27T17:30:37","guid":{"rendered":"https:\/\/wibnax.com\/?page_id=75"},"modified":"2025-11-24T20:47:28","modified_gmt":"2025-11-24T20:47:28","slug":"contact","status":"publish","type":"page","link":"https:\/\/wibnax.com\/pl\/contact\/","title":{"rendered":"Kontakt"},"content":{"rendered":"<p>Dzi\u0119kujemy za odwiedziny <strong>Wibnax<\/strong>, Twoje miejsce, gdzie znajdziesz kulinarn\u0105 kreatywno\u015b\u0107, ciekawostki kulinarne i cyfrowe odkrycia smak\u00f3w. Doceniamy Twoje zainteresowanie i jeste\u015bmy tu po to, by nawi\u0105zywa\u0107 kontakty, wsp\u00f3\u0142pracowa\u0107 i wsp\u00f3lnie tworzy\u0107 nowe pomys\u0142y.<\/p>\n\n\n\n<h3 class=\"wp-block-heading\"><strong>Zapytania og\u00f3lne<\/strong><\/h3>\n\n\n\n<p>Masz pytanie dotycz\u0105ce Wibnax lub po prostu chcesz si\u0119 przywita\u0107? Napisz do nas na adres <strong>kontakt@wibnax.com<\/strong><br>Ch\u0119tnie poznamy opinie innych pasjonat\u00f3w \u017cywienia i postaramy si\u0119 odpowiedzie\u0107 najszybciej, jak to mo\u017cliwe.<\/p>\n\n\n\n<h3 class=\"wp-block-heading\"><strong>Sugestie i uwagi dotycz\u0105ce tre\u015bci<\/strong><\/h3>\n\n\n\n<p>Masz unikaln\u0105 perspektyw\u0119 na jedzenie, technologi\u0119 lub kultur\u0119 kulinarn\u0105? Chcesz napisa\u0107 artyku\u0142 lub zasugerowa\u0107 temat, kt\u00f3ry powinni\u015bmy om\u00f3wi\u0107? Skontaktuj si\u0119 z nami pod adresem <strong>kontakt@wibnax.com<\/strong><br>Zawsze jeste\u015bmy otwarci na odwa\u017cne pomys\u0142y i nowe g\u0142osy, kt\u00f3re kwestionuj\u0105 codzienno\u015b\u0107.<\/p>\n\n\n\n<h3 class=\"wp-block-heading\"><strong>Wsparcie techniczne<\/strong><\/h3>\n\n\n\n<p>Masz jakie\u015b problemy ze stron\u0105 lub dost\u0119pem do tre\u015bci? Daj nam zna\u0107 pod adresem <strong>kontakt@wibnax.com<\/strong><br>Zrobimy wszystko, co w naszej mocy, aby rozwi\u0105za\u0107 wszelkie problemy i umo\u017cliwi\u0107 Ci powr\u00f3t do czytania, nauki i tworzenia.<\/p>\n\n\n\n<h3 class=\"wp-block-heading\"><strong>Pozosta\u0144 w kontakcie<\/strong><\/h3>\n\n\n\n<p>Wibnax to publikacja cyfrowa, kt\u00f3rej odbiorcy s\u0105 na ca\u0142ym \u015bwiecie. Nie mamy fizycznego biura, ale zawsze jeste\u015bmy online \u2013 gotowi do zaanga\u017cowania, rozwoju i wsp\u00f3lnego tworzenia czego\u015b wyj\u0105tkowego.<\/p>\n\n\n\n<p>Dzi\u0119kujemy za odwiedziny. Cieszymy si\u0119 na wiadomo\u015b\u0107 od Ciebie!<\/p>\n\n\n\n<p><strong>Serdeczne pozdrowienia,<\/strong><br><em>Zesp\u00f3\u0142 Wibnax<\/em><\/p>","protected":false},"excerpt":{"rendered":"<p>Dzi\u0119kujemy za odwiedzenie Wibnax, Twojego miejsca, w kt\u00f3rym znajdziesz kulinarn\u0105 kreatywno\u015b\u0107, wiedz\u0119 o jedzeniu i cyfrowe odkrywanie smak\u00f3w. Doceniamy Twoje zainteresowanie i jeste\u015bmy tu po to, by nawi\u0105zywa\u0107 z Tob\u0105 kontakt, wsp\u00f3\u0142pracowa\u0107 i wsp\u00f3lnie tworzy\u0107 nowe pomys\u0142y. Zapytania og\u00f3lne Masz pytanie dotycz\u0105ce Wibnax lub po prostu chcesz si\u0119 przywita\u0107? Napisz do nas na adres contact@wibnax.com. Uwielbiamy kontaktowa\u0107 si\u0119 z Tob\u0105 [\u2026]<\/p>","protected":false},"author":198,"featured_media":0,"parent":0,"menu_order":0,"comment_status":"closed","ping_status":"closed","template":"","meta":{"footnotes":""},"_links":{"self":[{"href":"https:\/\/wibnax.com\/pl\/wp-json\/wp\/v2\/pages\/75"}],"collection":[{"href":"https:\/\/wibnax.com\/pl\/wp-json\/wp\/v2\/pages"}],"about":[{"href":"https:\/\/wibnax.com\/pl\/wp-json\/wp\/v2\/types\/page"}],"author":[{"embeddable":true,"href":"https:\/\/wibnax.com\/pl\/wp-json\/wp\/v2\/users\/198"}],"replies":[{"embeddable":true,"href":"https:\/\/wibnax.com\/pl\/wp-json\/wp\/v2\/comments?post=75"}],"version-history":[{"count":2,"href":"https:\/\/wibnax.com\/pl\/wp-json\/wp\/v2\/pages\/75\/revisions"}],"predecessor-version":[{"id":684,"href":"https:\/\/wibnax.com\/pl\/wp-json\/wp\/v2\/pages\/75\/revisions\/684"}],"wp:attachment":[{"href":"https:\/\/wibnax.com\/pl\/wp-json\/wp\/v2\/media?parent=75"}],"curies":[{"name":"wp","href":"https:\/\/api.w.org\/{rel}","templated":true}]}}