    {"id":73,"date":"2025-06-27T17:29:56","date_gmt":"2025-06-27T17:29:56","guid":{"rendered":"https:\/\/wibnax.com\/?page_id=73"},"modified":"2025-11-24T20:47:06","modified_gmt":"2025-11-24T20:47:06","slug":"about-us","status":"publish","type":"page","link":"https:\/\/wibnax.com\/pl\/about-us\/","title":{"rendered":"O nas"},"content":{"rendered":"<h1 class=\"wp-block-heading\"><strong>O nas<\/strong><\/h1>\n\n\n\n<p><strong>Witamy w Wibnax<\/strong> \u2013 Twoja kreatywna przestrze\u0144 do kulinarnych eksploracji, kulinarnych innowacji i jadalnych inspiracji. Niezale\u017cnie od tego, czy jeste\u015b pasjonatem gotowania w domu, pocz\u0105tkuj\u0105cym szefem kuchni, entuzjast\u0105 technologii kulinarnych, czy po prostu mi\u0142o\u015bnikiem kultury kulinarnej, Wibnax jest tu, by zaspokoi\u0107 Twoj\u0105 ciekawo\u015b\u0107.<\/p>\n\n\n\n<h2 class=\"wp-block-heading\"><strong>Co nas nap\u0119dza<\/strong><\/h2>\n\n\n\n<p>W Wibnax wierzymy, \u017ce jedzenie to co\u015b wi\u0119cej ni\u017c tylko po\u017cywienie \u2013 to j\u0119zyk, do\u015bwiadczenie i pot\u0119\u017cne narz\u0119dzie budowania wi\u0119zi, kreatywno\u015bci i to\u017csamo\u015bci kulturowej. Nasz\u0105 misj\u0105 jest odkrywanie skrzy\u017cowania gotowania, technologii, zr\u00f3wnowa\u017conego rozwoju i kultury poprzez dzielenie si\u0119 wnikliwymi artyku\u0142ami, \u015bwie\u017cymi pomys\u0142ami i praktycznymi wskaz\u00f3wkami, kt\u00f3re inspiruj\u0105 do innowacji w kuchni i nie tylko.<\/p>\n\n\n\n<p>Zanurzamy si\u0119 w ewoluuj\u0105cy \u015bwiat technologii \u017cywno\u015bci, \u017cywienia i zr\u00f3wnowa\u017conych praktyk, pokazuj\u0105c, jak nowoczesne narz\u0119dzia, nauka i \u015bwiadome wybory kszta\u0142tuj\u0105 przysz\u0142o\u015b\u0107 tego, co jemy. Celebrujemy kulinarn\u0105 wyobra\u017ani\u0119 i d\u0105\u017cymy do inspirowania czytelnik\u00f3w do eksperymentowania, nauki, zg\u0142\u0119biania tradycji kulinarnych i innego my\u015blenia o otaczaj\u0105cych nas systemach \u017cywno\u015bciowych.<\/p>\n\n\n\n<h2 class=\"wp-block-heading\"><strong>Kim jeste\u015bmy<\/strong><\/h2>\n\n\n\n<p>Jeste\u015bmy kolektywem mi\u0142o\u015bnik\u00f3w jedzenia, my\u015blicieli cyfrowych, kulinarnych odkrywc\u00f3w i kreatywnych pisarzy, kt\u00f3rzy wierz\u0105, \u017ce tre\u015bci o jedzeniu powinny by\u0107 przemy\u015blane, anga\u017cuj\u0105ce i przekraczaj\u0105ce granice. Wibnax narodzi\u0142 si\u0119 z pragnienia po\u0142\u0105czenia opowie\u015bci z nauk\u0105, sztuki z apetytem \u2013 sprawiaj\u0105c, \u017ce ka\u017cdy artyku\u0142 to podr\u00f3\u017c w g\u0142\u0105b smaku, kultury, technologii i znaczenia.<\/p>\n\n\n\n<p>Niezale\u017cnie od tego, czy omawiamy trendy \u017cywieniowe, odkrywamy \u015bwiatowe zwyczaje kulinarne, dzielimy si\u0119 wiedz\u0105 na temat \u017cywienia, zag\u0142\u0119biamy si\u0119 w techniki kuchenne czy te\u017c poznajemy innowacje zmieniaj\u0105ce spos\u00f3b produkcji i spo\u017cywania \u017cywno\u015bci, naszym celem jest dostarczanie tre\u015bci, kt\u00f3re s\u0105 r\u00f3wnie smaczne i sk\u0142aniaj\u0105ce do my\u015blenia, co \u0142atwe do przyswojenia.<\/p>\n\n\n\n<h2 class=\"wp-block-heading\"><strong>Zaanga\u017cowa\u0107 si\u0119<\/strong><\/h2>\n\n\n\n<p>Masz przepis, kt\u00f3ry \u0142amie zasady? Odkrycie w dziedzinie technologii \u017cywieniowych? Tradycj\u0119, kt\u00f3r\u0105 chcesz si\u0119 podzieli\u0107? Porad\u0119 dotycz\u0105c\u0105 zr\u00f3wnowa\u017conego rozwoju lub histori\u0119, kt\u00f3r\u0105 chcesz opowiedzie\u0107? Ch\u0119tnie Ci\u0119 poznamy. Wibnax rozwija si\u0119 dzi\u0119ki g\u0142osom spo\u0142eczno\u015bci i r\u00f3\u017cnorodnym perspektywom \u2014 bo \u015bwietne pomys\u0142y mog\u0105 narodzi\u0107 si\u0119 wsz\u0119dzie.<\/p>\n\n\n\n<p>Odkryjmy razem \u015bwiat jedzenia \u2014 jeden wpis, jeden k\u0119s, jeden pomys\u0142 na raz.<\/p>","protected":false},"excerpt":{"rendered":"<p>O nas Witamy w Wibnax \u2013 Twojej kreatywnej przestrzeni do kulinarnych eksploracji, kulinarnych innowacji i jadalnych inspiracji. Niezale\u017cnie od tego, czy jeste\u015b pasjonatem gotowania w domu, pocz\u0105tkuj\u0105cym szefem kuchni, entuzjast\u0105 technologii kulinarnych, czy po prostu mi\u0142o\u015bnikiem kultury kulinarnej, Wibnax jest tutaj, aby zaspokoi\u0107 Twoj\u0105 ciekawo\u015b\u0107. Co nas nap\u0119dza W Wibnax wierzymy, \u017ce jedzenie to co\u015b wi\u0119cej ni\u017c [\u2026]<\/p>","protected":false},"author":198,"featured_media":0,"parent":0,"menu_order":0,"comment_status":"closed","ping_status":"closed","template":"","meta":{"footnotes":""},"_links":{"self":[{"href":"https:\/\/wibnax.com\/pl\/wp-json\/wp\/v2\/pages\/73"}],"collection":[{"href":"https:\/\/wibnax.com\/pl\/wp-json\/wp\/v2\/pages"}],"about":[{"href":"https:\/\/wibnax.com\/pl\/wp-json\/wp\/v2\/types\/page"}],"author":[{"embeddable":true,"href":"https:\/\/wibnax.com\/pl\/wp-json\/wp\/v2\/users\/198"}],"replies":[{"embeddable":true,"href":"https:\/\/wibnax.com\/pl\/wp-json\/wp\/v2\/comments?post=73"}],"version-history":[{"count":2,"href":"https:\/\/wibnax.com\/pl\/wp-json\/wp\/v2\/pages\/73\/revisions"}],"predecessor-version":[{"id":683,"href":"https:\/\/wibnax.com\/pl\/wp-json\/wp\/v2\/pages\/73\/revisions\/683"}],"wp:attachment":[{"href":"https:\/\/wibnax.com\/pl\/wp-json\/wp\/v2\/media?parent=73"}],"curies":[{"name":"wp","href":"https:\/\/api.w.org\/{rel}","templated":true}]}}