    {"id":71,"date":"2025-06-27T17:28:59","date_gmt":"2025-06-27T17:28:59","guid":{"rendered":"https:\/\/wibnax.com\/?page_id=71"},"modified":"2025-11-24T20:48:33","modified_gmt":"2025-11-24T20:48:33","slug":"terms-of-use","status":"publish","type":"page","link":"https:\/\/wibnax.com\/pl\/terms-of-use\/","title":{"rendered":"Warunki korzystania"},"content":{"rendered":"<p><strong>Ostatnia aktualizacja: 27 czerwca 2025 r.<\/strong><\/p>\n\n\n\n<p>Wibnax to niezale\u017cna platforma cyfrowa oferuj\u0105ca tre\u015bci redakcyjne dotycz\u0105ce trend\u00f3w kulinarnych, technik gotowania, kultury kulinarnej i powi\u0105zanych z ni\u0105 temat\u00f3w zwi\u0105zanych ze stylem \u017cycia. Uzyskuj\u0105c dost\u0119p do tej strony internetowej lub korzystaj\u0105c z niej, zgadzasz si\u0119 przestrzega\u0107 poni\u017cszych warunk\u00f3w, zasad i zasad.<\/p>\n\n\n\n<p>Niniejsze Warunki Korzystania okre\u015blaj\u0105 prawa i obowi\u0105zki u\u017cytkownik\u00f3w korzystaj\u0105cych z platformy Wibnax. Korzystanie ze strony internetowej podlega r\u00f3wnie\u017c naszej Polityce Prywatno\u015bci.<\/p>\n\n\n\n<p><strong>PROSIMY O UWA\u017bNE PRZECZYTANIE NINIEJSZYCH WARUNK\u00d3W. JE\u015aLI NIE ZGADZASZ SI\u0118 Z NIMI, NIE KORZYSTAJ Z WIBNAX ANI \u017bADNYCH JEGO US\u0141UG.<\/strong><\/p>\n\n\n\n<h3 class=\"wp-block-heading\"><strong>Artyku\u0142 I \u2013 Umowa u\u017cytkownika<\/strong><\/h3>\n\n\n\n<p>1.1 Korzystaj\u0105c z serwisu Wibnax, potwierdzasz pe\u0142n\u0105 akceptacj\u0119 niniejszych Warunk\u00f3w korzystania i naszej Polityki prywatno\u015bci.<br>1.2 Aby uzyska\u0107 dost\u0119p do naszych tre\u015bci i funkcji, musisz mie\u0107 uko\u0144czone 18 lat lub posiada\u0107 zdolno\u015b\u0107 prawn\u0105 w swojej jurysdykcji.<br>1.3 Je\u017celi nie spe\u0142niasz tych warunk\u00f3w lub nie zgadzasz si\u0119 z jak\u0105kolwiek cz\u0119\u015bci\u0105 niniejszych warunk\u00f3w, nie mo\u017cesz uzyska\u0107 dost\u0119pu do naszych us\u0142ug ani z nich korzysta\u0107.<\/p>\n\n\n\n<h3 class=\"wp-block-heading\"><strong>Artyku\u0142 II \u2013 Komunikacja<\/strong><\/h3>\n\n\n\n<p>2.1 Wibnax udost\u0119pnia czytelnikom kana\u0142y komunikacji umo\u017cliwiaj\u0105ce przesy\u0142anie sugestii, zapyta\u0144 lub zg\u0142aszanie problem\u00f3w technicznych.<br>2.2 Mo\u017cesz si\u0119 z nami skontaktowa\u0107 poprzez nasz\u0105 Stron\u0119 Kontaktow\u0105 lub korzystaj\u0105c ze wskazanego tam adresu e-mail.<\/p>\n\n\n\n<h3 class=\"wp-block-heading\"><strong>Artyku\u0142 III \u2013 Obowi\u0105zki Stron<\/strong><\/h3>\n\n\n\n<p>3.1 U\u017cytkownicy zgadzaj\u0105 si\u0119 przestrzega\u0107 niniejszych Warunk\u00f3w korzystania i Polityki prywatno\u015bci podczas korzystania z tre\u015bci Wibnax.<br>3.2 Wibnax mo\u017ce udost\u0119pnia\u0107 linki do zewn\u0119trznych stron internetowych lub \u017ar\u00f3de\u0142 informacji, kt\u00f3re mog\u0105 by\u0107 \u017ar\u00f3d\u0142em dalszych informacji. Linki te udost\u0119pniane s\u0105 wy\u0142\u0105cznie dla wygody.<br>3.3 Po przekierowaniu u\u017cytkownicy podlegaj\u0105 zasadom obowi\u0105zuj\u0105cym na stronie zewn\u0119trznej. Wibnax nie ponosi odpowiedzialno\u015bci za dok\u0142adno\u015b\u0107 ani praktyki stosowane przez \u017ar\u00f3d\u0142a zewn\u0119trzne.<br>3.4 U\u017cytkownicy odpowiadaj\u0105 za utrzymanie bezpiecze\u0144stwa swoich urz\u0105dze\u0144 i po\u0142\u0105czenia internetowego podczas korzystania z Wibnax.<br>3.5 Wibnax nie ponosi odpowiedzialno\u015bci za problemy techniczne, nieautoryzowany dost\u0119p lub niew\u0142a\u015bciwe u\u017cycie platformy pozostaj\u0105ce poza nasz\u0105 kontrol\u0105.<br>3.6 Nigdy nie b\u0119dziemy prosi\u0107 o podanie danych bankowych lub poufnych informacji za po\u015brednictwem nieoficjalnych kana\u0142\u00f3w.<br>3.7 Wszelkie podejrzane wiadomo\u015bci lub dzia\u0142ania w imieniu Wibnax nale\u017cy natychmiast zg\u0142asza\u0107 za po\u015brednictwem naszej strony kontaktowej.<\/p>\n\n\n\n<h3 class=\"wp-block-heading\"><strong>Artyku\u0142 IV \u2013 Zabronione zachowanie<\/strong><\/h3>\n\n\n\n<p>U\u017cytkownikom surowo zabrania si\u0119:<\/p>\n\n\n\n<ul>\n<li>Podejmowanie dzia\u0142a\u0144 niezgodnych z prawem, wprowadzaj\u0105cych w b\u0142\u0105d lub szkodliwych;<\/li>\n\n\n\n<li>Naruszenie praw autorskich, znak\u00f3w towarowych lub przepis\u00f3w o ochronie danych;<\/li>\n\n\n\n<li>Rozpowszechnianie z\u0142o\u015bliwego oprogramowania lub z\u0142o\u015bliwego kodu;<\/li>\n\n\n\n<li>Podszywanie si\u0119 pod inne osoby lub fa\u0142szywe przedstawianie powi\u0105za\u0144;<\/li>\n\n\n\n<li>Zbieranie danych u\u017cytkownika bez jego zgody;<\/li>\n\n\n\n<li>Udost\u0119pnianie nieautoryzowanych lub wprowadzaj\u0105cych w b\u0142\u0105d tre\u015bci;<\/li>\n\n\n\n<li>N\u0119kanie, gro\u017cenie lub znies\u0142awianie os\u00f3b;<\/li>\n\n\n\n<li>Pr\u00f3ba zak\u0142\u00f3cenia dzia\u0142ania lub integralno\u015bci platformy.<\/li>\n<\/ul>\n\n\n\n<p>Naruszenia mog\u0105 skutkowa\u0107 czasowym lub sta\u0142ym ograniczeniem dost\u0119pu do Wibnax bez wcze\u015bniejszego powiadomienia.<\/p>\n\n\n\n<h3 class=\"wp-block-heading\"><strong>Artyku\u0142 V \u2013 Ograniczenie odpowiedzialno\u015bci i gwarancji<\/strong><\/h3>\n\n\n\n<p>Us\u0142uga Wibnax jest udost\u0119pniana \u201ew stanie, w jakim si\u0119 znajduje\u201d i \u201ew miar\u0119 dost\u0119pno\u015bci\u201d, bez \u017cadnych gwarancji wyra\u017anych ani dorozumianych.<br>Nie gwarantujemy nieprzerwanej obs\u0142ugi, wolnej od b\u0142\u0119d\u00f3w tre\u015bci ani tego, \u017ce wszystkie materia\u0142y odpowiadaj\u0105 Twoim konkretnym potrzebom.<br>W maksymalnym zakresie dozwolonym przez prawo Wibnax nie ponosi odpowiedzialno\u015bci za jakiekolwiek szkody bezpo\u015brednie lub po\u015brednie zwi\u0105zane z u\u017cytkowaniem lub dzia\u0142aniem platformy.<\/p>\n\n\n\n<h3 class=\"wp-block-heading\"><strong>Artyku\u0142 VI \u2013 Okres obowi\u0105zywania i ramy prawne<\/strong><\/h3>\n\n\n\n<p>Niniejsze Warunki korzystania pozostaj\u0105 w mocy przez czas nieokre\u015blony.<br>Wszelkie roszczenia prawne lub spory zwi\u0105zane z korzystaniem z Wibnax musz\u0105 zosta\u0107 z\u0142o\u017cone w ci\u0105gu 90 (dziewi\u0119\u0107dziesi\u0119ciu) dni od zaj\u015bcia danego zdarzenia.<\/p>\n\n\n\n<h3 class=\"wp-block-heading\"><strong>Artyku\u0142 VII \u2013 Prawo w\u0142a\u015bciwe i jurysdykcja<\/strong><\/h3>\n\n\n\n<p>Niniejsze Warunki korzystania podlegaj\u0105 przepisom i interpretacji zgodnie z <strong>prawa Republiki Estonii<\/strong>Wszelkie spory, kontrowersje lub roszczenia wynikaj\u0105ce z niniejszych Warunk\u00f3w lub zwi\u0105zane z nimi lub korzystaniem z tej witryny internetowej b\u0119d\u0105 rozstrzygane zgodnie z prawem esto\u0144skim, zgodnie z <strong>wy\u0142\u0105czna jurysdykcja s\u0105d\u00f3w w Tallinie w Estonii<\/strong>.<br>Klauzula ta zapewnia przejrzysto\u015b\u0107 prawn\u0105 i zgodno\u015b\u0107 z najlepszymi praktykami w zakresie zgodno\u015bci z prawem mi\u0119dzynarodowym, zgodnie z przepisami prawa esto\u0144skiego <em>Ustawa o prawie zobowi\u0105za\u0144<\/em> I <em>Ustawa o prawie prywatnym mi\u0119dzynarodowym<\/em>.<\/p>\n\n\n\n<h3 class=\"wp-block-heading\"><strong>Artyku\u0142 VIII \u2013 W\u0142asno\u015b\u0107 intelektualna<\/strong><\/h3>\n\n\n\n<p>8.1 Wszelkie oryginalne tre\u015bci w serwisie Wibnax, w tym artyku\u0142y, teksty, materia\u0142y wizualne i branding, s\u0105 chronione prawem w\u0142asno\u015bci intelektualnej.<br>8.2 U\u017cytkownicy nie mog\u0105 reprodukowa\u0107, rozpowszechnia\u0107 ani wykorzystywa\u0107 \u017cadnej cz\u0119\u015bci tre\u015bci bez pisemnej zgody Wibnax.<br>8.3 Tre\u015bci przes\u0142ane przez u\u017cytkownik\u00f3w pozostaj\u0105 odpowiedzialno\u015bci\u0105 ich autora. Wibnax zastrzega sobie prawo do usuwania tre\u015bci naruszaj\u0105cych standardy prawne, etyczne lub redakcyjne.<\/p>\n\n\n\n<h3 class=\"wp-block-heading\"><strong>Artyku\u0142 IX \u2013 Zmiany w Warunkach<\/strong><\/h3>\n\n\n\n<p>Wibnax zastrzega sobie prawo do aktualizacji lub zmiany niniejszych Warunk\u00f3w w dowolnym momencie i bez wcze\u015bniejszego powiadomienia.<br>Obowi\u0105zkiem u\u017cytkownika jest okresowe przegl\u0105danie tej strony. Dalsze korzystanie z platformy po wprowadzeniu zmian oznacza akceptacj\u0119 zmienionych Warunk\u00f3w.<\/p>\n\n\n\n<h3 class=\"wp-block-heading\"><strong>Artyku\u0142 X \u2013 Kontakt<\/strong><\/h3>\n\n\n\n<p>W razie pyta\u0144 lub w\u0105tpliwo\u015bci dotycz\u0105cych niniejszych Warunk\u00f3w korzystania prosimy o kontakt pod adresem:<br><br>E-mail: <strong>kontakt@wibnax.com<\/strong><\/p>\n\n\n\n<p><strong>JE\u015aLI NIE ZGADZASZ SI\u0118 Z TYMI WARUNKAMI, PROSIMY O NIEKORZYSTANIE Z WIBNAX I JEGO US\u0141UG.<\/strong><\/p>","protected":false},"excerpt":{"rendered":"<p>Last updated: June 27, 2025 Wibnax is an independent digital platform offering editorial content related to culinary trends, cooking techniques, food culture, and related lifestyle topics. By accessing or using this website, you agree to abide by the terms, conditions, and policies outlined below. These Terms of Use define the rights and responsibilities of users [&hellip;]<\/p>","protected":false},"author":198,"featured_media":0,"parent":0,"menu_order":0,"comment_status":"closed","ping_status":"closed","template":"","meta":{"footnotes":""},"_links":{"self":[{"href":"https:\/\/wibnax.com\/pl\/wp-json\/wp\/v2\/pages\/71"}],"collection":[{"href":"https:\/\/wibnax.com\/pl\/wp-json\/wp\/v2\/pages"}],"about":[{"href":"https:\/\/wibnax.com\/pl\/wp-json\/wp\/v2\/types\/page"}],"author":[{"embeddable":true,"href":"https:\/\/wibnax.com\/pl\/wp-json\/wp\/v2\/users\/198"}],"replies":[{"embeddable":true,"href":"https:\/\/wibnax.com\/pl\/wp-json\/wp\/v2\/comments?post=71"}],"version-history":[{"count":3,"href":"https:\/\/wibnax.com\/pl\/wp-json\/wp\/v2\/pages\/71\/revisions"}],"predecessor-version":[{"id":686,"href":"https:\/\/wibnax.com\/pl\/wp-json\/wp\/v2\/pages\/71\/revisions\/686"}],"wp:attachment":[{"href":"https:\/\/wibnax.com\/pl\/wp-json\/wp\/v2\/media?parent=71"}],"curies":[{"name":"wp","href":"https:\/\/api.w.org\/{rel}","templated":true}]}}