    {"id":77,"date":"2025-06-27T17:32:54","date_gmt":"2025-06-27T17:32:54","guid":{"rendered":"https:\/\/wibnax.com\/?page_id=77"},"modified":"2025-11-24T20:48:03","modified_gmt":"2025-11-24T20:48:03","slug":"privacy-policy","status":"publish","type":"page","link":"https:\/\/wibnax.com\/it\/privacy-policy\/","title":{"rendered":"politica sulla riservatezza"},"content":{"rendered":"<p>La tua privacy \u00e8 importante per noi. \u00c8 <strong>WIBNAX<\/strong> politica per rispettare la tua privacy in merito a qualsiasi informazione che potremmo raccogliere da te attraverso il nostro sito web, <strong>WIBNAX<\/strong>e altri siti di nostra propriet\u00e0 e gestione.<\/p>\n\n\n\n<p>Richiediamo informazioni personali solo quando ne abbiamo realmente bisogno per fornirti un servizio. Le raccogliamo con mezzi equi e leciti, con la tua conoscenza e il tuo consenso. Ti informiamo inoltre sul motivo per cui le raccogliamo e su come verranno utilizzate.<\/p>\n\n\n\n<p>Conserviamo le informazioni raccolte solo per il tempo necessario a fornirti il servizio richiesto. I dati che conserviamo saranno protetti con mezzi commercialmente accettabili per prevenirne la perdita e il furto, nonch\u00e9 l&#039;accesso, la divulgazione, la copia, l&#039;uso o la modifica non autorizzati.<\/p>\n\n\n\n<p>Non condividiamo alcuna informazione personale n\u00e9 pubblicamente n\u00e9 con terze parti, salvo quando richiesto dalla legge.<\/p>\n\n\n\n<p>Il nostro sito web potrebbe contenere link a siti esterni non gestiti da noi. Si prega di notare che non abbiamo alcun controllo sui contenuti e sulle pratiche di questi siti e non possiamo assumerci alcuna responsabilit\u00e0 per le rispettive informative sulla privacy.<\/p>\n\n\n\n<p>Puoi rifiutare la nostra richiesta di informazioni personali, con la consapevolezza che potremmo non essere in grado di fornirti alcuni dei servizi desiderati.<\/p>\n\n\n\n<p>L&#039;utilizzo continuato del nostro sito web sar\u00e0 considerato come accettazione delle nostre pratiche in materia di privacy e trattamento dei dati personali. Per qualsiasi domanda su come gestiamo i dati degli utenti e le informazioni personali, non esitate a contattarci.<\/p>\n\n\n\n<h1 class=\"wp-block-heading\"><strong>Informativa sui cookie per WIBNAX<\/strong><\/h1>\n\n\n\n<p>Questa \u00e8 la Cookie Policy per <strong>WIBNAX<\/strong>, accessibile da https:\/\/wibnax.com<\/p>\n\n\n\n<h2 class=\"wp-block-heading\"><strong>Cosa sono i cookie<\/strong><\/h2>\n\n\n\n<p>Come prassi comune per quasi tutti i siti web professionali, questo sito utilizza i cookie, piccoli file che vengono scaricati sul tuo computer per migliorare la tua esperienza. Questa pagina descrive quali informazioni raccolgono, come le utilizziamo e perch\u00e9 a volte abbiamo bisogno di memorizzare questi cookie. Ti spiegheremo anche come puoi impedire che questi cookie vengano memorizzati; tuttavia, ci\u00f2 potrebbe ridurre o &quot;interrompere&quot; alcune funzionalit\u00e0 del sito.<\/p>\n\n\n\n<h2 class=\"wp-block-heading\"><strong>Come utilizziamo i cookie<\/strong><\/h2>\n\n\n\n<p>Utilizziamo i cookie per una serie di motivi, descritti di seguito. Purtroppo, nella maggior parte dei casi, non esistono opzioni standard di settore per disabilitare i cookie senza disattivare completamente le funzionalit\u00e0 e le caratteristiche che aggiungono a questo sito. Si consiglia di lasciare attivi tutti i cookie se non si \u00e8 sicuri di averne bisogno o meno, nel caso in cui vengano utilizzati per fornire un servizio di cui si usufruisce.<\/p>\n\n\n\n<h2 class=\"wp-block-heading\"><strong>Disabilitazione dei cookie<\/strong><\/h2>\n\n\n\n<p>\u00c8 possibile impedire l&#039;installazione dei cookie modificando le impostazioni del browser (consultare la sezione Guida del browser per informazioni su come procedere). Si tenga presente che la disattivazione dei cookie influir\u00e0 sulla funzionalit\u00e0 di questo e di molti altri siti web visitati. La disattivazione dei cookie comporta solitamente anche la disattivazione di alcune funzionalit\u00e0 e caratteristiche di questo sito. Pertanto, si consiglia di non disattivare i cookie.<\/p>\n\n\n\n<h2 class=\"wp-block-heading\"><strong>I cookie che impostiamo<\/strong><\/h2>\n\n\n\n<h3 class=\"wp-block-heading\"><strong>Cookie relativi all&#039;account<\/strong><\/h3>\n\n\n\n<p>Se crei un account con noi, utilizzeremo i cookie per la gestione del processo di registrazione e per l&#039;amministrazione generale. Questi cookie vengono solitamente eliminati al momento del logout. Tuttavia, in alcuni casi, potrebbero rimanere memorizzati per ricordare le tue preferenze del sito anche dopo il logout.<\/p>\n\n\n\n<h3 class=\"wp-block-heading\"><strong>Cookie relativi all&#039;accesso<\/strong><\/h3>\n\n\n\n<p>Utilizziamo i cookie quando effettui l&#039;accesso per ricordarlo. Questo ti evita di dover effettuare l&#039;accesso ogni volta che visiti una nuova pagina. Questi cookie vengono solitamente rimossi o cancellati quando effettui il logout, per garantire che tu possa accedere alle funzionalit\u00e0 e alle aree riservate solo dopo aver effettuato l&#039;accesso.<\/p>\n\n\n\n<h3 class=\"wp-block-heading\"><strong>Cookie relativi alla newsletter via e-mail<\/strong><\/h3>\n\n\n\n<p>Questo sito offre servizi di newsletter o di abbonamento via e-mail e i cookie potrebbero essere utilizzati per ricordare se sei gi\u00e0 registrato e se mostrare determinate notifiche che potrebbero essere valide solo per gli utenti iscritti o non iscritti.<\/p>\n\n\n\n<h3 class=\"wp-block-heading\"><strong>Cookie relativi all&#039;elaborazione degli ordini<\/strong><\/h3>\n\n\n\n<p>Sebbene Wibnax al momento non offra servizi di e-commerce, se in futuro aggiungessimo questa funzionalit\u00e0, i cookie verrebbero utilizzati per garantire che il tuo ordine venga ricordato tra le pagine, in modo da poterlo elaborare correttamente.<\/p>\n\n\n\n<h3 class=\"wp-block-heading\"><strong>Cookie relativi ai sondaggi<\/strong><\/h3>\n\n\n\n<p>Di tanto in tanto, proponiamo sondaggi e questionari agli utenti per fornirti approfondimenti, strumenti utili o per comprendere meglio il nostro pubblico. Questi sondaggi potrebbero utilizzare cookie per ricordare chi ha gi\u00e0 partecipato o per fornire risultati accurati dopo aver cambiato pagina.<\/p>\n\n\n\n<h3 class=\"wp-block-heading\"><strong>Cookie relativi ai moduli<\/strong><\/h3>\n\n\n\n<p>Quando invii dati tramite un modulo, come quelli presenti nelle pagine dei contatti o nelle sezioni dei commenti, i cookie potrebbero essere impostati per ricordare i tuoi dati utente per la corrispondenza futura.<\/p>\n\n\n\n<h3 class=\"wp-block-heading\"><strong>Cookie delle preferenze del sito<\/strong><\/h3>\n\n\n\n<p>Per offrirti un&#039;esperienza ottimale, abilitiamo la funzionalit\u00e0 per impostare le tue preferenze su come funziona questo sito quando lo utilizzi. Per ricordare le tue preferenze, dobbiamo impostare i cookie in modo che queste informazioni possano essere richiamate ogni volta che interagisci con una pagina interessata dalle tue impostazioni.<\/p>\n\n\n\n<h2 class=\"wp-block-heading\"><strong>Cookie di terze parti<\/strong><\/h2>\n\n\n\n<p>In alcuni casi particolari, utilizziamo anche cookie forniti da terze parti fidate. La sezione seguente descrive in dettaglio quali cookie di terze parti potresti incontrare su questo sito:<\/p>\n\n\n\n<ul>\n<li><strong>Google Analytics<\/strong><br>Questo sito utilizza Google Analytics, una delle soluzioni di analisi pi\u00f9 diffuse e affidabili sul web, per aiutarci a capire come utilizzi il sito e come possiamo migliorare la tua esperienza. Questi cookie possono tracciare dati come il tempo che trascorri sul sito e le pagine che visiti.<br>Per maggiori informazioni sui cookie di Google Analytics, consultare la <a>pagina ufficiale di Google Analytics<\/a>.<\/li>\n\n\n\n<li><strong>Analisi di terze parti<\/strong><br>Questi cookie vengono utilizzati per monitorare e misurare l&#039;utilizzo di questo sito, in modo da poter continuare a produrre contenuti pertinenti. Questi cookie possono tracciare il tempo che trascorri sul sito o le pagine che visiti, aiutandoci a capire come servirti al meglio.<\/li>\n\n\n\n<li><strong>Testare nuove funzionalit\u00e0<\/strong><br>Occasionalmente, testiamo nuove funzionalit\u00e0 e apportiamo piccole modifiche al modo in cui il sito viene visualizzato. I cookie potrebbero essere utilizzati per garantire un&#039;esperienza coerente e per aiutarci a capire quali ottimizzazioni sono pi\u00f9 apprezzate dagli utenti.<\/li>\n\n\n\n<li><strong>Monitoraggio delle conversioni<\/strong><br>Se eseguiamo qualsiasi forma di promozione o pubblicit\u00e0 di prodotti, questi cookie ci aiutano a capire quanti visitatori interagiscono effettivamente con quel contenuto o si convertono in clienti. Questo ci aiuta a prendere decisioni informate per ottimizzare i contenuti e l&#039;esperienza utente.<\/li>\n\n\n\n<li><strong>Cookie dei social media<\/strong><br>Potremmo integrare pulsanti o plugin dei social media che ti consentono di connetterti alla tua rete. Affinch\u00e9 funzionino, piattaforme social come <strong>Instagram<\/strong>, <strong>Pinterest<\/strong>, O <strong>Twitter\/X<\/strong> pu\u00f2 impostare cookie attraverso il nostro sito. Questi cookie possono essere utilizzati per migliorare il tuo profilo o contribuire alle loro politiche di analisi e raccolta dati.<\/li>\n<\/ul>\n\n\n\n<h3 class=\"wp-block-heading\">Pubblicit\u00e0 (Google AdSense) e le tue scelte<\/h3>\n\n\n\n<p>Questo sito utilizza Google AdSense per visualizzare annunci pubblicitari. Google e i suoi partner potrebbero utilizzare cookie o altre tecnologie per pubblicare, misurare e personalizzare gli annunci in base alle tue visite a questo e ad altri siti web.<\/p>\n\n\n\n<p>Per scoprire come Google utilizza i dati provenienti da siti e app che utilizzano i suoi servizi, visita:<br><a href=\"https:\/\/policies.google.com\/technologies\/partner-sites\">https:\/\/policies.google.com\/technologies\/partner-sites<\/a><\/p>\n\n\n\n<p><strong>Disattivazione degli annunci personalizzati:<\/strong><br>Puoi disattivare la pubblicit\u00e0 personalizzata di Google visitando il tuo <strong><a href=\"https:\/\/adssettings.google.com\/\">Impostazioni annunci (Il mio centro annunci)<\/a><\/strong>.<br>In alternativa, puoi disattivare la pubblicit\u00e0 basata sugli interessi da molti altri fornitori di annunci visitando <strong><a href=\"https:\/\/www.aboutads.info\/choices\/\">AboutAds.info\/choices<\/a><\/strong>.<\/p>\n\n\n\n<p>Nota: anche se decidi di non partecipare, continuerai a visualizzare gli annunci pubblicitari, ma potrebbero essere meno pertinenti ai tuoi interessi.<\/p>\n\n\n\n<h2 class=\"wp-block-heading\"><\/h2>\n\n\n\n<h2 class=\"wp-block-heading\"><strong>Ulteriori informazioni<\/strong><\/h2>\n\n\n\n<p>Spero che questo ti abbia chiarito le idee. Come accennato in precedenza, se c&#039;\u00e8 qualcosa di cui non sei sicuro, \u00e8 generalmente pi\u00f9 sicuro lasciare i cookie abilitati nel caso in cui interagiscano con una funzionalit\u00e0 che utilizzi.<\/p>\n\n\n\n<p>In caso di domande o dubbi riguardanti questa politica o i tuoi dati, puoi contattarci a:<br> <strong><a>contact@wibnax.com<\/a><\/strong><\/p>\n\n\n\n<p>La presente politica \u00e8 efficace a partire dal <strong>Giugno 2025<\/strong>.<\/p>","protected":false},"excerpt":{"rendered":"<p>Your privacy is important to us. It is WIBNAX\u2019s policy to respect your privacy regarding any information we may collect from you across our website, WIBNAX, and other sites we own and operate. We only ask for personal information when we truly need it to provide a service to you. We collect it by fair [&hellip;]<\/p>","protected":false},"author":198,"featured_media":0,"parent":0,"menu_order":0,"comment_status":"closed","ping_status":"closed","template":"","meta":{"footnotes":""},"_links":{"self":[{"href":"https:\/\/wibnax.com\/it\/wp-json\/wp\/v2\/pages\/77"}],"collection":[{"href":"https:\/\/wibnax.com\/it\/wp-json\/wp\/v2\/pages"}],"about":[{"href":"https:\/\/wibnax.com\/it\/wp-json\/wp\/v2\/types\/page"}],"author":[{"embeddable":true,"href":"https:\/\/wibnax.com\/it\/wp-json\/wp\/v2\/users\/198"}],"replies":[{"embeddable":true,"href":"https:\/\/wibnax.com\/it\/wp-json\/wp\/v2\/comments?post=77"}],"version-history":[{"count":3,"href":"https:\/\/wibnax.com\/it\/wp-json\/wp\/v2\/pages\/77\/revisions"}],"predecessor-version":[{"id":685,"href":"https:\/\/wibnax.com\/it\/wp-json\/wp\/v2\/pages\/77\/revisions\/685"}],"wp:attachment":[{"href":"https:\/\/wibnax.com\/it\/wp-json\/wp\/v2\/media?parent=77"}],"curies":[{"name":"wp","href":"https:\/\/api.w.org\/{rel}","templated":true}]}}