    {"id":73,"date":"2025-06-27T17:29:56","date_gmt":"2025-06-27T17:29:56","guid":{"rendered":"https:\/\/wibnax.com\/?page_id=73"},"modified":"2025-11-24T20:47:06","modified_gmt":"2025-11-24T20:47:06","slug":"about-us","status":"publish","type":"page","link":"https:\/\/wibnax.com\/it\/about-us\/","title":{"rendered":"Chi siamo"},"content":{"rendered":"<h1 class=\"wp-block-heading\"><strong>Chi siamo<\/strong><\/h1>\n\n\n\n<p><strong>Benvenuti a Wibnax<\/strong> \u2013 il tuo spazio creativo per l&#039;esplorazione del cibo, l&#039;innovazione culinaria e l&#039;ispirazione commestibile. Che tu sia un appassionato cuoco casalingo, un aspirante chef, un appassionato di foodtech o semplicemente un amante della cultura del cibo, Wibnax \u00e8 qui per soddisfare la tua curiosit\u00e0.<\/p>\n\n\n\n<h2 class=\"wp-block-heading\"><strong>Ci\u00f2 che ci spinge<\/strong><\/h2>\n\n\n\n<p>Noi di Wibnax crediamo che il cibo sia pi\u00f9 di un semplice nutrimento: \u00e8 un linguaggio, un&#039;esperienza e un potente strumento di connessione, creativit\u00e0 e identit\u00e0 culturale. La nostra missione \u00e8 esplorare l&#039;intersezione tra cucina, tecnologia, sostenibilit\u00e0 e cultura condividendo articoli illuminanti, idee innovative e consigli pratici che stimolano l&#039;innovazione in cucina e non solo.<\/p>\n\n\n\n<p>Ci immergiamo nel mondo in continua evoluzione della tecnologia alimentare, della nutrizione e delle pratiche sostenibili, mostrando come strumenti moderni, scienza e scelte consapevoli plasmino il futuro di ci\u00f2 che mangiamo. Celebriamo l&#039;immaginazione culinaria e miriamo a ispirare i lettori a sperimentare, imparare, esplorare le tradizioni alimentari e pensare in modo diverso ai sistemi alimentari che ci circondano.<\/p>\n\n\n\n<h2 class=\"wp-block-heading\"><strong>Chi siamo<\/strong><\/h2>\n\n\n\n<p>Siamo un collettivo di amanti del cibo, pensatori digitali, esploratori culinari e scrittori creativi che credono che i contenuti culinari debbano essere ponderati, coinvolgenti e innovativi. Wibnax nasce dal desiderio di fondere narrazione e scienza, arte e appetito, rendendo ogni articolo un viaggio nel gusto, nella cultura, nella tecnologia e nel significato.<\/p>\n\n\n\n<p>Che si tratti di analizzare le tendenze alimentari, scoprire tradizioni culinarie globali, condividere approfondimenti nutrizionali, approfondire tecniche culinarie o esplorare innovazioni che trasformano il modo in cui il cibo viene prodotto e consumato, il nostro obiettivo \u00e8 offrire contenuti che siano tanto deliziosamente stimolanti quanto digeribili.<\/p>\n\n\n\n<h2 class=\"wp-block-heading\"><strong>Partecipa<\/strong><\/h2>\n\n\n\n<p>Hai una ricetta che infrange le regole? Una scoperta nel campo della tecnologia alimentare? Una tradizione che vuoi condividere? Un consiglio sulla sostenibilit\u00e0 o una storia che vuoi raccontare? Ci piacerebbe sentire il tuo parere. Wibnax prospera grazie alle voci della comunit\u00e0 e alle diverse prospettive, perch\u00e9 le grandi idee possono nascere da qualsiasi luogo.<\/p>\n\n\n\n<p>Esploriamo insieme il mondo del cibo: un post, un boccone, un&#039;idea alla volta.<\/p>","protected":false},"excerpt":{"rendered":"<p>About Us Welcome to Wibnax \u2013 your creative space for food exploration, culinary innovation, and edible inspiration. Whether you\u2019re a passionate home cook, an aspiring chef, a foodtech enthusiast, or simply someone who loves food culture, Wibnax is here to feed your curiosity. What drives us At Wibnax, we believe that food is more than [&hellip;]<\/p>","protected":false},"author":198,"featured_media":0,"parent":0,"menu_order":0,"comment_status":"closed","ping_status":"closed","template":"","meta":{"footnotes":""},"_links":{"self":[{"href":"https:\/\/wibnax.com\/it\/wp-json\/wp\/v2\/pages\/73"}],"collection":[{"href":"https:\/\/wibnax.com\/it\/wp-json\/wp\/v2\/pages"}],"about":[{"href":"https:\/\/wibnax.com\/it\/wp-json\/wp\/v2\/types\/page"}],"author":[{"embeddable":true,"href":"https:\/\/wibnax.com\/it\/wp-json\/wp\/v2\/users\/198"}],"replies":[{"embeddable":true,"href":"https:\/\/wibnax.com\/it\/wp-json\/wp\/v2\/comments?post=73"}],"version-history":[{"count":2,"href":"https:\/\/wibnax.com\/it\/wp-json\/wp\/v2\/pages\/73\/revisions"}],"predecessor-version":[{"id":683,"href":"https:\/\/wibnax.com\/it\/wp-json\/wp\/v2\/pages\/73\/revisions\/683"}],"wp:attachment":[{"href":"https:\/\/wibnax.com\/it\/wp-json\/wp\/v2\/media?parent=73"}],"curies":[{"name":"wp","href":"https:\/\/api.w.org\/{rel}","templated":true}]}}