    {"id":71,"date":"2025-06-27T17:28:59","date_gmt":"2025-06-27T17:28:59","guid":{"rendered":"https:\/\/wibnax.com\/?page_id=71"},"modified":"2025-11-24T20:48:33","modified_gmt":"2025-11-24T20:48:33","slug":"terms-of-use","status":"publish","type":"page","link":"https:\/\/wibnax.com\/it\/terms-of-use\/","title":{"rendered":"Termini di utilizzo"},"content":{"rendered":"<p><strong>Ultimo aggiornamento: 27 giugno 2025<\/strong><\/p>\n\n\n\n<p>Wibnax \u00e8 una piattaforma digitale indipendente che offre contenuti editoriali relativi a tendenze culinarie, tecniche di cucina, cultura alimentare e argomenti correlati allo stile di vita. Accedendo o utilizzando questo sito web, l&#039;utente accetta di rispettare i termini, le condizioni e le politiche descritte di seguito.<\/p>\n\n\n\n<p>Le presenti Condizioni d&#039;uso definiscono i diritti e le responsabilit\u00e0 degli utenti che interagiscono con la piattaforma Wibnax. L&#039;utilizzo del sito web \u00e8 inoltre soggetto alla nostra Informativa sulla privacy.<\/p>\n\n\n\n<p><strong>LEGGERE ATTENTAMENTE I PRESENTI TERMINI. SE NON SI \u00c8 D&#039;ACCORDO CON ESSI, SI PREGA DI NON UTILIZZARE WIBNAX O NESSUNO DEI SUOI SERVIZI.<\/strong><\/p>\n\n\n\n<h3 class=\"wp-block-heading\"><strong>Articolo I \u2013 Contratto d\u2019uso<\/strong><\/h3>\n\n\n\n<p>1.1 Utilizzando Wibnax, confermi la tua piena accettazione delle presenti Condizioni d&#039;uso e della nostra Informativa sulla privacy.<br>1.2 Per accedere ai nostri contenuti e alle nostre funzionalit\u00e0 devi avere almeno 18 anni o avere la capacit\u00e0 giuridica nella tua giurisdizione.<br>1.3 Se non si soddisfano queste condizioni o non si \u00e8 d&#039;accordo con una qualsiasi parte di questi termini, non \u00e8 possibile accedere o utilizzare i nostri servizi.<\/p>\n\n\n\n<h3 class=\"wp-block-heading\"><strong>Articolo II \u2013 Comunicazione<\/strong><\/h3>\n\n\n\n<p>2.1 Wibnax mette a disposizione dei lettori canali di comunicazione per inviare suggerimenti, richieste o segnalare problemi tecnici.<br>2.2 Puoi contattarci tramite la nostra pagina Contatti o tramite l&#039;indirizzo email ivi indicato.<\/p>\n\n\n\n<h3 class=\"wp-block-heading\"><strong>Articolo III \u2013 Responsabilit\u00e0 delle parti<\/strong><\/h3>\n\n\n\n<p>3.1 Gli utenti accettano di rispettare i presenti Termini di utilizzo e l&#039;Informativa sulla privacy durante l&#039;interazione con i contenuti Wibnax.<br>3.2 Wibnax potrebbe contenere link a siti web o fonti esterne per ulteriori informazioni. Tali link sono forniti esclusivamente per comodit\u00e0.<br>3.3 Una volta reindirizzati, gli utenti sono soggetti alle policy del sito di terze parti. Wibnax non \u00e8 responsabile dell&#039;accuratezza o delle pratiche delle fonti esterne.<br>3.4 Gli utenti sono responsabili del mantenimento della sicurezza dei propri dispositivi e della connessione Internet durante l&#039;utilizzo di Wibnax.<br>3.5 Wibnax non \u00e8 responsabile per problemi tecnici, accessi non autorizzati o usi impropri della piattaforma al di fuori del nostro controllo.<br>3.6 Non richiederemo mai dati bancari o informazioni sensibili tramite canali non ufficiali.<br>3.7 Eventuali messaggi o attivit\u00e0 sospetti a nome di Wibnax devono essere segnalati immediatamente tramite la nostra pagina dei contatti.<\/p>\n\n\n\n<h3 class=\"wp-block-heading\"><strong>Articolo IV \u2013 Condotta proibita<\/strong><\/h3>\n\n\n\n<p>Agli utenti \u00e8 severamente vietato:<\/p>\n\n\n\n<ul>\n<li>Partecipare ad attivit\u00e0 illegali, fuorvianti o dannose;<\/li>\n\n\n\n<li>Violare le leggi sul copyright, sui marchi o sulla protezione dei dati;<\/li>\n\n\n\n<li>Distribuzione di malware o codice dannoso;<\/li>\n\n\n\n<li>Impersonare altri o travisare le proprie affiliazioni;<\/li>\n\n\n\n<li>Raccolta di dati degli utenti senza consenso;<\/li>\n\n\n\n<li>Condivisione di contenuti non autorizzati o fuorvianti;<\/li>\n\n\n\n<li>Molestare, minacciare o diffamare gli individui;<\/li>\n\n\n\n<li>Tentare di interferire con il funzionamento o l&#039;integrit\u00e0 della piattaforma.<\/li>\n<\/ul>\n\n\n\n<p>Le violazioni possono comportare la limitazione temporanea o permanente dell&#039;accesso a Wibnax senza preavviso.<\/p>\n\n\n\n<h3 class=\"wp-block-heading\"><strong>Articolo V \u2013 Limitazione di responsabilit\u00e0 e garanzie<\/strong><\/h3>\n\n\n\n<p>Wibnax viene fornito &quot;cos\u00ec com&#039;\u00e8&quot; e &quot;come disponibile&quot;, senza garanzie esplicite o implicite.<br>Non garantiamo un servizio ininterrotto, contenuti privi di errori o che tutti i materiali siano adatti alle vostre esigenze specifiche.<br>Nella misura massima consentita dalla legge, Wibnax declina ogni responsabilit\u00e0 per eventuali danni diretti o indiretti correlati all&#039;uso o alle prestazioni della piattaforma.<\/p>\n\n\n\n<h3 class=\"wp-block-heading\"><strong>Articolo VI \u2013 Termine e termine legale<\/strong><\/h3>\n\n\n\n<p>Le presenti Condizioni d&#039;uso restano valide a tempo indeterminato.<br>Eventuali reclami o controversie legali relativi all&#039;uso di Wibnax devono essere avviati entro 90 (novanta) giorni dall&#039;evento in questione.<\/p>\n\n\n\n<h3 class=\"wp-block-heading\"><strong>Articolo VII \u2013 Legge applicabile e giurisdizione<\/strong><\/h3>\n\n\n\n<p>Le presenti Condizioni d&#039;uso saranno regolate e interpretate in conformit\u00e0 con le <strong>leggi della Repubblica di Estonia<\/strong>Qualsiasi controversia, disputa o reclamo derivante da o relativo ai presenti Termini o all&#039;uso di questo sito web sar\u00e0 risolto in conformit\u00e0 con la legge estone, ai sensi del <strong>giurisdizione esclusiva dei tribunali situati a Tallinn, Estonia<\/strong>.<br>Questa clausola garantisce la trasparenza legale e l&#039;allineamento con le migliori pratiche di conformit\u00e0 internazionale, come previsto dalla normativa estone. <em>Legge sulle obbligazioni<\/em> E <em>Legge sul diritto internazionale privato<\/em>.<\/p>\n\n\n\n<h3 class=\"wp-block-heading\"><strong>Articolo VIII \u2013 Propriet\u00e0 intellettuale<\/strong><\/h3>\n\n\n\n<p>8.1 Tutti i contenuti originali su Wibnax, inclusi articoli, testi, immagini e marchi, sono protetti dalla legge sulla propriet\u00e0 intellettuale.<br>8.2 Gli utenti non possono riprodurre, distribuire o utilizzare alcuna parte del contenuto senza l&#039;autorizzazione scritta di Wibnax.<br>8.3 I contenuti inviati dagli utenti rimangono di responsabilit\u00e0 del collaboratore. Wibnax si riserva il diritto di rimuovere i contenuti che violano gli standard legali, etici o editoriali.<\/p>\n\n\n\n<h3 class=\"wp-block-heading\"><strong>Articolo IX \u2013 Modifiche ai Termini<\/strong><\/h3>\n\n\n\n<p>Wibnax si riserva il diritto di aggiornare o modificare i presenti Termini in qualsiasi momento e senza preavviso.<br>\u00c8 tua responsabilit\u00e0 consultare periodicamente questa pagina. L&#039;utilizzo continuato della piattaforma dopo le modifiche implica l&#039;accettazione dei Termini modificati.<\/p>\n\n\n\n<h3 class=\"wp-block-heading\"><strong>Articolo X \u2013 Contatto<\/strong><\/h3>\n\n\n\n<p>Per qualsiasi domanda o dubbio riguardante i presenti Termini di utilizzo, contattateci a:<br><br>E-mail: <strong>contact@wibnax.com<\/strong><\/p>\n\n\n\n<p><strong>SE NON SI ACCETTANO QUESTI TERMINI, SI PREGA DI ASTENERSI DALL&#039;UTILIZZARE WIBNAX E I SUOI SERVIZI.<\/strong><\/p>","protected":false},"excerpt":{"rendered":"<p>Last updated: June 27, 2025 Wibnax is an independent digital platform offering editorial content related to culinary trends, cooking techniques, food culture, and related lifestyle topics. By accessing or using this website, you agree to abide by the terms, conditions, and policies outlined below. These Terms of Use define the rights and responsibilities of users [&hellip;]<\/p>","protected":false},"author":198,"featured_media":0,"parent":0,"menu_order":0,"comment_status":"closed","ping_status":"closed","template":"","meta":{"footnotes":""},"_links":{"self":[{"href":"https:\/\/wibnax.com\/it\/wp-json\/wp\/v2\/pages\/71"}],"collection":[{"href":"https:\/\/wibnax.com\/it\/wp-json\/wp\/v2\/pages"}],"about":[{"href":"https:\/\/wibnax.com\/it\/wp-json\/wp\/v2\/types\/page"}],"author":[{"embeddable":true,"href":"https:\/\/wibnax.com\/it\/wp-json\/wp\/v2\/users\/198"}],"replies":[{"embeddable":true,"href":"https:\/\/wibnax.com\/it\/wp-json\/wp\/v2\/comments?post=71"}],"version-history":[{"count":3,"href":"https:\/\/wibnax.com\/it\/wp-json\/wp\/v2\/pages\/71\/revisions"}],"predecessor-version":[{"id":686,"href":"https:\/\/wibnax.com\/it\/wp-json\/wp\/v2\/pages\/71\/revisions\/686"}],"wp:attachment":[{"href":"https:\/\/wibnax.com\/it\/wp-json\/wp\/v2\/media?parent=71"}],"curies":[{"name":"wp","href":"https:\/\/api.w.org\/{rel}","templated":true}]}}