    {"id":75,"date":"2025-06-27T17:30:37","date_gmt":"2025-06-27T17:30:37","guid":{"rendered":"https:\/\/wibnax.com\/?page_id=75"},"modified":"2025-11-24T20:47:28","modified_gmt":"2025-11-24T20:47:28","slug":"contact","status":"publish","type":"page","link":"https:\/\/wibnax.com\/hr\/contact\/","title":{"rendered":"Kontakt"},"content":{"rendered":"<p>Hvala na posjeti <strong>Wibnax<\/strong>, va\u0161e odredi\u0161te za kulinarsku kreativnost, uvide u hranu i digitalno istra\u017eivanje okusa. Cijenimo va\u0161 interes i ovdje smo da se pove\u017eemo, sura\u0111ujemo i s vama stvaramo nove ideje.<\/p>\n\n\n\n<h3 class=\"wp-block-heading\"><strong>Op\u0107i upiti<\/strong><\/h3>\n\n\n\n<p>Imate li pitanje o Wibnaxu ili nas samo \u017eelite pozdraviti? Po\u0161aljite nam poruku na <strong>kontakt@wibnax.com<\/strong><br>Volimo \u010duti mi\u0161ljenja drugih ljudi koji se bave hranom i odgovorit \u0107emo vam \u0161to je prije mogu\u0107e.<\/p>\n\n\n\n<h3 class=\"wp-block-heading\"><strong>Prijedlozi i doprinosi sadr\u017eaja<\/strong><\/h3>\n\n\n\n<p>Imate jedinstvenu perspektivu o hrani, tehnologiji ili kulinarskoj kulturi? \u017delite li predlo\u017eiti \u010dlanak ili temu koju bismo trebali istra\u017eiti? Kontaktirajte nas na <strong>kontakt@wibnax.com<\/strong><br>Uvijek smo otvoreni za smjele ideje i nove glasove koji izazivaju uobi\u010dajeno.<\/p>\n\n\n\n<h3 class=\"wp-block-heading\"><strong>Tehni\u010dka podr\u0161ka<\/strong><\/h3>\n\n\n\n<p>Imate li problema s pristupom web-mjestu ili sadr\u017eaju? Javite nam na <strong>kontakt@wibnax.com<\/strong><br>Dat \u0107emo sve od sebe da ispravimo sve probleme i vratimo vas \u010ditanju, u\u010denju i stvaranju.<\/p>\n\n\n\n<h3 class=\"wp-block-heading\"><strong>Ostanite povezani<\/strong><\/h3>\n\n\n\n<p>Wibnax je publikacija prvenstveno digitalna s globalnom publikom. Nemamo fizi\u010dki ured, ali smo uvijek online - spremni za suradnju, rast i zajedni\u010dki stvaranje ne\u010deg ukusnog.<\/p>\n\n\n\n<p>Hvala vam jo\u0161 jednom \u0161to ste navratili. Jedva \u010dekamo \u010duti od vas!<\/p>\n\n\n\n<p><strong>Srda\u010dan pozdrav,<\/strong><br><em>Wibnax tim<\/em><\/p>","protected":false},"excerpt":{"rendered":"<p>Thank you for visiting Wibnax, your destination for culinary creativity, food insights, and digital flavor exploration. We appreciate your interest and are here to connect, collaborate, and cook up new ideas with you. General Inquiries Got a question about Wibnax or just want to say hello? Drop us a line at contact@wibnax.comWe love hearing from [&hellip;]<\/p>","protected":false},"author":198,"featured_media":0,"parent":0,"menu_order":0,"comment_status":"closed","ping_status":"closed","template":"","meta":{"footnotes":""},"_links":{"self":[{"href":"https:\/\/wibnax.com\/hr\/wp-json\/wp\/v2\/pages\/75"}],"collection":[{"href":"https:\/\/wibnax.com\/hr\/wp-json\/wp\/v2\/pages"}],"about":[{"href":"https:\/\/wibnax.com\/hr\/wp-json\/wp\/v2\/types\/page"}],"author":[{"embeddable":true,"href":"https:\/\/wibnax.com\/hr\/wp-json\/wp\/v2\/users\/198"}],"replies":[{"embeddable":true,"href":"https:\/\/wibnax.com\/hr\/wp-json\/wp\/v2\/comments?post=75"}],"version-history":[{"count":2,"href":"https:\/\/wibnax.com\/hr\/wp-json\/wp\/v2\/pages\/75\/revisions"}],"predecessor-version":[{"id":684,"href":"https:\/\/wibnax.com\/hr\/wp-json\/wp\/v2\/pages\/75\/revisions\/684"}],"wp:attachment":[{"href":"https:\/\/wibnax.com\/hr\/wp-json\/wp\/v2\/media?parent=75"}],"curies":[{"name":"wp","href":"https:\/\/api.w.org\/{rel}","templated":true}]}}