    {"id":75,"date":"2025-06-27T17:30:37","date_gmt":"2025-06-27T17:30:37","guid":{"rendered":"https:\/\/wibnax.com\/?page_id=75"},"modified":"2025-11-24T20:47:28","modified_gmt":"2025-11-24T20:47:28","slug":"contact","status":"publish","type":"page","link":"https:\/\/wibnax.com\/fr\/contact\/","title":{"rendered":"Contact"},"content":{"rendered":"<p>Merci de votre visite <strong>Wibnax<\/strong>, votre destination pour la cr\u00e9ativit\u00e9 culinaire, les d\u00e9couvertes culinaires et l&#039;exploration num\u00e9rique des saveurs. Nous vous remercions de votre int\u00e9r\u00eat et sommes l\u00e0 pour \u00e9changer, collaborer et d\u00e9velopper de nouvelles id\u00e9es avec vous.<\/p>\n\n\n\n<h3 class=\"wp-block-heading\"><strong>Demandes g\u00e9n\u00e9rales<\/strong><\/h3>\n\n\n\n<p>Vous avez une question sur Wibnax ou souhaitez simplement nous dire bonjour\u00a0? Contactez-nous \u00e0 <strong>contact@wibnax.com<\/strong><br>Nous aimons avoir des nouvelles de nos coll\u00e8gues penseurs de l\u2019alimentation et nous vous r\u00e9pondrons dans les plus brefs d\u00e9lais.<\/p>\n\n\n\n<h3 class=\"wp-block-heading\"><strong>Suggestions de contenu et contributions<\/strong><\/h3>\n\n\n\n<p>Vous avez un point de vue unique sur la nourriture, la technologie ou la culture culinaire\u00a0? Vous souhaitez nous proposer un article ou un sujet d&#039;\u00e9tude\u00a0? Contactez-nous \u00e0 <strong>contact@wibnax.com<\/strong><br>Nous sommes toujours ouverts aux id\u00e9es audacieuses et aux nouvelles voix qui d\u00e9fient l\u2019ordinaire.<\/p>\n\n\n\n<h3 class=\"wp-block-heading\"><strong>Support technique<\/strong><\/h3>\n\n\n\n<p>Vous rencontrez des probl\u00e8mes avec le site ou l&#039;acc\u00e8s au contenu\u00a0? Contactez-nous \u00e0 l&#039;adresse <strong>contact@wibnax.com<\/strong><br>Nous ferons de notre mieux pour r\u00e9soudre tous les probl\u00e8mes et vous permettre de reprendre la lecture, l&#039;apprentissage et la cr\u00e9ation.<\/p>\n\n\n\n<h3 class=\"wp-block-heading\"><strong>Restez connect\u00e9<\/strong><\/h3>\n\n\n\n<p>Wibnax est une publication num\u00e9rique qui s&#039;adresse \u00e0 un public mondial. Nous n&#039;avons pas de bureau physique, mais nous sommes toujours en ligne, pr\u00eats \u00e0 interagir, \u00e0 grandir et \u00e0 cr\u00e9er ensemble quelque chose de captivant.<\/p>\n\n\n\n<p>Merci encore de votre visite. Nous avons h\u00e2te d&#039;avoir de vos nouvelles\u00a0!<\/p>\n\n\n\n<p><strong>Cordialement,<\/strong><br><em>L&#039;\u00e9quipe Wibnax<\/em><\/p>","protected":false},"excerpt":{"rendered":"<p>Merci de votre visite sur Wibnax, votre destination pour la cr\u00e9ativit\u00e9 culinaire, les d\u00e9couvertes culinaires et l&#039;exploration num\u00e9rique des saveurs. Nous appr\u00e9cions votre int\u00e9r\u00eat et sommes l\u00e0 pour \u00e9changer, collaborer et d\u00e9velopper de nouvelles id\u00e9es avec vous. Renseignements g\u00e9n\u00e9raux\u00a0: Vous avez une question sur Wibnax ou souhaitez simplement nous dire bonjour\u00a0? Contactez-nous \u00e0 contact@wibnax.com. Nous sommes ravis de recevoir vos commentaires [\u2026]<\/p>","protected":false},"author":198,"featured_media":0,"parent":0,"menu_order":0,"comment_status":"closed","ping_status":"closed","template":"","meta":{"footnotes":""},"_links":{"self":[{"href":"https:\/\/wibnax.com\/fr\/wp-json\/wp\/v2\/pages\/75"}],"collection":[{"href":"https:\/\/wibnax.com\/fr\/wp-json\/wp\/v2\/pages"}],"about":[{"href":"https:\/\/wibnax.com\/fr\/wp-json\/wp\/v2\/types\/page"}],"author":[{"embeddable":true,"href":"https:\/\/wibnax.com\/fr\/wp-json\/wp\/v2\/users\/198"}],"replies":[{"embeddable":true,"href":"https:\/\/wibnax.com\/fr\/wp-json\/wp\/v2\/comments?post=75"}],"version-history":[{"count":2,"href":"https:\/\/wibnax.com\/fr\/wp-json\/wp\/v2\/pages\/75\/revisions"}],"predecessor-version":[{"id":684,"href":"https:\/\/wibnax.com\/fr\/wp-json\/wp\/v2\/pages\/75\/revisions\/684"}],"wp:attachment":[{"href":"https:\/\/wibnax.com\/fr\/wp-json\/wp\/v2\/media?parent=75"}],"curies":[{"name":"wp","href":"https:\/\/api.w.org\/{rel}","templated":true}]}}