    {"id":75,"date":"2025-06-27T17:30:37","date_gmt":"2025-06-27T17:30:37","guid":{"rendered":"https:\/\/wibnax.com\/?page_id=75"},"modified":"2025-11-24T20:47:28","modified_gmt":"2025-11-24T20:47:28","slug":"contact","status":"publish","type":"page","link":"https:\/\/wibnax.com\/es\/contact\/","title":{"rendered":"Contacto"},"content":{"rendered":"<p>Gracias por visitarnos <strong>Wibnax<\/strong>Tu destino para la creatividad culinaria, el conocimiento gastron\u00f3mico y la exploraci\u00f3n digital de sabores. Agradecemos tu inter\u00e9s y estamos aqu\u00ed para conectar, colaborar y generar nuevas ideas contigo.<\/p>\n\n\n\n<h3 class=\"wp-block-heading\"><strong>Consultas generales<\/strong><\/h3>\n\n\n\n<p>\u00bfTienes alguna pregunta sobre Wibnax o simplemente quieres saludarnos? Escr\u00edbenos a <strong>contacto@wibnax.com<\/strong><br>Nos encanta recibir noticias de otros pensadores gastron\u00f3micos y le responderemos lo antes posible.<\/p>\n\n\n\n<h3 class=\"wp-block-heading\"><strong>Sugerencias y contribuciones de contenido<\/strong><\/h3>\n\n\n\n<p>\u00bfTienes una perspectiva \u00fanica sobre la comida, la tecnolog\u00eda o la cultura culinaria? \u00bfQuieres proponer un art\u00edculo o sugerir un tema que deber\u00edamos explorar? Cont\u00e1ctanos en <strong>contacto@wibnax.com<\/strong><br>Siempre estamos abiertos a ideas audaces y nuevas voces que desaf\u00eden lo ordinario.<\/p>\n\n\n\n<h3 class=\"wp-block-heading\"><strong>Apoyo t\u00e9cnico<\/strong><\/h3>\n\n\n\n<p>\u00bfTiene alg\u00fan problema con el sitio o con el acceso al contenido? Inf\u00f3rmenos en <strong>contacto@wibnax.com<\/strong><br>Haremos todo lo posible para resolver cualquier problema y permitirle volver a leer, aprender y crear.<\/p>\n\n\n\n<h3 class=\"wp-block-heading\"><strong>Mantente conectado<\/strong><\/h3>\n\n\n\n<p>Wibnax es una publicaci\u00f3n digital con audiencia global. No tenemos una oficina f\u00edsica, pero siempre estamos en l\u00ednea, listos para conectar, crecer y crear algo \u00fanico juntos.<\/p>\n\n\n\n<p>Gracias de nuevo por visitarnos. \u00a1Nos alegra saber de ti!<\/p>\n\n\n\n<p><strong>Un cordial saludo,<\/strong><br><em>El equipo de Wibnax<\/em><\/p>","protected":false},"excerpt":{"rendered":"<p>Thank you for visiting Wibnax, your destination for culinary creativity, food insights, and digital flavor exploration. We appreciate your interest and are here to connect, collaborate, and cook up new ideas with you. General Inquiries Got a question about Wibnax or just want to say hello? Drop us a line at contact@wibnax.comWe love hearing from [&hellip;]<\/p>","protected":false},"author":198,"featured_media":0,"parent":0,"menu_order":0,"comment_status":"closed","ping_status":"closed","template":"","meta":{"footnotes":""},"_links":{"self":[{"href":"https:\/\/wibnax.com\/es\/wp-json\/wp\/v2\/pages\/75"}],"collection":[{"href":"https:\/\/wibnax.com\/es\/wp-json\/wp\/v2\/pages"}],"about":[{"href":"https:\/\/wibnax.com\/es\/wp-json\/wp\/v2\/types\/page"}],"author":[{"embeddable":true,"href":"https:\/\/wibnax.com\/es\/wp-json\/wp\/v2\/users\/198"}],"replies":[{"embeddable":true,"href":"https:\/\/wibnax.com\/es\/wp-json\/wp\/v2\/comments?post=75"}],"version-history":[{"count":2,"href":"https:\/\/wibnax.com\/es\/wp-json\/wp\/v2\/pages\/75\/revisions"}],"predecessor-version":[{"id":684,"href":"https:\/\/wibnax.com\/es\/wp-json\/wp\/v2\/pages\/75\/revisions\/684"}],"wp:attachment":[{"href":"https:\/\/wibnax.com\/es\/wp-json\/wp\/v2\/media?parent=75"}],"curies":[{"name":"wp","href":"https:\/\/api.w.org\/{rel}","templated":true}]}}