    {"id":73,"date":"2025-06-27T17:29:56","date_gmt":"2025-06-27T17:29:56","guid":{"rendered":"https:\/\/wibnax.com\/?page_id=73"},"modified":"2025-11-24T20:47:06","modified_gmt":"2025-11-24T20:47:06","slug":"about-us","status":"publish","type":"page","link":"https:\/\/wibnax.com\/es\/about-us\/","title":{"rendered":"Sobre nosotros"},"content":{"rendered":"<h1 class=\"wp-block-heading\"><strong>Sobre nosotros<\/strong><\/h1>\n\n\n\n<p><strong>Bienvenido a Wibnax<\/strong> Tu espacio creativo para la exploraci\u00f3n gastron\u00f3mica, la innovaci\u00f3n culinaria y la inspiraci\u00f3n culinaria. Ya seas un apasionado de la cocina casera, un aspirante a chef, un entusiasta de la tecnolog\u00eda alimentaria o simplemente un amante de la cultura gastron\u00f3mica, Wibnax est\u00e1 aqu\u00ed para satisfacer tu curiosidad.<\/p>\n\n\n\n<h2 class=\"wp-block-heading\"><strong>\u00bfQu\u00e9 nos motiva?<\/strong><\/h2>\n\n\n\n<p>En Wibnax, creemos que la comida es m\u00e1s que un simple alimento: es un lenguaje, una experiencia y una poderosa herramienta para la conexi\u00f3n, la creatividad y la identidad cultural. Nuestra misi\u00f3n es explorar la intersecci\u00f3n de la cocina, la tecnolog\u00eda, la sostenibilidad y la cultura compartiendo art\u00edculos perspicaces, ideas innovadoras y consejos pr\u00e1cticos que impulsan la innovaci\u00f3n en la cocina y m\u00e1s all\u00e1.<\/p>\n\n\n\n<p>Nos sumergimos en el cambiante mundo de la tecnolog\u00eda alimentaria, la nutrici\u00f3n y las pr\u00e1cticas sostenibles, mostrando c\u00f3mo las herramientas modernas, la ciencia y las decisiones conscientes moldean el futuro de nuestra alimentaci\u00f3n. Celebramos la imaginaci\u00f3n culinaria y buscamos inspirar a los lectores a experimentar, aprender, explorar las tradiciones culinarias y reflexionar sobre los sistemas alimentarios que nos rodean de forma diferente.<\/p>\n\n\n\n<h2 class=\"wp-block-heading\"><strong>Quienes somos<\/strong><\/h2>\n\n\n\n<p>Somos un colectivo de amantes de la gastronom\u00eda, pensadores digitales, exploradores culinarios y escritores creativos que creemos que el contenido gastron\u00f3mico debe ser reflexivo, atractivo y transgresor. Wibnax naci\u00f3 del deseo de combinar la narrativa con la ciencia, el arte con el apetito, convirtiendo cada art\u00edculo en un viaje al sabor, la cultura, la tecnolog\u00eda y el significado.<\/p>\n\n\n\n<p>Ya sea que estemos analizando tendencias alimentarias, descubriendo costumbres alimentarias globales, compartiendo conocimientos sobre nutrici\u00f3n, profundizando en t\u00e9cnicas de cocina o explorando innovaciones que transforman la forma en que se producen y disfrutan los alimentos, nuestro objetivo es ofrecer contenido que sea tan deliciosamente estimulante como digerible.<\/p>\n\n\n\n<h2 class=\"wp-block-heading\"><strong>Complicarse<\/strong><\/h2>\n\n\n\n<p>\u00bfTienes una receta innovadora? \u00bfUn descubrimiento tecnol\u00f3gico alimentario? \u00bfUna tradici\u00f3n que quieres compartir? \u00bfUn consejo de sostenibilidad o una historia que quieres contar? Nos encantar\u00eda saber de ti. Wibnax se nutre de las voces de la comunidad y de perspectivas diversas, porque las grandes ideas pueden surgir de cualquier lugar.<\/p>\n\n\n\n<p>Exploremos juntos el mundo de la comida: una publicaci\u00f3n, un bocado, una idea a la vez.<\/p>","protected":false},"excerpt":{"rendered":"<p>About Us Welcome to Wibnax \u2013 your creative space for food exploration, culinary innovation, and edible inspiration. Whether you\u2019re a passionate home cook, an aspiring chef, a foodtech enthusiast, or simply someone who loves food culture, Wibnax is here to feed your curiosity. What drives us At Wibnax, we believe that food is more than [&hellip;]<\/p>","protected":false},"author":198,"featured_media":0,"parent":0,"menu_order":0,"comment_status":"closed","ping_status":"closed","template":"","meta":{"footnotes":""},"_links":{"self":[{"href":"https:\/\/wibnax.com\/es\/wp-json\/wp\/v2\/pages\/73"}],"collection":[{"href":"https:\/\/wibnax.com\/es\/wp-json\/wp\/v2\/pages"}],"about":[{"href":"https:\/\/wibnax.com\/es\/wp-json\/wp\/v2\/types\/page"}],"author":[{"embeddable":true,"href":"https:\/\/wibnax.com\/es\/wp-json\/wp\/v2\/users\/198"}],"replies":[{"embeddable":true,"href":"https:\/\/wibnax.com\/es\/wp-json\/wp\/v2\/comments?post=73"}],"version-history":[{"count":2,"href":"https:\/\/wibnax.com\/es\/wp-json\/wp\/v2\/pages\/73\/revisions"}],"predecessor-version":[{"id":683,"href":"https:\/\/wibnax.com\/es\/wp-json\/wp\/v2\/pages\/73\/revisions\/683"}],"wp:attachment":[{"href":"https:\/\/wibnax.com\/es\/wp-json\/wp\/v2\/media?parent=73"}],"curies":[{"name":"wp","href":"https:\/\/api.w.org\/{rel}","templated":true}]}}