    {"id":77,"date":"2025-06-27T17:32:54","date_gmt":"2025-06-27T17:32:54","guid":{"rendered":"https:\/\/wibnax.com\/?page_id=77"},"modified":"2025-11-24T20:48:03","modified_gmt":"2025-11-24T20:48:03","slug":"privacy-policy","status":"publish","type":"page","link":"https:\/\/wibnax.com\/de\/privacy-policy\/","title":{"rendered":"Datenschutzrichtlinie"},"content":{"rendered":"<p>Ihre Privatsph\u00e4re ist uns wichtig. <strong>WIBNAX&#039;s<\/strong> Wir respektieren Ihre Privatsph\u00e4re hinsichtlich aller Informationen, die wir \u00fcber unsere Website von Ihnen erfassen. <strong>WIBNAX<\/strong>und andere Websites, die wir besitzen und betreiben.<\/p>\n\n\n\n<p>Wir fragen nur dann nach pers\u00f6nlichen Daten, wenn wir diese unbedingt ben\u00f6tigen, um Ihnen eine Dienstleistung anbieten zu k\u00f6nnen. Wir erheben diese Daten auf faire und rechtm\u00e4\u00dfige Weise, mit Ihrem Wissen und Ihrer Einwilligung. Wir informieren Sie au\u00dferdem dar\u00fcber, warum wir die Daten erheben und wie sie verwendet werden.<\/p>\n\n\n\n<p>Wir speichern die erhobenen Daten nur so lange, wie es f\u00fcr die Erbringung der von Ihnen angeforderten Dienstleistung erforderlich ist. Die gespeicherten Daten sch\u00fctzen wir mit wirtschaftlich angemessenen Mitteln vor Verlust, Diebstahl, unbefugtem Zugriff, Offenlegung, Kopieren, Verwendung oder Ver\u00e4nderung.<\/p>\n\n\n\n<p>Wir geben keine personenbezogenen Daten \u00f6ffentlich oder an Dritte weiter, es sei denn, dies ist gesetzlich vorgeschrieben.<\/p>\n\n\n\n<p>Unsere Website kann Links zu externen Websites enthalten, die nicht von uns betrieben werden. Bitte beachten Sie, dass wir keinen Einfluss auf die Inhalte und Praktiken dieser Websites haben und keine Verantwortung oder Haftung f\u00fcr deren Datenschutzrichtlinien \u00fcbernehmen k\u00f6nnen.<\/p>\n\n\n\n<p>Es steht Ihnen frei, unsere Anfrage nach Ihren pers\u00f6nlichen Daten abzulehnen. Bitte beachten Sie jedoch, dass wir Ihnen in diesem Fall m\u00f6glicherweise einige der von Ihnen gew\u00fcnschten Dienstleistungen nicht anbieten k\u00f6nnen.<\/p>\n\n\n\n<p>Durch die weitere Nutzung unserer Website erkl\u00e4ren Sie sich mit unseren Datenschutzbestimmungen einverstanden. Bei Fragen zum Umgang mit Nutzerdaten und personenbezogenen Daten k\u00f6nnen Sie sich jederzeit an uns wenden.<\/p>\n\n\n\n<h1 class=\"wp-block-heading\"><strong>Cookie-Richtlinie f\u00fcr WIBNAX<\/strong><\/h1>\n\n\n\n<p>Dies ist die Cookie-Richtlinie f\u00fcr <strong>WIBNAX<\/strong>, erreichbar unter https:\/\/wibnax.com<\/p>\n\n\n\n<h2 class=\"wp-block-heading\"><strong>Was sind Cookies?<\/strong><\/h2>\n\n\n\n<p>Wie fast alle professionellen Websites verwendet auch diese Website Cookies. Cookies sind kleine Dateien, die auf Ihren Computer heruntergeladen werden, um Ihr Nutzungserlebnis zu verbessern. Auf dieser Seite erfahren Sie, welche Informationen Cookies sammeln, wie wir diese verwenden und warum wir sie manchmal speichern m\u00fcssen. Wir erkl\u00e4ren Ihnen auch, wie Sie das Speichern von Cookies verhindern k\u00f6nnen \u2013 dies kann jedoch die Funktionalit\u00e4t der Website beeintr\u00e4chtigen oder sogar zu Funktionsst\u00f6rungen f\u00fchren.<\/p>\n\n\n\n<h2 class=\"wp-block-heading\"><strong>Wie wir Cookies verwenden<\/strong><\/h2>\n\n\n\n<p>Wir verwenden Cookies aus verschiedenen Gr\u00fcnden, die im Folgenden erl\u00e4utert werden. Leider gibt es in den meisten F\u00e4llen keine branchen\u00fcblichen Optionen, Cookies zu deaktivieren, ohne die Funktionalit\u00e4t und die Funktionen, die sie dieser Website hinzuf\u00fcgen, vollst\u00e4ndig zu deaktivieren. Es wird empfohlen, alle Cookies aktiviert zu lassen, wenn Sie sich nicht sicher sind, ob Sie sie ben\u00f6tigen, da sie m\u00f6glicherweise f\u00fcr einen von Ihnen genutzten Dienst erforderlich sind.<\/p>\n\n\n\n<h2 class=\"wp-block-heading\"><strong>Cookies deaktivieren<\/strong><\/h2>\n\n\n\n<p>Sie k\u00f6nnen das Setzen von Cookies verhindern, indem Sie die Einstellungen Ihres Browsers anpassen (siehe die Hilfe Ihres Browsers f\u00fcr weitere Informationen). Beachten Sie jedoch, dass die Deaktivierung von Cookies die Funktionalit\u00e4t dieser und vieler anderer Websites, die Sie besuchen, beeintr\u00e4chtigt. In der Regel f\u00fchrt die Deaktivierung von Cookies auch dazu, dass bestimmte Funktionen dieser Website nicht mehr verf\u00fcgbar sind. Daher wird empfohlen, Cookies nicht zu deaktivieren.<\/p>\n\n\n\n<h2 class=\"wp-block-heading\"><strong>Die von uns gesetzten Cookies<\/strong><\/h2>\n\n\n\n<h3 class=\"wp-block-heading\"><strong>Kontobezogene Cookies<\/strong><\/h3>\n\n\n\n<p>Wenn Sie ein Konto bei uns erstellen, verwenden wir Cookies zur Verwaltung des Registrierungsprozesses und der allgemeinen Administration. Diese Cookies werden in der Regel beim Abmelden gel\u00f6scht. In einigen F\u00e4llen bleiben sie jedoch erhalten, um Ihre Website-Einstellungen auch nach dem Abmelden zu speichern.<\/p>\n\n\n\n<h3 class=\"wp-block-heading\"><strong>Login-bezogene Cookies<\/strong><\/h3>\n\n\n\n<p>Wir verwenden Cookies, um Ihre Anmeldedaten zu speichern. Dadurch m\u00fcssen Sie sich nicht bei jedem Seitenaufruf erneut anmelden. Diese Cookies werden in der Regel beim Abmelden gel\u00f6scht, um sicherzustellen, dass Sie nur im angemeldeten Zustand auf gesch\u00fctzte Bereiche und Funktionen zugreifen k\u00f6nnen.<\/p>\n\n\n\n<h3 class=\"wp-block-heading\"><strong>Cookies im Zusammenhang mit E-Mail-Newslettern<\/strong><\/h3>\n\n\n\n<p>Diese Website bietet Newsletter- oder E-Mail-Abonnementdienste an, und es k\u00f6nnen Cookies verwendet werden, um sich zu merken, ob Sie bereits registriert sind und ob bestimmte Benachrichtigungen angezeigt werden sollen, die m\u00f6glicherweise nur f\u00fcr abonnierte oder nicht abonnierte Benutzer relevant sind.<\/p>\n\n\n\n<h3 class=\"wp-block-heading\"><strong>Cookies im Zusammenhang mit der Bestellabwicklung<\/strong><\/h3>\n\n\n\n<p>Obwohl Wibnax derzeit keinen E-Commerce anbietet, w\u00fcrden wir, falls wir diese Funktion in Zukunft hinzuf\u00fcgen, Cookies verwenden, um sicherzustellen, dass Ihre Bestellung seiten\u00fcbergreifend gespeichert wird, damit wir sie ordnungsgem\u00e4\u00df bearbeiten k\u00f6nnen.<\/p>\n\n\n\n<h3 class=\"wp-block-heading\"><strong>Umfragebezogene Cookies<\/strong><\/h3>\n\n\n\n<p>Wir bieten Ihnen regelm\u00e4\u00dfig Nutzerumfragen und Frageb\u00f6gen an, um Ihnen Einblicke und n\u00fctzliche Tools bereitzustellen oder unsere Zielgruppe besser zu verstehen. Diese Umfragen verwenden m\u00f6glicherweise Cookies, um sich zu merken, wer bereits teilgenommen hat, oder um nach einem Seitenwechsel korrekte Ergebnisse zu liefern.<\/p>\n\n\n\n<h3 class=\"wp-block-heading\"><strong>Formularbezogene Cookies<\/strong><\/h3>\n\n\n\n<p>Wenn Sie Daten \u00fcber ein Formular \u00fcbermitteln, beispielsweise auf Kontaktseiten oder in Kommentarbereichen, k\u00f6nnen Cookies gesetzt werden, um Ihre Benutzerdaten f\u00fcr die zuk\u00fcnftige Korrespondenz zu speichern.<\/p>\n\n\n\n<h3 class=\"wp-block-heading\"><strong>Cookies f\u00fcr Website-Einstellungen<\/strong><\/h3>\n\n\n\n<p>Um Ihnen ein optimales Nutzungserlebnis zu bieten, k\u00f6nnen Sie Ihre Pr\u00e4ferenzen f\u00fcr die Funktionsweise dieser Website festlegen. Damit Ihre Pr\u00e4ferenzen gespeichert werden, setzen wir Cookies, sodass diese Informationen bei jeder Interaktion mit einer Seite, die von Ihren Einstellungen betroffen ist, abgerufen werden k\u00f6nnen.<\/p>\n\n\n\n<h2 class=\"wp-block-heading\"><strong>Cookies von Drittanbietern<\/strong><\/h2>\n\n\n\n<p>In einigen Sonderf\u00e4llen verwenden wir auch Cookies von vertrauensw\u00fcrdigen Drittanbietern. Im folgenden Abschnitt wird detailliert beschrieben, welche Drittanbieter-Cookies Ihnen auf dieser Website begegnen k\u00f6nnen:<\/p>\n\n\n\n<ul>\n<li><strong>Google Analytics<\/strong><br>Diese Website verwendet Google Analytics, eine der am weitesten verbreiteten und vertrauensw\u00fcrdigsten Analysel\u00f6sungen im Web, um zu verstehen, wie Sie die Website nutzen und wie wir Ihr Nutzererlebnis verbessern k\u00f6nnen. Diese Cookies erfassen beispielsweise, wie lange Sie auf der Website verweilen und welche Seiten Sie besuchen.<br>Weitere Informationen zu Google Analytics-Cookies finden Sie hier: <a>offizielle Google Analytics-Seite<\/a>.<\/li>\n\n\n\n<li><strong>Drittanbieter-Analysen<\/strong><br>Diese Cookies dienen dazu, die Nutzung dieser Website zu verfolgen und zu analysieren, damit wir weiterhin relevante Inhalte erstellen k\u00f6nnen. Sie erfassen beispielsweise, wie lange Sie auf der Website verweilen oder welche Seiten Sie besuchen, und helfen uns so, Ihnen einen besseren Service zu bieten.<\/li>\n\n\n\n<li><strong>Testen neuer Funktionen<\/strong><br>Gelegentlich testen wir neue Funktionen und nehmen kleinere \u00c4nderungen an der Darstellung der Website vor. Cookies k\u00f6nnen verwendet werden, um Ihnen ein einheitliches Nutzererlebnis zu bieten und uns zu helfen, zu verstehen, welche Optimierungen von Nutzern am meisten gesch\u00e4tzt werden.<\/li>\n\n\n\n<li><strong>Conversion-Tracking<\/strong><br>Wenn wir Produktwerbung oder Promotion betreiben, helfen uns diese Cookies zu verstehen, wie viele Besucher tats\u00e4chlich mit diesen Inhalten interagieren oder durch sie zu K\u00e4ufen gelangen. Dies erm\u00f6glicht uns, fundierte Entscheidungen zur Optimierung von Inhalten und Nutzererfahrung zu treffen.<\/li>\n\n\n\n<li><strong>Cookies f\u00fcr soziale Medien<\/strong><br>Wir k\u00f6nnen Social-Media-Buttons oder -Plugins einbinden, die es Ihnen erm\u00f6glichen, sich mit Ihrem Netzwerk zu verbinden. Damit diese funktionieren, m\u00fcssen soziale Plattformen wie \u2026 <strong>Instagram<\/strong>, <strong>Pinterest<\/strong>, oder <strong>Twitter\/X<\/strong> Unsere Website kann Cookies setzen. Diese Cookies k\u00f6nnen dazu verwendet werden, Ihr Profil zu verbessern oder zu deren eigenen Analyse- und Datenerfassungsrichtlinien beizutragen.<\/li>\n<\/ul>\n\n\n\n<h3 class=\"wp-block-heading\">Werbung (Google AdSense) &amp; Ihre Wahlm\u00f6glichkeiten<\/h3>\n\n\n\n<p>Diese Website nutzt Google AdSense zur Anzeigenschaltung. Google und seine Partner verwenden m\u00f6glicherweise Cookies oder \u00e4hnliche Technologien, um Anzeigen basierend auf Ihren Besuchen auf dieser und anderen Websites auszuliefern, deren Wirksamkeit zu messen und sie zu personalisieren.<\/p>\n\n\n\n<p>Um zu erfahren, wie Google Daten von Websites und Apps verwendet, die seine Dienste nutzen, besuchen Sie:<br><a href=\"https:\/\/policies.google.com\/technologies\/partner-sites\">https:\/\/policies.google.com\/technologies\/partner-sites<\/a><\/p>\n\n\n\n<p><strong>Personalisierte Werbung deaktivieren:<\/strong><br>Sie k\u00f6nnen personalisierte Werbung von Google deaktivieren, indem Sie Ihr Google-Konto besuchen. <strong><a href=\"https:\/\/adssettings.google.com\/\">Anzeigeneinstellungen (Mein Anzeigencenter)<\/a><\/strong>.<br>Alternativ k\u00f6nnen Sie interessenbasierte Werbung von vielen anderen Werbeanbietern deaktivieren, indem Sie besuchen <strong><a href=\"https:\/\/www.aboutads.info\/choices\/\">AboutAds.info\/choices<\/a><\/strong>.<\/p>\n\n\n\n<p>Hinweis: Auch wenn Sie sich abmelden, werden Ihnen weiterhin Anzeigen angezeigt, diese sind jedoch m\u00f6glicherweise weniger relevant f\u00fcr Ihre Interessen.<\/p>\n\n\n\n<h2 class=\"wp-block-heading\"><\/h2>\n\n\n\n<h2 class=\"wp-block-heading\"><strong>Weitere Informationen<\/strong><\/h2>\n\n\n\n<p>Ich hoffe, das hat Ihnen weitergeholfen. Wie bereits erw\u00e4hnt, ist es im Allgemeinen sicherer, Cookies aktiviert zu lassen, falls diese mit einer von Ihnen genutzten Funktion interagieren.<\/p>\n\n\n\n<p>Bei Fragen oder Bedenken bez\u00fcglich dieser Richtlinie oder Ihrer Daten k\u00f6nnen Sie sich an folgende Adresse wenden:<br> <strong><a>contact@wibnax.com<\/a><\/strong><\/p>\n\n\n\n<p>Diese Richtlinie tritt am [Datum einf\u00fcgen] in Kraft. <strong>Juni 2025<\/strong>.<\/p>","protected":false},"excerpt":{"rendered":"<p>Your privacy is important to us. It is WIBNAX\u2019s policy to respect your privacy regarding any information we may collect from you across our website, WIBNAX, and other sites we own and operate. We only ask for personal information when we truly need it to provide a service to you. We collect it by fair [&hellip;]<\/p>","protected":false},"author":198,"featured_media":0,"parent":0,"menu_order":0,"comment_status":"closed","ping_status":"closed","template":"","meta":{"footnotes":""},"_links":{"self":[{"href":"https:\/\/wibnax.com\/de\/wp-json\/wp\/v2\/pages\/77"}],"collection":[{"href":"https:\/\/wibnax.com\/de\/wp-json\/wp\/v2\/pages"}],"about":[{"href":"https:\/\/wibnax.com\/de\/wp-json\/wp\/v2\/types\/page"}],"author":[{"embeddable":true,"href":"https:\/\/wibnax.com\/de\/wp-json\/wp\/v2\/users\/198"}],"replies":[{"embeddable":true,"href":"https:\/\/wibnax.com\/de\/wp-json\/wp\/v2\/comments?post=77"}],"version-history":[{"count":3,"href":"https:\/\/wibnax.com\/de\/wp-json\/wp\/v2\/pages\/77\/revisions"}],"predecessor-version":[{"id":685,"href":"https:\/\/wibnax.com\/de\/wp-json\/wp\/v2\/pages\/77\/revisions\/685"}],"wp:attachment":[{"href":"https:\/\/wibnax.com\/de\/wp-json\/wp\/v2\/media?parent=77"}],"curies":[{"name":"wp","href":"https:\/\/api.w.org\/{rel}","templated":true}]}}