    {"id":73,"date":"2025-06-27T17:29:56","date_gmt":"2025-06-27T17:29:56","guid":{"rendered":"https:\/\/wibnax.com\/?page_id=73"},"modified":"2025-11-24T20:47:06","modified_gmt":"2025-11-24T20:47:06","slug":"about-us","status":"publish","type":"page","link":"https:\/\/wibnax.com\/de\/about-us\/","title":{"rendered":"\u00dcber uns"},"content":{"rendered":"<h1 class=\"wp-block-heading\"><strong>\u00dcber uns<\/strong><\/h1>\n\n\n\n<p><strong>Willkommen bei Wibnax<\/strong> Wibnax ist dein kreativer Raum f\u00fcr kulinarische Entdeckungen, Innovationen und Inspirationen rund ums Essen. Egal, ob du ein leidenschaftlicher Hobbykoch, ein angehender Koch, ein Foodtech-Fan oder einfach jemand bist, der die Esskultur liebt \u2013 Wibnax stillt deine Neugier.<\/p>\n\n\n\n<h2 class=\"wp-block-heading\"><strong>Was uns antreibt<\/strong><\/h2>\n\n\n\n<p>Wir bei Wibnax glauben, dass Essen mehr ist als blo\u00dfe Nahrungsaufnahme \u2013 es ist Sprache, Erlebnis und ein wirkungsvolles Mittel, um Verbindungen zu schaffen, Kreativit\u00e4t zu f\u00f6rdern und kulturelle Identit\u00e4t zu st\u00e4rken. Unsere Mission ist es, die Schnittstelle von Kochen, Technologie, Nachhaltigkeit und Kultur zu erforschen, indem wir aufschlussreiche Artikel, innovative Ideen und praktische Tipps teilen, die zu neuen Ideen in der K\u00fcche und dar\u00fcber hinaus anregen.<\/p>\n\n\n\n<p>Wir tauchen ein in die sich st\u00e4ndig weiterentwickelnde Welt der Lebensmitteltechnologie, Ern\u00e4hrung und nachhaltigen Praktiken und zeigen, wie moderne Werkzeuge, wissenschaftliche Erkenntnisse und bewusste Entscheidungen die Zukunft unserer Ern\u00e4hrung pr\u00e4gen. Wir feiern kulinarische Fantasie und m\u00f6chten unsere Leser dazu inspirieren, zu experimentieren, zu lernen, kulinarische Traditionen zu entdecken und die uns umgebenden Ern\u00e4hrungssysteme aus einer neuen Perspektive zu betrachten.<\/p>\n\n\n\n<h2 class=\"wp-block-heading\"><strong>Wer wir sind<\/strong><\/h2>\n\n\n\n<p>Wir sind ein Kollektiv aus Feinschmeckern, digitalen Denkern, kulinarischen Entdeckern und kreativen Autoren, die davon \u00fcberzeugt sind, dass Food-Content anspruchsvoll, fesselnd und innovativ sein sollte. Wibnax entstand aus dem Wunsch heraus, Storytelling mit Wissenschaft und Kunst mit Genuss zu verbinden \u2013 und so jeden Artikel zu einer Reise durch Geschmack, Kultur, Technologie und Bedeutung zu machen.<\/p>\n\n\n\n<p>Ob wir nun Food-Trends analysieren, globale Essgewohnheiten aufdecken, Erkenntnisse zur Ern\u00e4hrung vermitteln, in K\u00fcchentechniken eintauchen oder Innovationen erforschen, die die Art und Weise, wie Lebensmittel produziert und genossen werden, ver\u00e4ndern \u2013 unser Ziel ist es, Inhalte zu liefern, die ebenso k\u00f6stlich und anregend wie leicht verdaulich sind.<\/p>\n\n\n\n<h2 class=\"wp-block-heading\"><strong>Mach mit!<\/strong><\/h2>\n\n\n\n<p>Haben Sie ein ungew\u00f6hnliches Rezept? Eine innovative Lebensmitteltechnologie-Entdeckung? Eine Tradition, die Sie teilen m\u00f6chten? Einen Nachhaltigkeitstipp oder eine Geschichte, die Sie erz\u00e4hlen wollen? Wir freuen uns, von Ihnen zu h\u00f6ren. Wibnax lebt von den Stimmen der Community und vielf\u00e4ltigen Perspektiven \u2013 denn gro\u00dfartige Ideen k\u00f6nnen \u00fcberall entstehen.<\/p>\n\n\n\n<p>Lasst uns gemeinsam die Welt des Essens erkunden \u2013 ein Beitrag, ein Bissen, eine Idee nach der anderen.<\/p>","protected":false},"excerpt":{"rendered":"<p>About Us Welcome to Wibnax \u2013 your creative space for food exploration, culinary innovation, and edible inspiration. Whether you\u2019re a passionate home cook, an aspiring chef, a foodtech enthusiast, or simply someone who loves food culture, Wibnax is here to feed your curiosity. What drives us At Wibnax, we believe that food is more than [&hellip;]<\/p>","protected":false},"author":198,"featured_media":0,"parent":0,"menu_order":0,"comment_status":"closed","ping_status":"closed","template":"","meta":{"footnotes":""},"_links":{"self":[{"href":"https:\/\/wibnax.com\/de\/wp-json\/wp\/v2\/pages\/73"}],"collection":[{"href":"https:\/\/wibnax.com\/de\/wp-json\/wp\/v2\/pages"}],"about":[{"href":"https:\/\/wibnax.com\/de\/wp-json\/wp\/v2\/types\/page"}],"author":[{"embeddable":true,"href":"https:\/\/wibnax.com\/de\/wp-json\/wp\/v2\/users\/198"}],"replies":[{"embeddable":true,"href":"https:\/\/wibnax.com\/de\/wp-json\/wp\/v2\/comments?post=73"}],"version-history":[{"count":2,"href":"https:\/\/wibnax.com\/de\/wp-json\/wp\/v2\/pages\/73\/revisions"}],"predecessor-version":[{"id":683,"href":"https:\/\/wibnax.com\/de\/wp-json\/wp\/v2\/pages\/73\/revisions\/683"}],"wp:attachment":[{"href":"https:\/\/wibnax.com\/de\/wp-json\/wp\/v2\/media?parent=73"}],"curies":[{"name":"wp","href":"https:\/\/api.w.org\/{rel}","templated":true}]}}