    {"id":77,"date":"2025-06-27T17:32:54","date_gmt":"2025-06-27T17:32:54","guid":{"rendered":"https:\/\/wibnax.com\/?page_id=77"},"modified":"2025-11-24T20:48:03","modified_gmt":"2025-11-24T20:48:03","slug":"privacy-policy","status":"publish","type":"page","link":"https:\/\/wibnax.com\/cs\/privacy-policy\/","title":{"rendered":"Z\u00e1sady ochrany osobn\u00edch \u00fadaj\u016f"},"content":{"rendered":"<p>Va\u0161e soukrom\u00ed je pro n\u00e1s d\u016fle\u017eit\u00e9. Je <strong>WIBNAX<\/strong> z\u00e1sady respektov\u00e1n\u00ed va\u0161eho soukrom\u00ed ohledn\u011b ve\u0161ker\u00fdch informac\u00ed, kter\u00e9 od v\u00e1s m\u016f\u017eeme shroma\u017e\u010fovat na na\u0161ich webov\u00fdch str\u00e1nk\u00e1ch, <strong>WIBNAX<\/strong>a dal\u0161\u00ed weby, kter\u00e9 vlastn\u00edme a provozujeme.<\/p>\n\n\n\n<p>Osobn\u00ed \u00fadaje po\u017eadujeme pouze tehdy, kdy\u017e je skute\u010dn\u011b pot\u0159ebujeme k poskytnut\u00ed slu\u017eby. Shroma\u017e\u010fujeme je spravedliv\u00fdmi a z\u00e1konn\u00fdmi prost\u0159edky s va\u0161\u00edm v\u011bdom\u00edm a souhlasem. Tak\u00e9 v\u00e1s informujeme, pro\u010d je shroma\u017e\u010fujeme a jak budou pou\u017eity.<\/p>\n\n\n\n<p>Shrom\u00e1\u017ed\u011bn\u00e9 informace uchov\u00e1v\u00e1me pouze po dobu nezbytn\u011b nutnou k poskytnut\u00ed po\u017eadovan\u00e9 slu\u017eby. Uchov\u00e1van\u00e9 \u00fadaje budeme chr\u00e1nit komer\u010dn\u011b p\u0159ijateln\u00fdmi prost\u0159edky, abychom zabr\u00e1nili jejich ztr\u00e1t\u011b a kr\u00e1de\u017ei, jako\u017e i neopr\u00e1vn\u011bn\u00e9mu p\u0159\u00edstupu, zve\u0159ejn\u011bn\u00ed, kop\u00edrov\u00e1n\u00ed, pou\u017eit\u00ed nebo \u00faprav\u011b.<\/p>\n\n\n\n<p>Nesd\u00edl\u00edme \u017e\u00e1dn\u00e9 osobn\u00ed \u00fadaje ve\u0159ejn\u011b ani s t\u0159et\u00edmi stranami, s v\u00fdjimkou p\u0159\u00edpad\u016f, kdy to vy\u017eaduje z\u00e1kon.<\/p>\n\n\n\n<p>Na\u0161e webov\u00e9 str\u00e1nky mohou odkazovat na extern\u00ed str\u00e1nky, kter\u00e9 neprovozujeme. Upozor\u0148ujeme, \u017ee nem\u00e1me \u017e\u00e1dnou kontrolu nad obsahem a postupy t\u011bchto str\u00e1nek a nem\u016f\u017eeme n\u00e9st odpov\u011bdnost za jejich p\u0159\u00edslu\u0161n\u00e9 z\u00e1sady ochrany osobn\u00edch \u00fadaj\u016f.<\/p>\n\n\n\n<p>\u017d\u00e1dost o va\u0161e osobn\u00ed \u00fadaje m\u016f\u017eete odm\u00edtnout s t\u00edm, \u017ee v\u00e1m mo\u017en\u00e1 nebudeme moci poskytnout n\u011bkter\u00e9 z v\u00e1mi po\u017eadovan\u00fdch slu\u017eeb.<\/p>\n\n\n\n<p>Va\u0161e dal\u0161\u00ed pou\u017e\u00edv\u00e1n\u00ed na\u0161ich webov\u00fdch str\u00e1nek bude pova\u017eov\u00e1no za souhlas s na\u0161imi postupy t\u00fdkaj\u00edc\u00edmi se ochrany osobn\u00edch \u00fadaj\u016f a osobn\u00edch \u00fadaj\u016f. M\u00e1te-li jak\u00e9koli dotazy ohledn\u011b toho, jak nakl\u00e1d\u00e1me s u\u017eivatelsk\u00fdmi \u00fadaji a osobn\u00edmi \u00fadaji, nev\u00e1hejte n\u00e1s kontaktovat.<\/p>\n\n\n\n<h1 class=\"wp-block-heading\"><strong>Z\u00e1sady pou\u017e\u00edv\u00e1n\u00ed soubor\u016f cookie pro WIBNAX<\/strong><\/h1>\n\n\n\n<p>Toto jsou Z\u00e1sady pou\u017e\u00edv\u00e1n\u00ed soubor\u016f cookie pro <strong>WIBNAX<\/strong>, dostupn\u00e9 z https:\/\/wibnax.com<\/p>\n\n\n\n<h2 class=\"wp-block-heading\"><strong>Co jsou soubory cookie<\/strong><\/h2>\n\n\n\n<p>Jak je b\u011b\u017enou prax\u00ed u t\u00e9m\u011b\u0159 v\u0161ech profesion\u00e1ln\u00edch webov\u00fdch str\u00e1nek, i tyto str\u00e1nky pou\u017e\u00edvaj\u00ed soubory cookie, co\u017e jsou mal\u00e9 soubory, kter\u00e9 se stahuj\u00ed do va\u0161eho po\u010d\u00edta\u010de, aby se zlep\u0161il v\u00e1\u0161 z\u00e1\u017eitek. Tato str\u00e1nka popisuje, jak\u00e9 informace shroma\u017e\u010fuj\u00ed, jak je pou\u017e\u00edv\u00e1me a pro\u010d n\u011bkdy pot\u0159ebujeme tyto soubory cookie ukl\u00e1dat. Tak\u00e9 se pod\u011bl\u00edme o to, jak m\u016f\u017eete ukl\u00e1d\u00e1n\u00ed t\u011bchto soubor\u016f cookie zabr\u00e1nit \u2013 to v\u0161ak m\u016f\u017ee sn\u00ed\u017eit kvalitu nebo \u201enaru\u0161it\u201c n\u011bkter\u00e9 prvky funk\u010dnosti webu.<\/p>\n\n\n\n<h2 class=\"wp-block-heading\"><strong>Jak pou\u017e\u00edv\u00e1me soubory cookie<\/strong><\/h2>\n\n\n\n<p>Soubory cookie pou\u017e\u00edv\u00e1me z r\u016fzn\u00fdch d\u016fvod\u016f, kter\u00e9 jsou podrobn\u011b pops\u00e1ny n\u00ed\u017ee. Bohu\u017eel ve v\u011bt\u0161in\u011b p\u0159\u00edpad\u016f neexistuj\u00ed \u017e\u00e1dn\u00e9 standardn\u00ed mo\u017enosti pro zak\u00e1z\u00e1n\u00ed soubor\u016f cookie bez \u00fapln\u00e9ho zak\u00e1z\u00e1n\u00ed funkc\u00ed a vlastnost\u00ed, kter\u00e9 na tento web p\u0159id\u00e1vaj\u00ed. Doporu\u010duje se ponechat v\u0161echny soubory cookie zapnut\u00e9, pokud si nejste jisti, zda je pot\u0159ebujete, v p\u0159\u00edpad\u011b, \u017ee se pou\u017e\u00edvaj\u00ed k poskytov\u00e1n\u00ed slu\u017eby, kterou pou\u017e\u00edv\u00e1te.<\/p>\n\n\n\n<h2 class=\"wp-block-heading\"><strong>Zak\u00e1z\u00e1n\u00ed soubor\u016f cookie<\/strong><\/h2>\n\n\n\n<p>Nastaven\u00ed soubor\u016f cookie m\u016f\u017eete zabr\u00e1nit \u00fapravou nastaven\u00ed ve va\u0161em prohl\u00ed\u017ee\u010di (postup naleznete v n\u00e1pov\u011bd\u011b k va\u0161emu prohl\u00ed\u017ee\u010di). Upozor\u0148ujeme, \u017ee zak\u00e1z\u00e1n\u00ed soubor\u016f cookie ovlivn\u00ed funk\u010dnost tohoto a mnoha dal\u0161\u00edch webov\u00fdch str\u00e1nek, kter\u00e9 nav\u0161t\u011bvujete. Zak\u00e1z\u00e1n\u00ed soubor\u016f cookie obvykle vede tak\u00e9 k zak\u00e1z\u00e1n\u00ed ur\u010dit\u00fdch funkc\u00ed a vlastnost\u00ed tohoto webu. Proto se doporu\u010duje soubory cookie nezakazovat.<\/p>\n\n\n\n<h2 class=\"wp-block-heading\"><strong>Soubory cookie, kter\u00e9 nastavujeme<\/strong><\/h2>\n\n\n\n<h3 class=\"wp-block-heading\"><strong>Soubory cookie souvisej\u00edc\u00ed s \u00fa\u010dtem<\/strong><\/h3>\n\n\n\n<p>Pokud si u n\u00e1s vytvo\u0159\u00edte \u00fa\u010det, budeme pro spr\u00e1vu procesu registrace a obecnou administraci pou\u017e\u00edvat soubory cookie. Tyto soubory cookie se obvykle sma\u017eou po va\u0161em odhl\u00e1\u0161en\u00ed. V n\u011bkter\u00fdch p\u0159\u00edpadech v\u0161ak mohou z\u016fstat i po odhl\u00e1\u0161en\u00ed, aby si pamatovaly va\u0161e preference webu.<\/p>\n\n\n\n<h3 class=\"wp-block-heading\"><strong>Soubory cookie souvisej\u00edc\u00ed s p\u0159ihl\u00e1\u0161en\u00edm<\/strong><\/h3>\n\n\n\n<p>Pou\u017e\u00edv\u00e1me soubory cookie, kdy\u017e jste p\u0159ihl\u00e1\u0161eni, abychom si to pamatovali. D\u00edky tomu se nemus\u00edte p\u0159ihla\u0161ovat poka\u017ed\u00e9, kdy\u017e nav\u0161t\u00edv\u00edte novou str\u00e1nku. Tyto soubory cookie se obvykle odstran\u00ed nebo vyma\u017eou, kdy\u017e se odhl\u00e1s\u00edte, aby bylo zaji\u0161t\u011bno, \u017ee po p\u0159ihl\u00e1\u0161en\u00ed budete m\u00edt p\u0159\u00edstup pouze k omezen\u00fdm funkc\u00edm a oblastem.<\/p>\n\n\n\n<h3 class=\"wp-block-heading\"><strong>Soubory cookie souvisej\u00edc\u00ed s e-mailov\u00fdmi newslettery<\/strong><\/h3>\n\n\n\n<p>Tato str\u00e1nka nab\u00edz\u00ed slu\u017eby odb\u011bru newsletter\u016f nebo e-mail\u016f a soubory cookie mohou b\u00fdt pou\u017eity k zapamatov\u00e1n\u00ed si, zda jste ji\u017e registrov\u00e1ni a zda se maj\u00ed zobrazovat ur\u010dit\u00e1 ozn\u00e1men\u00ed, kter\u00e1 mohou b\u00fdt platn\u00e1 pouze pro p\u0159ihl\u00e1\u0161en\u00e9 nebo nep\u0159ihl\u00e1\u0161en\u00e9 u\u017eivatele.<\/p>\n\n\n\n<h3 class=\"wp-block-heading\"><strong>Soubory cookie souvisej\u00edc\u00ed se zpracov\u00e1n\u00edm objedn\u00e1vek<\/strong><\/h3>\n\n\n\n<p>A\u010dkoli Wibnax v sou\u010dasn\u00e9 dob\u011b nenab\u00edz\u00ed elektronick\u00e9 obchodov\u00e1n\u00ed, pokud tuto funkci v budoucnu p\u0159id\u00e1me, budou soubory cookie pou\u017eity k zaji\u0161t\u011bn\u00ed toho, aby se va\u0161e objedn\u00e1vka mezi str\u00e1nkami ulo\u017eila, abychom ji mohli spr\u00e1vn\u011b zpracovat.<\/p>\n\n\n\n<h3 class=\"wp-block-heading\"><strong>Soubory cookie souvisej\u00edc\u00ed s pr\u016fzkumy<\/strong><\/h3>\n\n\n\n<p>\u010cas od \u010dasu nab\u00edz\u00edme u\u017eivatelsk\u00e9 pr\u016fzkumy a dotazn\u00edky, kter\u00e9 v\u00e1m poskytnou informace, u\u017eite\u010dn\u00e9 n\u00e1stroje nebo v\u00e1m pomohou l\u00e9pe porozum\u011bt na\u0161emu publiku. Tyto pr\u016fzkumy mohou pou\u017e\u00edvat soubory cookie k zapamatov\u00e1n\u00ed si \u00fa\u010dastn\u00edk\u016f nebo k poskytov\u00e1n\u00ed p\u0159esn\u00fdch v\u00fdsledk\u016f po zm\u011bn\u011b str\u00e1nek.<\/p>\n\n\n\n<h3 class=\"wp-block-heading\"><strong>Soubory cookie souvisej\u00edc\u00ed s formul\u00e1\u0159i<\/strong><\/h3>\n\n\n\n<p>Kdy\u017e odes\u00edl\u00e1te data prost\u0159ednictv\u00edm formul\u00e1\u0159e, nap\u0159\u00edklad na kontaktn\u00edch str\u00e1nk\u00e1ch nebo v sekc\u00edch koment\u00e1\u0159\u016f, mohou b\u00fdt nastaveny soubory cookie, kter\u00e9 si pamatuj\u00ed va\u0161e u\u017eivatelsk\u00e9 \u00fadaje pro budouc\u00ed korespondenci.<\/p>\n\n\n\n<h3 class=\"wp-block-heading\"><strong>Soubory cookie preferenc\u00ed webu<\/strong><\/h3>\n\n\n\n<p>Abychom v\u00e1m poskytli co nejlep\u0161\u00ed u\u017eivatelsk\u00fd z\u00e1\u017eitek, umo\u017e\u0148ujeme v\u00e1m nastavit si p\u0159edvolby pro fungov\u00e1n\u00ed t\u011bchto str\u00e1nek p\u0159i jejich pou\u017e\u00edv\u00e1n\u00ed. Abychom si va\u0161e p\u0159edvolby zapamatovali, pot\u0159ebujeme nastavit soubory cookie, aby bylo mo\u017en\u00e9 tyto informace vyvolat v\u017edy, kdy\u017e proch\u00e1z\u00edte str\u00e1nkou, kter\u00e1 je ovlivn\u011bna va\u0161im nastaven\u00edm.<\/p>\n\n\n\n<h2 class=\"wp-block-heading\"><strong>Soubory cookie t\u0159et\u00edch stran<\/strong><\/h2>\n\n\n\n<p>V n\u011bkter\u00fdch zvl\u00e1\u0161tn\u00edch p\u0159\u00edpadech pou\u017e\u00edv\u00e1me tak\u00e9 soubory cookie poskytovan\u00e9 d\u016fv\u011bryhodn\u00fdmi t\u0159et\u00edmi stranami. N\u00ed\u017ee uveden\u00e1 \u010d\u00e1st podrobn\u011b popisuje, s jak\u00fdmi soubory cookie t\u0159et\u00edch stran se m\u016f\u017eete na t\u011bchto str\u00e1nk\u00e1ch setkat:<\/p>\n\n\n\n<ul>\n<li><strong>Google Analytics<\/strong><br>Tyto str\u00e1nky pou\u017e\u00edvaj\u00ed Google Analytics, jedno z nejroz\u0161\u00ed\u0159en\u011bj\u0161\u00edch a nejd\u016fv\u011bryhodn\u011bj\u0161\u00edch analytick\u00fdch \u0159e\u0161en\u00ed na webu, kter\u00e9 n\u00e1m pom\u00e1h\u00e1 pochopit, jak str\u00e1nky pou\u017e\u00edv\u00e1te a jak m\u016f\u017eeme zlep\u0161it v\u00e1\u0161 z\u00e1\u017eitek. Tyto soubory cookie mohou sledovat nap\u0159\u00edklad dobu, kterou na str\u00e1nk\u00e1ch tr\u00e1v\u00edte, a str\u00e1nky, kter\u00e9 nav\u0161t\u011bvujete.<br>V\u00edce informac\u00ed o souborech cookie slu\u017eby Google Analytics naleznete v <a>ofici\u00e1ln\u00ed str\u00e1nka Google Analytics<\/a>.<\/li>\n\n\n\n<li><strong>Analytika t\u0159et\u00edch stran<\/strong><br>Tyto soubory cookie se pou\u017e\u00edvaj\u00ed ke sledov\u00e1n\u00ed a m\u011b\u0159en\u00ed pou\u017e\u00edv\u00e1n\u00ed t\u011bchto str\u00e1nek, abychom mohli i nad\u00e1le vytv\u00e1\u0159et relevantn\u00ed obsah. Tyto soubory cookie mohou sledovat, jak dlouho tr\u00e1v\u00edte na str\u00e1nk\u00e1ch nebo kter\u00e9 str\u00e1nky nav\u0161t\u011bvujete, co\u017e n\u00e1m pom\u00e1h\u00e1 pochopit, jak v\u00e1m l\u00e9pe slou\u017eit.<\/li>\n\n\n\n<li><strong>Testov\u00e1n\u00ed nov\u00fdch funkc\u00ed<\/strong><br>Ob\u010das testujeme nov\u00e9 funkce a prov\u00e1d\u00edme jemn\u00e9 zm\u011bny ve zp\u016fsobu, jak\u00fdm je web zobrazov\u00e1n. Soubory cookie mohou b\u00fdt pou\u017e\u00edv\u00e1ny k zaji\u0161t\u011bn\u00ed konzistentn\u00edho z\u00e1\u017eitku a k tomu, abychom pochopili, kter\u00e9 optimalizace u\u017eivatel\u00e9 oce\u0148uj\u00ed nejv\u00edce.<\/li>\n\n\n\n<li><strong>Sledov\u00e1n\u00ed konverz\u00ed<\/strong><br>Pokud provozujeme jakoukoli formu propagace produkt\u016f nebo reklamy, tyto soubory cookie n\u00e1m pom\u00e1haj\u00ed pochopit, kolik n\u00e1v\u0161t\u011bvn\u00edk\u016f skute\u010dn\u011b interaguje s dan\u00fdm obsahem nebo prost\u0159ednictv\u00edm n\u011bj provede konverzi. To n\u00e1m pom\u00e1h\u00e1 \u010dinit informovan\u00e1 rozhodnut\u00ed s c\u00edlem optimalizovat obsah a u\u017eivatelskou zku\u0161enost.<\/li>\n\n\n\n<li><strong>Soubory cookie soci\u00e1ln\u00edch m\u00e9di\u00ed<\/strong><br>M\u016f\u017eeme integrovat tla\u010d\u00edtka nebo pluginy soci\u00e1ln\u00edch m\u00e9di\u00ed, kter\u00e9 v\u00e1m umo\u017en\u00ed propojit se s va\u0161\u00ed s\u00edt\u00ed. Aby tyto fungovaly, soci\u00e1ln\u00ed platformy jako <strong>Instagram<\/strong>, <strong>Pinterest<\/strong>, nebo <strong>Twitter\/X<\/strong> m\u016f\u017ee prost\u0159ednictv\u00edm na\u0161ich str\u00e1nek nastavovat soubory cookie. Tyto soubory cookie mohou b\u00fdt pou\u017eity k vylep\u0161en\u00ed va\u0161eho profilu nebo k pln\u011bn\u00ed vlastn\u00edch z\u00e1sad pro anal\u00fdzu a shroma\u017e\u010fov\u00e1n\u00ed dat.<\/li>\n<\/ul>\n\n\n\n<h3 class=\"wp-block-heading\">Reklama (Google AdSense) a va\u0161e mo\u017enosti<\/h3>\n\n\n\n<p>Tyto str\u00e1nky pou\u017e\u00edvaj\u00ed k zobrazov\u00e1n\u00ed reklam slu\u017ebu Google AdSense. Spole\u010dnost Google a jej\u00ed partne\u0159i mohou pou\u017e\u00edvat soubory cookie nebo jin\u00e9 technologie k zobrazov\u00e1n\u00ed, m\u011b\u0159en\u00ed a personalizaci reklam na z\u00e1klad\u011b va\u0161ich n\u00e1v\u0161t\u011bv t\u011bchto a dal\u0161\u00edch webov\u00fdch str\u00e1nek.<\/p>\n\n\n\n<p>Chcete-li se dozv\u011bd\u011bt, jak Google pou\u017e\u00edv\u00e1 data z web\u016f a aplikac\u00ed, kter\u00e9 vyu\u017e\u00edvaj\u00ed jeho slu\u017eby, nav\u0161tivte:<br><a href=\"https:\/\/policies.google.com\/technologies\/partner-sites\">https:\/\/policies.google.com\/technologies\/partner-sites<\/a><\/p>\n\n\n\n<p><strong>Odhl\u00e1\u0161en\u00ed z personalizovan\u00fdch reklam:<\/strong><br>Z personalizovan\u00e9 reklamy od Googlu se m\u016f\u017eete odhl\u00e1sit na <strong><a href=\"https:\/\/adssettings.google.com\/\">Nastaven\u00ed reklam (Moje reklamn\u00ed centrum)<\/a><\/strong>.<br>P\u0159\u00edpadn\u011b se m\u016f\u017eete odhl\u00e1sit z reklamy zalo\u017een\u00e9 na z\u00e1jmech od mnoha jin\u00fdch poskytovatel\u016f reklamy na webov\u00fdch str\u00e1nk\u00e1ch <strong><a href=\"https:\/\/www.aboutads.info\/choices\/\">AboutAds.info\/choices<\/a><\/strong>.<\/p>\n\n\n\n<p>Pozn\u00e1mka: I kdy\u017e se odhl\u00e1s\u00edte, reklamy se v\u00e1m budou zobrazovat, ale mohou b\u00fdt m\u00e9n\u011b relevantn\u00ed pro va\u0161e z\u00e1jmy.<\/p>\n\n\n\n<h2 class=\"wp-block-heading\"><\/h2>\n\n\n\n<h2 class=\"wp-block-heading\"><strong>V\u00edce informac\u00ed<\/strong><\/h2>\n\n\n\n<p>Douf\u00e1m, \u017ee v\u00e1m to objasnilo situaci. Jak ji\u017e bylo zm\u00edn\u011bno, pokud si nejste n\u011b\u010d\u00edm jisti, je obecn\u011b bezpe\u010dn\u011bj\u0161\u00ed nechat soubory cookie povolen\u00e9 pro p\u0159\u00edpad, \u017ee by interagovaly s funkc\u00ed, kterou pou\u017e\u00edv\u00e1te.<\/p>\n\n\n\n<p>Pokud m\u00e1te dotazy nebo obavy t\u00fdkaj\u00edc\u00ed se t\u011bchto z\u00e1sad nebo va\u0161ich \u00fadaj\u016f, m\u016f\u017eete se na n\u00e1s obr\u00e1tit na adrese:<br> <strong><a>kontakt@wibnax.com<\/a><\/strong><\/p>\n\n\n\n<p>Tato politika je \u00fa\u010dinn\u00e1 od <strong>\u010cerven 2025<\/strong>.<\/p>","protected":false},"excerpt":{"rendered":"<p>Your privacy is important to us. It is WIBNAX\u2019s policy to respect your privacy regarding any information we may collect from you across our website, WIBNAX, and other sites we own and operate. We only ask for personal information when we truly need it to provide a service to you. We collect it by fair [&hellip;]<\/p>","protected":false},"author":198,"featured_media":0,"parent":0,"menu_order":0,"comment_status":"closed","ping_status":"closed","template":"","meta":{"footnotes":""},"_links":{"self":[{"href":"https:\/\/wibnax.com\/cs\/wp-json\/wp\/v2\/pages\/77"}],"collection":[{"href":"https:\/\/wibnax.com\/cs\/wp-json\/wp\/v2\/pages"}],"about":[{"href":"https:\/\/wibnax.com\/cs\/wp-json\/wp\/v2\/types\/page"}],"author":[{"embeddable":true,"href":"https:\/\/wibnax.com\/cs\/wp-json\/wp\/v2\/users\/198"}],"replies":[{"embeddable":true,"href":"https:\/\/wibnax.com\/cs\/wp-json\/wp\/v2\/comments?post=77"}],"version-history":[{"count":3,"href":"https:\/\/wibnax.com\/cs\/wp-json\/wp\/v2\/pages\/77\/revisions"}],"predecessor-version":[{"id":685,"href":"https:\/\/wibnax.com\/cs\/wp-json\/wp\/v2\/pages\/77\/revisions\/685"}],"wp:attachment":[{"href":"https:\/\/wibnax.com\/cs\/wp-json\/wp\/v2\/media?parent=77"}],"curies":[{"name":"wp","href":"https:\/\/api.w.org\/{rel}","templated":true}]}}