    {"id":75,"date":"2025-06-27T17:30:37","date_gmt":"2025-06-27T17:30:37","guid":{"rendered":"https:\/\/wibnax.com\/?page_id=75"},"modified":"2025-11-24T20:47:28","modified_gmt":"2025-11-24T20:47:28","slug":"contact","status":"publish","type":"page","link":"https:\/\/wibnax.com\/cs\/contact\/","title":{"rendered":"Kontakt"},"content":{"rendered":"<p>D\u011bkujeme za n\u00e1v\u0161t\u011bvu <strong>Wibnax<\/strong>, va\u0161e m\u00edsto pro kulin\u00e1\u0159skou kreativitu, post\u0159ehy z j\u00eddla a digit\u00e1ln\u00ed objevov\u00e1n\u00ed chut\u00ed. V\u00e1\u017e\u00edme si va\u0161eho z\u00e1jmu a jsme tu, abychom se s v\u00e1mi spojili, spolupracovali a spole\u010dn\u011b vym\u00fd\u0161leli nov\u00e9 n\u00e1pady.<\/p>\n\n\n\n<h3 class=\"wp-block-heading\"><strong>Obecn\u00e9 dotazy<\/strong><\/h3>\n\n\n\n<p>M\u00e1te dotaz ohledn\u011b Wibnaxu nebo n\u00e1s chcete jen pozdravit? Napi\u0161te n\u00e1m na <strong>kontakt@wibnax.com<\/strong><br>R\u00e1di si poslechneme n\u00e1zory ostatn\u00edch lid\u00ed, kte\u0159\u00ed se zab\u00fdvaj\u00ed j\u00eddlem, a odpov\u00edme v\u00e1m co nejd\u0159\u00edve.<\/p>\n\n\n\n<h3 class=\"wp-block-heading\"><strong>N\u00e1vrhy a p\u0159\u00edsp\u011bvky k obsahu<\/strong><\/h3>\n\n\n\n<p>M\u00e1te jedine\u010dn\u00fd pohled na j\u00eddlo, technologie nebo kulin\u00e1\u0159skou kulturu? Chcete napsat \u010dl\u00e1nek nebo navrhnout t\u00e9ma, kter\u00e9 bychom m\u011bli prozkoumat? Kontaktujte n\u00e1s na adrese <strong>kontakt@wibnax.com<\/strong><br>Jsme v\u017edy otev\u0159eni odv\u00e1\u017en\u00fdm n\u00e1pad\u016fm a nov\u00fdm hlas\u016fm, kter\u00e9 zpochyb\u0148uj\u00ed v\u0161ednost.<\/p>\n\n\n\n<h3 class=\"wp-block-heading\"><strong>Technick\u00e1 podpora<\/strong><\/h3>\n\n\n\n<p>M\u00e1te n\u011bjak\u00e9 probl\u00e9my s webem nebo p\u0159\u00edstupem k obsahu? Dejte n\u00e1m v\u011bd\u011bt na <strong>kontakt@wibnax.com<\/strong><br>Ud\u011bl\u00e1me v\u0161e pro to, abychom vy\u0159e\u0161ili v\u0161echny z\u00e1vady a umo\u017enili v\u00e1m vr\u00e1tit se ke \u010dten\u00ed, u\u010den\u00ed a tvorb\u011b.<\/p>\n\n\n\n<h3 class=\"wp-block-heading\"><strong>Z\u016fsta\u0148te ve spojen\u00ed<\/strong><\/h3>\n\n\n\n<p>Wibnax je publikace prim\u00e1rn\u011b digit\u00e1ln\u00edho charakteru s glob\u00e1ln\u00edm publikem. Nem\u00e1me fyzickou kancel\u00e1\u0159, ale jsme v\u017edy online \u2013 p\u0159ipraveni se zapojit, rozv\u00edjet a spole\u010dn\u011b budovat n\u011bco zaj\u00edmav\u00e9ho.<\/p>\n\n\n\n<p>Je\u0161t\u011b jednou d\u011bkujeme za n\u00e1v\u0161t\u011bvu. T\u011b\u0161\u00edme se na va\u0161i odpov\u011b\u010f!<\/p>\n\n\n\n<p><strong>S pozdravem,<\/strong><br><em>T\u00fdm Wibnaxu<\/em><\/p>","protected":false},"excerpt":{"rendered":"<p>Thank you for visiting Wibnax, your destination for culinary creativity, food insights, and digital flavor exploration. We appreciate your interest and are here to connect, collaborate, and cook up new ideas with you. General Inquiries Got a question about Wibnax or just want to say hello? Drop us a line at contact@wibnax.comWe love hearing from [&hellip;]<\/p>","protected":false},"author":198,"featured_media":0,"parent":0,"menu_order":0,"comment_status":"closed","ping_status":"closed","template":"","meta":{"footnotes":""},"_links":{"self":[{"href":"https:\/\/wibnax.com\/cs\/wp-json\/wp\/v2\/pages\/75"}],"collection":[{"href":"https:\/\/wibnax.com\/cs\/wp-json\/wp\/v2\/pages"}],"about":[{"href":"https:\/\/wibnax.com\/cs\/wp-json\/wp\/v2\/types\/page"}],"author":[{"embeddable":true,"href":"https:\/\/wibnax.com\/cs\/wp-json\/wp\/v2\/users\/198"}],"replies":[{"embeddable":true,"href":"https:\/\/wibnax.com\/cs\/wp-json\/wp\/v2\/comments?post=75"}],"version-history":[{"count":2,"href":"https:\/\/wibnax.com\/cs\/wp-json\/wp\/v2\/pages\/75\/revisions"}],"predecessor-version":[{"id":684,"href":"https:\/\/wibnax.com\/cs\/wp-json\/wp\/v2\/pages\/75\/revisions\/684"}],"wp:attachment":[{"href":"https:\/\/wibnax.com\/cs\/wp-json\/wp\/v2\/media?parent=75"}],"curies":[{"name":"wp","href":"https:\/\/api.w.org\/{rel}","templated":true}]}}