    {"id":73,"date":"2025-06-27T17:29:56","date_gmt":"2025-06-27T17:29:56","guid":{"rendered":"https:\/\/wibnax.com\/?page_id=73"},"modified":"2025-11-24T20:47:06","modified_gmt":"2025-11-24T20:47:06","slug":"about-us","status":"publish","type":"page","link":"https:\/\/wibnax.com\/cs\/about-us\/","title":{"rendered":"O n\u00e1s"},"content":{"rendered":"<h1 class=\"wp-block-heading\"><strong>O n\u00e1s<\/strong><\/h1>\n\n\n\n<p><strong>V\u00edtejte ve Wibnaxu<\/strong> \u2013 v\u00e1\u0161 kreativn\u00ed prostor pro objevov\u00e1n\u00ed j\u00eddla, kulin\u00e1\u0159sk\u00e9 inovace a inspiraci pro jedl\u00e9 pokrmy. A\u0165 u\u017e jste v\u00e1\u0161niv\u00fd dom\u00e1c\u00ed kucha\u0159, za\u010d\u00ednaj\u00edc\u00ed \u0161\u00e9fkucha\u0159, nad\u0161enec do foodtech nebo prost\u011b n\u011bkdo, kdo miluje kulin\u00e1\u0159skou kulturu, Wibnax je tu, aby uspokojil va\u0161i zv\u011bdavost.<\/p>\n\n\n\n<h2 class=\"wp-block-heading\"><strong>Co n\u00e1s \u017eene vp\u0159ed<\/strong><\/h2>\n\n\n\n<p>Ve Wibnaxu v\u011b\u0159\u00edme, \u017ee j\u00eddlo je v\u00edc ne\u017e jen potrava \u2013 je to jazyk, z\u00e1\u017eitek a mocn\u00fd n\u00e1stroj pro propojen\u00ed, kreativitu a kulturn\u00ed identitu. Na\u0161\u00edm posl\u00e1n\u00edm je zkoumat pr\u016fnik va\u0159en\u00ed, technologi\u00ed, udr\u017eitelnosti a kultury sd\u00edlen\u00edm zaj\u00edmav\u00fdch \u010dl\u00e1nk\u016f, nov\u00fdch n\u00e1pad\u016f a praktick\u00fdch tip\u016f, kter\u00e9 podn\u011bcuj\u00ed inovace v kuchyni i mimo ni.<\/p>\n\n\n\n<p>Pono\u0159ujeme se do vyv\u00edjej\u00edc\u00edho se sv\u011bta potravin\u00e1\u0159sk\u00fdch technologi\u00ed, v\u00fd\u017eivy a udr\u017eiteln\u00fdch postup\u016f a ukazujeme, jak modern\u00ed n\u00e1stroje, v\u011bda a uv\u011bdom\u011bl\u00e1 rozhodnut\u00ed utv\u00e1\u0159ej\u00ed budoucnost toho, co j\u00edme. Oslavujeme kulin\u00e1\u0159skou fantazii a sna\u017e\u00edme se inspirovat \u010dten\u00e1\u0159e k experimentov\u00e1n\u00ed, u\u010den\u00ed se, zkoum\u00e1n\u00ed kulin\u00e1\u0159sk\u00fdch tradic a odli\u0161n\u00e9mu p\u0159em\u00fd\u0161len\u00ed o potravinov\u00fdch syst\u00e9mech kolem n\u00e1s.<\/p>\n\n\n\n<h2 class=\"wp-block-heading\"><strong>Kdo jsme<\/strong><\/h2>\n\n\n\n<p>Jsme kolektiv milovn\u00edk\u016f j\u00eddla, digit\u00e1ln\u00edch myslitel\u016f, kulin\u00e1\u0159sk\u00fdch objevitel\u016f a kreativn\u00edch autor\u016f, kte\u0159\u00ed v\u011b\u0159\u00ed, \u017ee obsah o j\u00eddle by m\u011bl b\u00fdt promy\u0161len\u00fd, poutav\u00fd a posouvaj\u00edc\u00ed hranice. Wibnax vznikl z touhy propojit vypr\u00e1v\u011bn\u00ed p\u0159\u00edb\u011bh\u016f s v\u011bdou, um\u011bn\u00ed s chut\u00ed k j\u00eddlu \u2013 a z ka\u017ed\u00e9ho \u010dl\u00e1nku tak ud\u011blat cestu za chut\u00ed, kulturou, technologiemi a v\u00fdznamem.<\/p>\n\n\n\n<p>A\u0165 u\u017e se zab\u00fdv\u00e1me trendy v j\u00eddle, odhalujeme glob\u00e1ln\u00ed stravovac\u00ed metody, sd\u00edl\u00edme poznatky o v\u00fd\u017eiv\u011b, pono\u0159ujeme se do kuchy\u0148sk\u00fdch technik nebo zkoum\u00e1me inovace, kter\u00e9 m\u011bn\u00ed zp\u016fsob v\u00fdroby a konzumace j\u00eddla, na\u0161\u00edm c\u00edlem je poskytovat obsah, kter\u00fd je stejn\u011b lahodn\u011b podn\u011btn\u00fd k zamy\u0161len\u00ed, jako je snadno straviteln\u00fd.<\/p>\n\n\n\n<h2 class=\"wp-block-heading\"><strong>Zapojte se<\/strong><\/h2>\n\n\n\n<p>M\u00e1te recept, kter\u00fd poru\u0161uje pravidla? Objev v oblasti potravin\u00e1\u0159sk\u00fdch technologi\u00ed? Tradici, o kterou se chcete pod\u011blit? Tip na udr\u017eitelnost nebo p\u0159\u00edb\u011bh, kter\u00fd chcete vypr\u00e1v\u011bt? R\u00e1di bychom od v\u00e1s sly\u0161eli. Wibnax vzkv\u00e9t\u00e1 d\u00edky hlas\u016fm komunity a rozmanit\u00fdm perspektiv\u00e1m \u2013 proto\u017ee skv\u011bl\u00e9 n\u00e1pady mohou p\u0159ij\u00edt odkudkoli.<\/p>\n\n\n\n<p>Poj\u010fme spole\u010dn\u011b prozkoumat sv\u011bt j\u00eddla \u2013 jeden p\u0159\u00edsp\u011bvek, jedno sousto, jeden n\u00e1pad po druh\u00e9m.<\/p>","protected":false},"excerpt":{"rendered":"<p>About Us Welcome to Wibnax \u2013 your creative space for food exploration, culinary innovation, and edible inspiration. Whether you\u2019re a passionate home cook, an aspiring chef, a foodtech enthusiast, or simply someone who loves food culture, Wibnax is here to feed your curiosity. What drives us At Wibnax, we believe that food is more than [&hellip;]<\/p>","protected":false},"author":198,"featured_media":0,"parent":0,"menu_order":0,"comment_status":"closed","ping_status":"closed","template":"","meta":{"footnotes":""},"_links":{"self":[{"href":"https:\/\/wibnax.com\/cs\/wp-json\/wp\/v2\/pages\/73"}],"collection":[{"href":"https:\/\/wibnax.com\/cs\/wp-json\/wp\/v2\/pages"}],"about":[{"href":"https:\/\/wibnax.com\/cs\/wp-json\/wp\/v2\/types\/page"}],"author":[{"embeddable":true,"href":"https:\/\/wibnax.com\/cs\/wp-json\/wp\/v2\/users\/198"}],"replies":[{"embeddable":true,"href":"https:\/\/wibnax.com\/cs\/wp-json\/wp\/v2\/comments?post=73"}],"version-history":[{"count":2,"href":"https:\/\/wibnax.com\/cs\/wp-json\/wp\/v2\/pages\/73\/revisions"}],"predecessor-version":[{"id":683,"href":"https:\/\/wibnax.com\/cs\/wp-json\/wp\/v2\/pages\/73\/revisions\/683"}],"wp:attachment":[{"href":"https:\/\/wibnax.com\/cs\/wp-json\/wp\/v2\/media?parent=73"}],"curies":[{"name":"wp","href":"https:\/\/api.w.org\/{rel}","templated":true}]}}