    {"id":73,"date":"2025-06-27T17:29:56","date_gmt":"2025-06-27T17:29:56","guid":{"rendered":"https:\/\/wibnax.com\/?page_id=73"},"modified":"2025-11-24T20:47:06","modified_gmt":"2025-11-24T20:47:06","slug":"about-us","status":"publish","type":"page","link":"https:\/\/wibnax.com\/bs\/about-us\/","title":{"rendered":"O nama"},"content":{"rendered":"<h1 class=\"wp-block-heading\"><strong>O nama<\/strong><\/h1>\n\n\n\n<p><strong>Dobrodo\u0161li u Wibnax<\/strong> \u2013 va\u0161 kreativni prostor za istra\u017eivanje hrane, kulinarske inovacije i inspiraciju za jestive proizvode. Bez obzira da li ste strastveni kuhar, ambiciozni kuhar, entuzijasta za prehrambenu tehnologiju ili jednostavno neko ko voli kulturu hrane, Wibnax je tu da zadovolji va\u0161u znati\u017eelju.<\/p>\n\n\n\n<h2 class=\"wp-block-heading\"><strong>\u0160ta nas pokre\u0107e<\/strong><\/h2>\n\n\n\n<p>U Wibnaxu vjerujemo da je hrana vi\u0161e od samog namirnice - to je jezik, iskustvo i mo\u0107an alat za povezivanje, kreativnost i kulturni identitet. Na\u0161a misija je istra\u017eiti presjek kuhanja, tehnologije, odr\u017eivosti i kulture dijeljenjem pronicljivih \u010dlanaka, svje\u017eih ideja i prakti\u010dnih savjeta koji poti\u010du inovacije u kuhinji i \u0161ire.<\/p>\n\n\n\n<p>Zaranjamo u svijet prehrambene tehnologije, ishrane i odr\u017eivih praksi u stalnom razvoju, pokazuju\u0107i kako moderni alati, nauka i svjesni izbori oblikuju budu\u0107nost onoga \u0161to jedemo. Slavimo kulinarsku ma\u0161tu i cilj nam je inspirisati \u010ditatelje da eksperimenti\u0161u, u\u010de, istra\u017euju tradicije hrane i razmi\u0161ljaju druga\u010dije o prehrambenim sistemima oko nas.<\/p>\n\n\n\n<h2 class=\"wp-block-heading\"><strong>Ko smo mi<\/strong><\/h2>\n\n\n\n<p>Mi smo kolektiv ljubitelja hrane, digitalnih mislilaca, kulinarskih istra\u017eiva\u010da i kreativnih pisaca koji vjeruju da sadr\u017eaj o hrani treba biti promi\u0161ljen, zanimljiv i pomicati granice. Wibnax je nastao iz \u017eelje da se spoji pripovijedanje sa naukom, umjetnost sa apetitom - \u010dine\u0107i svaki \u010dlanak putovanjem u okus, kulturu, tehnologiju i zna\u010denje.<\/p>\n\n\n\n<p>Bez obzira da li analiziramo trendove u hrani, otkrivamo globalne na\u010dine ishrane, dijelimo uvide u ishranu, istra\u017eujemo kuhinjske tehnike ili istra\u017eujemo inovacije koje transformi\u0161u na\u010din proizvodnje i u\u017eivanja hrane, na\u0161 cilj je da pru\u017eimo sadr\u017eaj koji je jednako ukusan i podsti\u010de na razmi\u0161ljanje koliko i probavljiv.<\/p>\n\n\n\n<h2 class=\"wp-block-heading\"><strong>Uklju\u010dite se<\/strong><\/h2>\n\n\n\n<p>Imate recept koji kr\u0161i pravila? Otkri\u0107e u prehrambenoj tehnologiji? Tradiciju koju \u017eelite podijeliti? Savjet za odr\u017eivost ili pri\u010du koju \u017eelite ispri\u010dati? Voljeli bismo \u010duti va\u0161e mi\u0161ljenje. Wibnax napreduje zahvaljuju\u0107i glasovima zajednice i razli\u010ditim perspektivama - jer sjajne ideje mogu do\u0107i odakle god.<\/p>\n\n\n\n<p>Istra\u017eimo svijet hrane zajedno \u2014 jedna objava, jedan zalogaj, jedna ideja po jedna.<\/p>","protected":false},"excerpt":{"rendered":"<p>About Us Welcome to Wibnax \u2013 your creative space for food exploration, culinary innovation, and edible inspiration. Whether you\u2019re a passionate home cook, an aspiring chef, a foodtech enthusiast, or simply someone who loves food culture, Wibnax is here to feed your curiosity. What drives us At Wibnax, we believe that food is more than [&hellip;]<\/p>","protected":false},"author":198,"featured_media":0,"parent":0,"menu_order":0,"comment_status":"closed","ping_status":"closed","template":"","meta":{"footnotes":""},"_links":{"self":[{"href":"https:\/\/wibnax.com\/bs\/wp-json\/wp\/v2\/pages\/73"}],"collection":[{"href":"https:\/\/wibnax.com\/bs\/wp-json\/wp\/v2\/pages"}],"about":[{"href":"https:\/\/wibnax.com\/bs\/wp-json\/wp\/v2\/types\/page"}],"author":[{"embeddable":true,"href":"https:\/\/wibnax.com\/bs\/wp-json\/wp\/v2\/users\/198"}],"replies":[{"embeddable":true,"href":"https:\/\/wibnax.com\/bs\/wp-json\/wp\/v2\/comments?post=73"}],"version-history":[{"count":2,"href":"https:\/\/wibnax.com\/bs\/wp-json\/wp\/v2\/pages\/73\/revisions"}],"predecessor-version":[{"id":683,"href":"https:\/\/wibnax.com\/bs\/wp-json\/wp\/v2\/pages\/73\/revisions\/683"}],"wp:attachment":[{"href":"https:\/\/wibnax.com\/bs\/wp-json\/wp\/v2\/media?parent=73"}],"curies":[{"name":"wp","href":"https:\/\/api.w.org\/{rel}","templated":true}]}}